{"id":32175,"date":"2025-02-05T11:18:16","date_gmt":"2025-02-05T11:18:16","guid":{"rendered":"https:\/\/franjulia.com\/?post_type=product&#038;p=32175"},"modified":"2025-02-07T07:20:16","modified_gmt":"2025-02-07T07:20:16","slug":"kabelka-na-zips","status":"publish","type":"product","link":"https:\/\/franjulia.com\/sk\/produkt\/kabelka-na-zips\/","title":{"rendered":"Kabelka na zips"},"content":{"rendered":"","protected":false},"excerpt":{"rendered":"<p>T\u00e1to kvalitn\u00e1 ko\u017een\u00e1 kabelka na zips kombinuje nad\u010dasov\u00fd \u0161t\u00fdl s v\u00fdnimo\u010dnou odolnos\u0165ou. Vyroben\u00e9 z pr\u00e9miovej, celozrnnej ko\u017ee, m\u00e1 elegantn\u00fd dizajn s pevn\u00fdm pre\u0161\u00edvan\u00edm a hladk\u00fdm zipsom pre bezpe\u010dn\u00e9 ulo\u017eenie. Priestrann\u00fd interi\u00e9r pon\u00faka dostatok priestoru pre nevyhnutnosti, zatia\u013e \u010do m\u00e4kk\u00e1, pru\u017en\u00e1 text\u00fara sa vekom len zlep\u0161uje, v\u010faka \u010domu je v\u0161estrann\u00fdm a dlhotrvaj\u00facim doplnkom pre ka\u017ed\u00fa pr\u00edle\u017eitos\u0165.<\/p>\n","protected":false},"featured_media":31883,"template":"","meta":{"jetpack_post_was_ever_published":false},"product_brand":[],"product_cat":[131],"product_tag":[],"class_list":{"0":"post-32175","1":"product","2":"type-product","3":"status-publish","4":"has-post-thumbnail","6":"product_cat-nezaradene","8":"first","9":"instock","10":"shipping-taxable","11":"purchasable","12":"product-type-variable"},"aioseo_notices":[],"jetpack_sharing_enabled":true,"_links":{"self":[{"href":"https:\/\/franjulia.com\/sk\/wp-json\/wp\/v2\/product\/32175","targetHints":{"allow":["GET"]}}],"collection":[{"href":"https:\/\/franjulia.com\/sk\/wp-json\/wp\/v2\/product"}],"about":[{"href":"https:\/\/franjulia.com\/sk\/wp-json\/wp\/v2\/types\/product"}],"version-history":[{"count":2,"href":"https:\/\/franjulia.com\/sk\/wp-json\/wp\/v2\/product\/32175\/revisions"}],"predecessor-version":[{"id":32222,"href":"https:\/\/franjulia.com\/sk\/wp-json\/wp\/v2\/product\/32175\/revisions\/32222"}],"wp:featuredmedia":[{"embeddable":true,"href":"https:\/\/franjulia.com\/sk\/wp-json\/wp\/v2\/media\/31883"}],"wp:attachment":[{"href":"https:\/\/franjulia.com\/sk\/wp-json\/wp\/v2\/media?parent=32175"}],"wp:term":[{"taxonomy":"product_brand","embeddable":true,"href":"https:\/\/franjulia.com\/sk\/wp-json\/wp\/v2\/product_brand?post=32175"},{"taxonomy":"product_cat","embeddable":true,"href":"https:\/\/franjulia.com\/sk\/wp-json\/wp\/v2\/product_cat?post=32175"},{"taxonomy":"product_tag","embeddable":true,"href":"https:\/\/franjulia.com\/sk\/wp-json\/wp\/v2\/product_tag?post=32175"}],"curies":[{"name":"wp","href":"https:\/\/api.w.org\/{rel}","templated":true}]}}