{"id":32084,"date":"2025-02-05T09:53:15","date_gmt":"2025-02-05T09:53:15","guid":{"rendered":"https:\/\/franjulia.com\/product\/zipper-wallet\/"},"modified":"2025-02-07T07:17:34","modified_gmt":"2025-02-07T07:17:34","slug":"penazenka-na-zips","status":"publish","type":"product","link":"https:\/\/franjulia.com\/sk\/produkt\/penazenka-na-zips\/","title":{"rendered":"Pe\u0148a\u017eenka na zips"},"content":{"rendered":"","protected":false},"excerpt":{"rendered":"<p>Pr\u00e9miov\u00e1 ru\u010dne vyr\u00e1ban\u00e1 pe\u0148a\u017eenka na zips Na\u0161a pe\u0148a\u017eenka na zips je vyroben\u00e1 z vysoko kvalitnej celozrnnej ko\u017ee a sp\u00e1ja odolnos\u0165 s eleganciou. Je navrhnut\u00fd na bezpe\u010dn\u00e9 ulo\u017eenie, obsahuje viacero slotov na karty, priestrann\u00fa priehradku na hotovos\u0165 a hladk\u00fd a robustn\u00fd zips, aby boli va\u0161e veci v bezpe\u010d\u00ed. Ide\u00e1lne na ka\u017edodenn\u00e9 pou\u017eitie.<\/p>\n","protected":false},"featured_media":31789,"template":"","meta":{"jetpack_post_was_ever_published":false},"product_brand":[],"product_cat":[131],"product_tag":[],"class_list":{"0":"post-32084","1":"product","2":"type-product","3":"status-publish","4":"has-post-thumbnail","6":"product_cat-nezaradene","8":"first","9":"instock","10":"shipping-taxable","11":"purchasable","12":"product-type-variable"},"aioseo_notices":[],"jetpack_sharing_enabled":true,"_links":{"self":[{"href":"https:\/\/franjulia.com\/sk\/wp-json\/wp\/v2\/product\/32084","targetHints":{"allow":["GET"]}}],"collection":[{"href":"https:\/\/franjulia.com\/sk\/wp-json\/wp\/v2\/product"}],"about":[{"href":"https:\/\/franjulia.com\/sk\/wp-json\/wp\/v2\/types\/product"}],"version-history":[{"count":1,"href":"https:\/\/franjulia.com\/sk\/wp-json\/wp\/v2\/product\/32084\/revisions"}],"predecessor-version":[{"id":32223,"href":"https:\/\/franjulia.com\/sk\/wp-json\/wp\/v2\/product\/32084\/revisions\/32223"}],"wp:featuredmedia":[{"embeddable":true,"href":"https:\/\/franjulia.com\/sk\/wp-json\/wp\/v2\/media\/31789"}],"wp:attachment":[{"href":"https:\/\/franjulia.com\/sk\/wp-json\/wp\/v2\/media?parent=32084"}],"wp:term":[{"taxonomy":"product_brand","embeddable":true,"href":"https:\/\/franjulia.com\/sk\/wp-json\/wp\/v2\/product_brand?post=32084"},{"taxonomy":"product_cat","embeddable":true,"href":"https:\/\/franjulia.com\/sk\/wp-json\/wp\/v2\/product_cat?post=32084"},{"taxonomy":"product_tag","embeddable":true,"href":"https:\/\/franjulia.com\/sk\/wp-json\/wp\/v2\/product_tag?post=32084"}],"curies":[{"name":"wp","href":"https:\/\/api.w.org\/{rel}","templated":true}]}}