{"id":32033,"date":"2025-02-05T08:22:00","date_gmt":"2025-02-05T08:22:00","guid":{"rendered":"https:\/\/franjulia.com\/product\/bifold-wallet\/"},"modified":"2025-02-07T07:14:43","modified_gmt":"2025-02-07T07:14:43","slug":"bifold-penazenka","status":"publish","type":"product","link":"https:\/\/franjulia.com\/sk\/produkt\/bifold-penazenka\/","title":{"rendered":"Bifold pe\u0148a\u017eenka"},"content":{"rendered":"","protected":false},"excerpt":{"rendered":"<p>Vysokokvalitn\u00e1 ko\u017een\u00e1 pe\u0148a\u017eenka bifold je ru\u010dne vyroben\u00e1 z plnozrnnej ko\u017ee a pon\u00faka odolnos\u0165, eleganciu a dokonal\u00e9 spojenie \u0161t\u00fdlu a funk\u010dnosti. Je navrhnut\u00e1 na ka\u017edodenn\u00e9 pou\u017e\u00edvanie, m\u00e1 viacero priehradiek na karty, priestrann\u00fa priehradku na hotovos\u0165 a elegantn\u00fd, minimalistick\u00fd profil. Za\u017eite luxus jemn\u00e9ho remeseln\u00e9ho spracovania s pe\u0148a\u017eenkou, ktor\u00e1 \u010dasom kr\u00e1sne zostarne.<\/p>\n","protected":false},"featured_media":31630,"template":"","meta":{"jetpack_post_was_ever_published":false},"product_brand":[],"product_cat":[118],"product_tag":[],"class_list":{"0":"post-32033","1":"product","2":"type-product","3":"status-publish","4":"has-post-thumbnail","6":"product_cat-uncategorized-sk","8":"first","9":"instock","10":"shipping-taxable","11":"purchasable","12":"product-type-variable"},"aioseo_notices":[],"jetpack_sharing_enabled":true,"_links":{"self":[{"href":"https:\/\/franjulia.com\/sk\/wp-json\/wp\/v2\/product\/32033","targetHints":{"allow":["GET"]}}],"collection":[{"href":"https:\/\/franjulia.com\/sk\/wp-json\/wp\/v2\/product"}],"about":[{"href":"https:\/\/franjulia.com\/sk\/wp-json\/wp\/v2\/types\/product"}],"version-history":[{"count":3,"href":"https:\/\/franjulia.com\/sk\/wp-json\/wp\/v2\/product\/32033\/revisions"}],"predecessor-version":[{"id":32221,"href":"https:\/\/franjulia.com\/sk\/wp-json\/wp\/v2\/product\/32033\/revisions\/32221"}],"wp:featuredmedia":[{"embeddable":true,"href":"https:\/\/franjulia.com\/sk\/wp-json\/wp\/v2\/media\/31630"}],"wp:attachment":[{"href":"https:\/\/franjulia.com\/sk\/wp-json\/wp\/v2\/media?parent=32033"}],"wp:term":[{"taxonomy":"product_brand","embeddable":true,"href":"https:\/\/franjulia.com\/sk\/wp-json\/wp\/v2\/product_brand?post=32033"},{"taxonomy":"product_cat","embeddable":true,"href":"https:\/\/franjulia.com\/sk\/wp-json\/wp\/v2\/product_cat?post=32033"},{"taxonomy":"product_tag","embeddable":true,"href":"https:\/\/franjulia.com\/sk\/wp-json\/wp\/v2\/product_tag?post=32033"}],"curies":[{"name":"wp","href":"https:\/\/api.w.org\/{rel}","templated":true}]}}