{"id":31403,"date":"2024-12-06T11:00:09","date_gmt":"2024-12-06T11:00:09","guid":{"rendered":"https:\/\/franjulia.com\/product\/knife-case-2\/"},"modified":"2025-04-16T17:22:53","modified_gmt":"2025-04-16T17:22:53","slug":"puzdro-na-noze","status":"publish","type":"product","link":"https:\/\/franjulia.com\/sk\/produkt\/puzdro-na-noze\/","title":{"rendered":"Puzdro na n\u00f4\u017e"},"content":{"rendered":"","protected":false},"excerpt":{"rendered":"<p>Vyrob\u00edm v\u00e1m ko\u017een\u00e9 puzdro na mieru, dokonale prisp\u00f4soben\u00e9 v\u00e1\u0161mu no\u017eu. Vyberte si preferovan\u00fa farbu, ni\u0165 a dokonca pridajte personalizovan\u00fd monogram. Pri zad\u00e1van\u00ed objedn\u00e1vky uve\u010fte do pozn\u00e1mky rozmery no\u017ea &#8211; d\u013a\u017eku, \u0161\u00edrku a hr\u00fabku.  <\/p>\n<p><strong>*NAVRHNITE SI VLASTN\u00c9 PUZDRO NA N\u00d4\u017d. VYBERTE SI KO\u017dU A NI\u0164! <\/strong><\/p>\n","protected":false},"featured_media":31351,"template":"","meta":{"jetpack_post_was_ever_published":false},"product_brand":[],"product_cat":[118],"product_tag":[],"class_list":{"0":"post-31403","1":"product","2":"type-product","3":"status-publish","4":"has-post-thumbnail","6":"product_cat-uncategorized-sk","8":"first","9":"instock","10":"shipping-taxable","11":"purchasable","12":"product-type-variable"},"aioseo_notices":[],"jetpack_sharing_enabled":true,"_links":{"self":[{"href":"https:\/\/franjulia.com\/sk\/wp-json\/wp\/v2\/product\/31403","targetHints":{"allow":["GET"]}}],"collection":[{"href":"https:\/\/franjulia.com\/sk\/wp-json\/wp\/v2\/product"}],"about":[{"href":"https:\/\/franjulia.com\/sk\/wp-json\/wp\/v2\/types\/product"}],"version-history":[{"count":3,"href":"https:\/\/franjulia.com\/sk\/wp-json\/wp\/v2\/product\/31403\/revisions"}],"predecessor-version":[{"id":33537,"href":"https:\/\/franjulia.com\/sk\/wp-json\/wp\/v2\/product\/31403\/revisions\/33537"}],"wp:featuredmedia":[{"embeddable":true,"href":"https:\/\/franjulia.com\/sk\/wp-json\/wp\/v2\/media\/31351"}],"wp:attachment":[{"href":"https:\/\/franjulia.com\/sk\/wp-json\/wp\/v2\/media?parent=31403"}],"wp:term":[{"taxonomy":"product_brand","embeddable":true,"href":"https:\/\/franjulia.com\/sk\/wp-json\/wp\/v2\/product_brand?post=31403"},{"taxonomy":"product_cat","embeddable":true,"href":"https:\/\/franjulia.com\/sk\/wp-json\/wp\/v2\/product_cat?post=31403"},{"taxonomy":"product_tag","embeddable":true,"href":"https:\/\/franjulia.com\/sk\/wp-json\/wp\/v2\/product_tag?post=31403"}],"curies":[{"name":"wp","href":"https:\/\/api.w.org\/{rel}","templated":true}]}}