{"id":30505,"date":"2024-11-21T13:51:28","date_gmt":"2024-11-21T13:51:28","guid":{"rendered":"https:\/\/franjulia.com\/product\/velka-penazenka\/"},"modified":"2025-04-16T17:22:54","modified_gmt":"2025-04-16T17:22:54","slug":"velka-penazenka","status":"publish","type":"product","link":"https:\/\/franjulia.com\/sk\/produkt\/velka-penazenka\/","title":{"rendered":"Ve\u013ek\u00e1 pe\u0148a\u017eenka"},"content":{"rendered":"","protected":false},"excerpt":{"rendered":"<p class=\"p1\">Ve\u013ek\u00e1 pe\u0148a\u017eenka franjulia je vyroben\u00e1 s ve\u013ekou starostlivos\u0165ou. Je vyroben\u00e1 z kvalitnej rastlinne \u010dinenej ko\u017ee, \u0161itej ru\u010dne. Pohodlne sa dr\u017e\u00ed v ruke, mo\u017eno do nej ulo\u017ei\u0165 mobil, hotovos\u0165, doklady a cestovn\u00fd pas.  <\/p>\n<p><strong>*NAVRHNITE SI VLASTN\u00da VE\u013dK\u00da PE\u0147A\u017dENKU. VYBERTE SI KO\u017dU A NI\u0164! <\/strong><\/p>\n","protected":false},"featured_media":31290,"template":"","meta":{"jetpack_post_was_ever_published":true},"product_brand":[],"product_cat":[118],"product_tag":[],"class_list":{"0":"post-30505","1":"product","2":"type-product","3":"status-publish","4":"has-post-thumbnail","6":"product_cat-uncategorized-sk","8":"first","9":"instock","10":"shipping-taxable","11":"purchasable","12":"product-type-variable"},"aioseo_notices":[],"jetpack_sharing_enabled":true,"_links":{"self":[{"href":"https:\/\/franjulia.com\/sk\/wp-json\/wp\/v2\/product\/30505","targetHints":{"allow":["GET"]}}],"collection":[{"href":"https:\/\/franjulia.com\/sk\/wp-json\/wp\/v2\/product"}],"about":[{"href":"https:\/\/franjulia.com\/sk\/wp-json\/wp\/v2\/types\/product"}],"version-history":[{"count":1,"href":"https:\/\/franjulia.com\/sk\/wp-json\/wp\/v2\/product\/30505\/revisions"}],"predecessor-version":[{"id":30596,"href":"https:\/\/franjulia.com\/sk\/wp-json\/wp\/v2\/product\/30505\/revisions\/30596"}],"wp:featuredmedia":[{"embeddable":true,"href":"https:\/\/franjulia.com\/sk\/wp-json\/wp\/v2\/media\/31290"}],"wp:attachment":[{"href":"https:\/\/franjulia.com\/sk\/wp-json\/wp\/v2\/media?parent=30505"}],"wp:term":[{"taxonomy":"product_brand","embeddable":true,"href":"https:\/\/franjulia.com\/sk\/wp-json\/wp\/v2\/product_brand?post=30505"},{"taxonomy":"product_cat","embeddable":true,"href":"https:\/\/franjulia.com\/sk\/wp-json\/wp\/v2\/product_cat?post=30505"},{"taxonomy":"product_tag","embeddable":true,"href":"https:\/\/franjulia.com\/sk\/wp-json\/wp\/v2\/product_tag?post=30505"}],"curies":[{"name":"wp","href":"https:\/\/api.w.org\/{rel}","templated":true}]}}