{"id":30387,"date":"2024-11-21T13:49:03","date_gmt":"2024-11-21T13:49:03","guid":{"rendered":"https:\/\/franjulia.com\/product\/mala-penazenka\/"},"modified":"2025-04-16T17:22:53","modified_gmt":"2025-04-16T17:22:53","slug":"mala-penazenka","status":"publish","type":"product","link":"https:\/\/franjulia.com\/sk\/produkt\/mala-penazenka\/","title":{"rendered":"Mal\u00e1 pe\u0148a\u017eenka"},"content":{"rendered":"","protected":false},"excerpt":{"rendered":"<p class=\"p1\">Mal\u00e1 pe\u0148a\u017eenka franjulia je vyroben\u00e1 s ve\u013ekou starostlivos\u0165ou. Je vyroben\u00e1 z kvalitnej rastlinne \u010dinenej ko\u017ee, \u0161itej ru\u010dne. Je mal\u00e1, \u0161t\u00fdlov\u00e1, \u013eahko sa zmest\u00ed do vrecka alebo ta\u0161ky. Vhodn\u00e1 na ulo\u017eenie 6 kariet a hotovosti.   <\/p>\n<p><strong>*NAVRHNITE SI VLASTN\u00da MAL\u00da PE\u0147A\u017dENKU. VYBERTE SI KO\u017dU A NI\u0164! <\/strong><\/p>\n","protected":false},"featured_media":31287,"template":"","meta":{"jetpack_post_was_ever_published":true},"product_brand":[],"product_cat":[118],"product_tag":[],"class_list":{"0":"post-30387","1":"product","2":"type-product","3":"status-publish","4":"has-post-thumbnail","6":"product_cat-uncategorized-sk","8":"first","9":"instock","10":"shipping-taxable","11":"purchasable","12":"product-type-variable"},"aioseo_notices":[],"jetpack_sharing_enabled":true,"_links":{"self":[{"href":"https:\/\/franjulia.com\/sk\/wp-json\/wp\/v2\/product\/30387","targetHints":{"allow":["GET"]}}],"collection":[{"href":"https:\/\/franjulia.com\/sk\/wp-json\/wp\/v2\/product"}],"about":[{"href":"https:\/\/franjulia.com\/sk\/wp-json\/wp\/v2\/types\/product"}],"version-history":[{"count":1,"href":"https:\/\/franjulia.com\/sk\/wp-json\/wp\/v2\/product\/30387\/revisions"}],"predecessor-version":[{"id":30473,"href":"https:\/\/franjulia.com\/sk\/wp-json\/wp\/v2\/product\/30387\/revisions\/30473"}],"wp:featuredmedia":[{"embeddable":true,"href":"https:\/\/franjulia.com\/sk\/wp-json\/wp\/v2\/media\/31287"}],"wp:attachment":[{"href":"https:\/\/franjulia.com\/sk\/wp-json\/wp\/v2\/media?parent=30387"}],"wp:term":[{"taxonomy":"product_brand","embeddable":true,"href":"https:\/\/franjulia.com\/sk\/wp-json\/wp\/v2\/product_brand?post=30387"},{"taxonomy":"product_cat","embeddable":true,"href":"https:\/\/franjulia.com\/sk\/wp-json\/wp\/v2\/product_cat?post=30387"},{"taxonomy":"product_tag","embeddable":true,"href":"https:\/\/franjulia.com\/sk\/wp-json\/wp\/v2\/product_tag?post=30387"}],"curies":[{"name":"wp","href":"https:\/\/api.w.org\/{rel}","templated":true}]}}