{"id":30318,"date":"2024-11-21T13:54:37","date_gmt":"2024-11-21T13:54:37","guid":{"rendered":"https:\/\/franjulia.com\/product\/puzdro-na-pas\/"},"modified":"2025-04-16T17:22:51","modified_gmt":"2025-04-16T17:22:51","slug":"puzdro-na-pas","status":"publish","type":"product","link":"https:\/\/franjulia.com\/sk\/produkt\/puzdro-na-pas\/","title":{"rendered":"Puzdro na pas"},"content":{"rendered":"","protected":false},"excerpt":{"rendered":"<p>Uchov\u00e1vajte svoj pas v bezpe\u010d\u00ed a \u0161t\u00fdlovo s na\u0161\u00edm ru\u010dne vyroben\u00fdm ko\u017een\u00fdm puzdrom na pas. Je vyroben\u00e9 z prvotriednej ko\u017ee a je navrhnut\u00e9 tak, aby chr\u00e1nilo va\u0161e z\u00e1kladn\u00e9 cestovn\u00e9 dokumenty a z\u00e1rove\u0148 vy\u017earovalo nad\u010dasov\u00fa eleganciu. <\/p>\n<p><strong>*NAVRHNITE SI VLASTN\u00c9 PUZDRO NA PAS. VYBERTE SI KO\u017dU A NI\u0164! <\/strong><\/p>\n","protected":false},"featured_media":31248,"template":"","meta":{"jetpack_post_was_ever_published":true},"product_brand":[],"product_cat":[118],"product_tag":[],"class_list":{"0":"post-30318","1":"product","2":"type-product","3":"status-publish","4":"has-post-thumbnail","6":"product_cat-uncategorized-sk","8":"first","9":"instock","10":"shipping-taxable","11":"purchasable","12":"product-type-variable"},"aioseo_notices":[],"jetpack_sharing_enabled":true,"_links":{"self":[{"href":"https:\/\/franjulia.com\/sk\/wp-json\/wp\/v2\/product\/30318","targetHints":{"allow":["GET"]}}],"collection":[{"href":"https:\/\/franjulia.com\/sk\/wp-json\/wp\/v2\/product"}],"about":[{"href":"https:\/\/franjulia.com\/sk\/wp-json\/wp\/v2\/types\/product"}],"version-history":[{"count":2,"href":"https:\/\/franjulia.com\/sk\/wp-json\/wp\/v2\/product\/30318\/revisions"}],"predecessor-version":[{"id":31197,"href":"https:\/\/franjulia.com\/sk\/wp-json\/wp\/v2\/product\/30318\/revisions\/31197"}],"wp:featuredmedia":[{"embeddable":true,"href":"https:\/\/franjulia.com\/sk\/wp-json\/wp\/v2\/media\/31248"}],"wp:attachment":[{"href":"https:\/\/franjulia.com\/sk\/wp-json\/wp\/v2\/media?parent=30318"}],"wp:term":[{"taxonomy":"product_brand","embeddable":true,"href":"https:\/\/franjulia.com\/sk\/wp-json\/wp\/v2\/product_brand?post=30318"},{"taxonomy":"product_cat","embeddable":true,"href":"https:\/\/franjulia.com\/sk\/wp-json\/wp\/v2\/product_cat?post=30318"},{"taxonomy":"product_tag","embeddable":true,"href":"https:\/\/franjulia.com\/sk\/wp-json\/wp\/v2\/product_tag?post=30318"}],"curies":[{"name":"wp","href":"https:\/\/api.w.org\/{rel}","templated":true}]}}