{"id":30253,"date":"2021-10-12T15:51:09","date_gmt":"2021-10-12T15:51:09","guid":{"rendered":"https:\/\/franjulia.com\/o-stranke\/"},"modified":"2024-12-05T11:37:28","modified_gmt":"2024-12-05T11:37:28","slug":"o-mne","status":"publish","type":"page","link":"https:\/\/franjulia.com\/sk\/o-mne\/","title":{"rendered":"O mne"},"content":{"rendered":"\t\t<div data-elementor-type=\"wp-page\" data-elementor-id=\"30253\" class=\"elementor elementor-30253 elementor-4400\" data-elementor-post-type=\"page\">\n\t\t\t\t<div class=\"wd-negative-gap elementor-element elementor-element-7c7c544 e-flex e-con-boxed e-con e-parent\" data-id=\"7c7c544\" data-element_type=\"container\" data-e-type=\"container\">\n\t\t\t\t\t<div class=\"e-con-inner\">\n\t\t<div class=\"elementor-element elementor-element-e7cb5cd e-con-full e-flex e-con e-child\" data-id=\"e7cb5cd\" data-element_type=\"container\" data-e-type=\"container\">\n\t\t\t\t<div class=\"elementor-element elementor-element-56aec39 elementor-widget elementor-widget-wd_image_or_svg\" data-id=\"56aec39\" data-element_type=\"widget\" data-e-type=\"widget\" data-widget_type=\"wd_image_or_svg.default\">\n\t\t\t\t<div class=\"elementor-widget-container\">\n\t\t\t\t\t\n\t\t<div class=\"wd-image text-left\">\n\t\t\t\t\t\t\t\t<img loading=\"lazy\" decoding=\"async\" width=\"1500\" height=\"1000\" src=\"https:\/\/franjulia.com\/wp-content\/uploads\/2024\/11\/download-67-1.jpeg\" class=\"attachment-full size-full\" alt=\"Franjulia\" srcset=\"https:\/\/franjulia.com\/wp-content\/uploads\/2024\/11\/download-67-1.jpeg 1500w, https:\/\/franjulia.com\/wp-content\/uploads\/2024\/11\/download-67-1-430x287.jpeg 430w, https:\/\/franjulia.com\/wp-content\/uploads\/2024\/11\/download-67-1-150x100.jpeg 150w, https:\/\/franjulia.com\/wp-content\/uploads\/2024\/11\/download-67-1-700x467.jpeg 700w, https:\/\/franjulia.com\/wp-content\/uploads\/2024\/11\/download-67-1-400x267.jpeg 400w, https:\/\/franjulia.com\/wp-content\/uploads\/2024\/11\/download-67-1-1200x800.jpeg 1200w, https:\/\/franjulia.com\/wp-content\/uploads\/2024\/11\/download-67-1-768x512.jpeg 768w\" sizes=\"auto, (max-width: 1500px) 100vw, 1500px\" \/>\t\t\t\t\t<\/div>\n\n\t\t\t\t\t\t<\/div>\n\t\t\t\t<\/div>\n\t\t\t\t<\/div>\n\t\t<div class=\"elementor-element elementor-element-97d6084 e-con-full e-flex e-con e-child\" data-id=\"97d6084\" data-element_type=\"container\" data-e-type=\"container\">\n\t\t\t\t<div class=\"elementor-element elementor-element-98d830b elementor-widget__width-initial wd-width-100 elementor-widget elementor-widget-wd_title\" data-id=\"98d830b\" data-element_type=\"widget\" data-e-type=\"widget\" data-widget_type=\"wd_title.default\">\n\t\t\t\t<div class=\"elementor-widget-container\">\n\t\t\t\t\t\t\t<div class=\"title-wrapper wd-set-mb reset-last-child wd-title-color-primary wd-title-style-default wd-title-size-large text-left\">\n\n\t\t\t\n\t\t\t<div class=\"liner-continer\">\n\t\t\t\t<h4 class=\"woodmart-title-container title wd-fontsize-xxl\">Pr\u00edbeh Franjulia<\/h4> \n\t\t\t\t\t\t\t<\/div>\n\n\t\t\t\t\t\t\t<div class=\"title-after_title reset-last-child wd-fontsize-s\">\n\t\t\t\t\t<p>Pr\u00edbeh Franjulie sa za\u010dal pred \u0161tyrmi rokmi, ale jeho korene siahaj\u00fa a\u017e do m\u00f4jho detstva, ke\u010f sa v dielni mojich star\u00fdch rodi\u010dov zrodili semienka l\u00e1sky k remeslu.<span class=\"Apple-converted-space\"> <\/span><\/p>\t\t\t\t<\/div>\n\t\t\t\t\t<\/div>\n\t\t\t\t\t\t<\/div>\n\t\t\t\t<\/div>\n\t\t\t\t<div class=\"elementor-element elementor-element-66e47ad elementor-widget elementor-widget-wd_text_block\" data-id=\"66e47ad\" data-element_type=\"widget\" data-e-type=\"widget\" data-widget_type=\"wd_text_block.default\">\n\t\t\t\t<div class=\"elementor-widget-container\">\n\t\t\t\t\t\t\t<div class=\"wd-text-block reset-last-child text-left\">\n\t\t\t\n\t\t\t<p class=\"p1\">M\u00f4j star\u00fd otec bol majstrom na s\u00fastruhu a ja som od detstva tr\u00e1vil nespo\u010detn\u00e9 popoludnia v jeho dielni, o\u010daren\u00fd k\u00fazlami, ktor\u00e9 dok\u00e1zal vytvori\u0165 svojimi dvoma rukami. Jeho ruky dok\u00e1zali premeni\u0165 surov\u00e9, beztvar\u00e9 drevo na elegantn\u00e9 predmety, ktor\u00e9 akoby o\u017eili. Pom\u00e1hala som mu, kedyko\u013evek som mohla, zametala som piliny, pod\u00e1vala n\u00e1stroje a ticho som vn\u00edmala ka\u017ed\u00fd pohyb, ka\u017ed\u00e9 gesto. Moja star\u00e1 mama nebola o ni\u010d men\u0161ia umelky\u0148a.   <\/p>\n\t\t\t\t\t<\/div>\n\t\t\t\t\t\t<\/div>\n\t\t\t\t<\/div>\n\t\t\t\t<\/div>\n\t\t\t\t\t<\/div>\n\t\t\t\t<\/div>\n\t\t<div class=\"wd-negative-gap elementor-element elementor-element-de86a87 e-flex e-con-boxed e-con e-parent\" data-id=\"de86a87\" data-element_type=\"container\" data-e-type=\"container\">\n\t\t\t\t\t<div class=\"e-con-inner\">\n\t\t<div class=\"elementor-element elementor-element-8d75fb3 e-con-full e-flex e-con e-child\" data-id=\"8d75fb3\" data-element_type=\"container\" data-e-type=\"container\">\n\t\t\t\t<div class=\"elementor-element elementor-element-d2ad54d elementor-widget elementor-widget-wd_text_block\" data-id=\"d2ad54d\" data-element_type=\"widget\" data-e-type=\"widget\" data-widget_type=\"wd_text_block.default\">\n\t\t\t\t<div class=\"elementor-widget-container\">\n\t\t\t\t\t\t\t<div class=\"wd-text-block reset-last-child text-left\">\n\t\t\t\n\t\t\t<p class=\"p1\">Mala jemn\u00fd dotyk s ihlou a bola to ona, kto ma nau\u010dil vy\u0161\u00edva\u0165. Jej prsty tancovali po l\u00e1tke a vytv\u00e1rali zlo\u017eit\u00e9 vzory, ktor\u00e9 hovorili o trad\u00edcii a kr\u00e1se.   <br>Rovnako ako m\u00f4j star\u00fd otec, aj ona rada tvorila - \u010di u\u017e \u0161ila, tkala alebo vy\u0161\u00edvala, jej ruky boli v\u017edy zamestnan\u00e9 nejakou formou umenia. Sed\u00e1vala som ved\u013ea nej, \u0161ila a c\u00edtila obrovsk\u00fa rados\u0165 a zmysel, ke\u010f som zo\u0161\u00edvala svoje vlastn\u00e9 mal\u00e9 v\u00fdtvory. Tieto tich\u00e9 chv\u00edle s \u0148ou boli naplnen\u00e9 l\u00e1skou, trpezlivos\u0165ou a jednoduchou rados\u0165ou z toho, \u017ee z ni\u010doho vytvorila nie\u010do kr\u00e1sne.  <\/p><p class=\"p1\">N\u00e1zov \"Franjulia\" vznikol z v\u010fa\u010dnosti za nich - mojich star\u00fdch rodi\u010dov, pilierov m\u00f4jho detstva, ktor\u00ed mi odovzdali svoju v\u00e1\u0161e\u0148 pre remeslo. Chcela som, aby ich odkaz, ich l\u00e1ska k tvorbe vlastn\u00fdmi rukami, \u017eila \u010falej vo v\u0161etkom, \u010do vyr\u00e1bam. A\u017e pred piatimi rokmi som sa v\u0161ak prv\u00fdkr\u00e1t stretol s rastlinne \u010dinenou ko\u017eou.   <\/p>\n\t\t\t\t\t<\/div>\n\t\t\t\t\t\t<\/div>\n\t\t\t\t<\/div>\n\t\t\t\t<\/div>\n\t\t<div class=\"elementor-element elementor-element-c708712 e-con-full e-flex e-con e-child\" data-id=\"c708712\" data-element_type=\"container\" data-e-type=\"container\">\n\t\t\t\t<div class=\"elementor-element elementor-element-ec03734 wd-width-100 elementor-widget elementor-widget-wd_images_gallery\" data-id=\"ec03734\" data-element_type=\"widget\" data-e-type=\"widget\" data-widget_type=\"wd_images_gallery.default\">\n\t\t\t\t<div class=\"elementor-widget-container\">\n\t\t\t\t\t\t\t<div class=\"wd-images-gallery photoswipe-images\" style=\"--wd-align-items:center; --wd-justify-content:center;\">\n\t\t\t\t\t\t<div class=\"wd-grid-g\" style=\"--wd-col-lg:1;--wd-col-md:1;--wd-col-sm:1;--wd-gap-lg:0px;\" >\n\t\t\t\t\t\t\t\t\t\t\t\t\t\t\t\t\t\t<div class=\"wd-gallery-item wd-col\">\n\t\t\t\t\t\t\t\t\t\t\t\t\t<a  href=\"https:\/\/franjulia.com\/wp-content\/uploads\/2024\/11\/download-54.jpeg\" data-width=\"1500\" data-height=\"1000\" data-index=\"1\" data-elementor-open-lightbox=\"no\">\n\t\t\t\t\t\t\n\t\t\t\t\t\t<img loading=\"lazy\" decoding=\"async\" width=\"1200\" height=\"800\" src=\"https:\/\/franjulia.com\/wp-content\/uploads\/2024\/11\/download-54-1200x800.jpeg\" class=\"attachment-large size-large\" alt=\"leather workshop\" srcset=\"https:\/\/franjulia.com\/wp-content\/uploads\/2024\/11\/download-54-1200x800.jpeg 1200w, https:\/\/franjulia.com\/wp-content\/uploads\/2024\/11\/download-54-430x287.jpeg 430w, https:\/\/franjulia.com\/wp-content\/uploads\/2024\/11\/download-54-150x100.jpeg 150w, https:\/\/franjulia.com\/wp-content\/uploads\/2024\/11\/download-54-700x467.jpeg 700w, https:\/\/franjulia.com\/wp-content\/uploads\/2024\/11\/download-54-400x267.jpeg 400w, https:\/\/franjulia.com\/wp-content\/uploads\/2024\/11\/download-54-768x512.jpeg 768w, https:\/\/franjulia.com\/wp-content\/uploads\/2024\/11\/download-54.jpeg 1500w\" sizes=\"auto, (max-width: 1200px) 100vw, 1200px\" \/>\n\t\t\t\t\t\t\t\t\t\t\t\t\t<\/a>\n\t\t\t\t\t\t\t\t\t\t\t<\/div>\n\t\t\t\t\t\t\t\t\t\t\t\t\t<\/div>\n\t\t\t\t\t<\/div>\n\t\t\t\t\t\t<\/div>\n\t\t\t\t<\/div>\n\t\t\t\t<\/div>\n\t\t\t\t\t<\/div>\n\t\t\t\t<\/div>\n\t\t<div class=\"wd-negative-gap elementor-element elementor-element-7b3557d e-flex e-con-boxed e-con e-parent\" data-id=\"7b3557d\" data-element_type=\"container\" data-e-type=\"container\">\n\t\t\t\t\t<div class=\"e-con-inner\">\n\t\t\t\t<div class=\"elementor-element elementor-element-9f5da06 elementor-widget elementor-widget-wd_text_block\" data-id=\"9f5da06\" data-element_type=\"widget\" data-e-type=\"widget\" data-widget_type=\"wd_text_block.default\">\n\t\t\t\t<div class=\"elementor-widget-container\">\n\t\t\t\t\t\t\t<div class=\"wd-text-block reset-last-child text-left\">\n\t\t\t\n\t\t\t<p class=\"p1\">T\u00e1 v\u00f4\u0148a - bohat\u00e1 a zemit\u00e1 - vo mne vyvol\u00e1vala rovnak\u00fd pocit \u00fa\u017easu ako v dielni m\u00f4jho star\u00e9ho otca. Bola to l\u00e1ska na prv\u00fd poh\u013ead, ale viac ne\u017e to som si zamiloval samotn\u00fd materi\u00e1l. Ko\u017ea je rovnako ako drevo nad\u010dasov\u00e1. M\u00e1 schopnos\u0165 nies\u0165 v sebe pr\u00edbehy, elegantne starne s ka\u017edou stopou, ka\u017ed\u00fdm z\u00e1hybom, svedectvom o \u017eivote, ktor\u00fd pre\u017eila. Ko\u017eiarstvo ma pri\u0165ahovalo nielen pre svoju kr\u00e1su, ale aj pre prec\u00edznos\u0165, ktor\u00fa si vy\u017eadovalo. Mnoh\u00ed \u013eudia si neuvedomuj\u00fa, ak\u00fa starostlivos\u0165 a trpezlivos\u0165 si vy\u017eaduje vytvori\u0165 nie\u010do z ko\u017ee. Ka\u017ed\u00fd strih, ka\u017ed\u00fd steh mus\u00ed by\u0165 presn\u00fd. Sta\u010d\u00ed jedno po\u0161myknutie \u010depele, chv\u00ed\u013eka nepozornosti a m\u00f4\u017eete zni\u010di\u0165 cel\u00fd kus, \u010do v\u00e1s prin\u00fati za\u010da\u0165 od za\u010diatku. Je to forma umenia, ktor\u00e1 si vy\u017eaduje s\u00fastredenie a oddanos\u0165 - vlastnosti, ktor\u00e9 mi star\u00ed rodi\u010dia v\u0161tepovali od \u00fatleho veku. Neexistuje \u017eiadna \u010das\u0165 procesu spracovania ko\u017ee, ktor\u00fa by som nemal r\u00e1d.           <br><br>Od v\u00fdberu dokonalej ko\u017ee a\u017e po ru\u010dn\u00e9 \u0161itie posledn\u00fdch detailov je ka\u017ed\u00fd krok ako rozhovor s materi\u00e1lom. Je to remeslo, ktor\u00e9 v\u00e1s nau\u010d\u00ed trpezlivosti, re\u0161pektu a hlbok\u00e9mu pochopeniu kr\u00e1sy nedokonalosti. Ko\u017ea, rovnako ako \u017eivot, nem\u00e1 by\u0165 bezchybn\u00e1. Jej \u010daro spo\u010d\u00edva v jedine\u010dn\u00fdch znakoch, stop\u00e1ch \u010dasu a pou\u017e\u00edvania, ktor\u00e9 robia ka\u017ed\u00fd kus jedine\u010dn\u00fdm. Teraz, po \u0161tyroch rokoch existencie spolo\u010dnosti Franjulia, nesiem odkaz svojich star\u00fdch rodi\u010dov so sebou v ka\u017edom v\u00fdrobku, ktor\u00fd vytvor\u00edm. Moje ruky, rovnako ako ich ruky, tvaruj\u00fa a formuj\u00fa, \u0161ij\u00fa a \u0161ij\u00fa a menia jednoduch\u00e9 materi\u00e1ly na trval\u00e9 poklady. Ka\u017ed\u00e1 pe\u0148a\u017eenka, ktor\u00fa vyrob\u00edm, rozpr\u00e1va pr\u00edbeh - o trad\u00edcii, <br>o l\u00e1ske, o nad\u010dasovej kr\u00e1se, ktor\u00fa mo\u017eno vytvori\u0165 dvoma rukami. Franjulia je viac ne\u017e len zna\u010dka; je to pocta remeseln\u00e9mu umeniu, ktor\u00e9 sa odovzd\u00e1va z gener\u00e1cie na gener\u00e1ciu. Je pripomienkou toho, \u017ee skuto\u010dn\u00e1 kr\u00e1sa nespo\u010d\u00edva v dokonalosti, ale v starostlivosti, pozornosti a l\u00e1ske vlo\u017eenej do ka\u017ed\u00e9ho v\u00fdtvoru.          <br>A ka\u017ed\u00fdm dielom si uctievam pamiatku dvoch \u013eud\u00ed, ktor\u00ed ma nau\u010dili tvori\u0165, milova\u0165 a \u017ei\u0165 s rukami a srdcom plne zapojen\u00fdmi do pr\u00e1ce, ktor\u00fa rob\u00edm.<\/p>\n\t\t\t\t\t<\/div>\n\t\t\t\t\t\t<\/div>\n\t\t\t\t<\/div>\n\t\t\t\t<div class=\"elementor-element elementor-element-100b28e elementor-widget elementor-widget-spacer\" data-id=\"100b28e\" data-element_type=\"widget\" data-e-type=\"widget\" data-widget_type=\"spacer.default\">\n\t\t\t\t<div class=\"elementor-widget-container\">\n\t\t\t\t\t\t\t<div class=\"elementor-spacer\">\n\t\t\t<div class=\"elementor-spacer-inner\"><\/div>\n\t\t<\/div>\n\t\t\t\t\t\t<\/div>\n\t\t\t\t<\/div>\n\t\t\t\t\t<\/div>\n\t\t\t\t<\/div>\n\t\t<div class=\"wd-negative-gap elementor-element elementor-element-f168c0a e-flex e-con-boxed e-con e-parent\" data-id=\"f168c0a\" data-element_type=\"container\" data-e-type=\"container\">\n\t\t\t\t\t<div class=\"e-con-inner\">\n\t\t<div class=\"elementor-element elementor-element-5642404 e-con-full e-flex e-con e-child\" data-id=\"5642404\" data-element_type=\"container\" data-e-type=\"container\">\n\t\t\t\t<div class=\"elementor-element elementor-element-6cf5219 wd-width-100 elementor-widget elementor-widget-wd_video\" data-id=\"6cf5219\" data-element_type=\"widget\" data-e-type=\"widget\" data-widget_type=\"wd_video.default\">\n\t\t\t\t<div class=\"elementor-widget-container\">\n\t\t\t\t\t\n\t\t<div class=\"wd-el-video wd-action-overlay wd-video-youtube wd-with-aspect-ratio wd-lightbox\">\n\t\t\t\n\t\t\t\n\t\t\t\n\t\t\t\t\t\t\t<div class=\"wd-el-video-overlay wd-fill\">\n\t\t\t\t\t<img loading=\"lazy\" decoding=\"async\" width=\"1500\" height=\"1000\" src=\"https:\/\/franjulia.com\/wp-content\/uploads\/2024\/11\/leather-camel-wallet.jpeg\" class=\"attachment-full size-full\" alt=\"\" srcset=\"https:\/\/franjulia.com\/wp-content\/uploads\/2024\/11\/leather-camel-wallet.jpeg 1500w, https:\/\/franjulia.com\/wp-content\/uploads\/2024\/11\/leather-camel-wallet-430x287.jpeg 430w, https:\/\/franjulia.com\/wp-content\/uploads\/2024\/11\/leather-camel-wallet-150x100.jpeg 150w, https:\/\/franjulia.com\/wp-content\/uploads\/2024\/11\/leather-camel-wallet-700x467.jpeg 700w, https:\/\/franjulia.com\/wp-content\/uploads\/2024\/11\/leather-camel-wallet-400x267.jpeg 400w, https:\/\/franjulia.com\/wp-content\/uploads\/2024\/11\/leather-camel-wallet-1200x800.jpeg 1200w, https:\/\/franjulia.com\/wp-content\/uploads\/2024\/11\/leather-camel-wallet-768x512.jpeg 768w\" sizes=\"auto, (max-width: 1500px) 100vw, 1500px\" \/>\t\t\t\t<\/div>\n\t\t\t\t<div class=\"wd-el-video-control color-scheme-light wd-fill\">\n\t\t\t\t\t<span class=\"wd-el-video-play-btn\"><\/span>\n\t\t\t\t\t\t\t\t\t<\/div>\n\n\t\t\t\t<a class=\"wd-el-video-link wd-el-video-btn-overlay wd-fill wd-el-video-lightbox\" href=\"https:\/\/www.youtube.com\/watch?v=DutBb8ligWw\" aria-label=\"Play video\"><\/a>\n\t\t\t\t\t<\/div>\n\t\t\t\t\t\t<\/div>\n\t\t\t\t<\/div>\n\t\t\t\t<\/div>\n\t\t<div class=\"elementor-element elementor-element-b67633c e-con-full e-flex e-con e-child\" data-id=\"b67633c\" data-element_type=\"container\" data-e-type=\"container\">\n\t\t\t\t<div class=\"elementor-element elementor-element-fbc0b44 wd-width-100 elementor-widget elementor-widget-wd_video\" data-id=\"fbc0b44\" data-element_type=\"widget\" data-e-type=\"widget\" data-widget_type=\"wd_video.default\">\n\t\t\t\t<div class=\"elementor-widget-container\">\n\t\t\t\t\t\n\t\t<div class=\"wd-el-video wd-action-overlay wd-video-youtube wd-with-aspect-ratio wd-lightbox\">\n\t\t\t\n\t\t\t\n\t\t\t\n\t\t\t\t\t\t\t<div class=\"wd-el-video-overlay wd-fill\">\n\t\t\t\t\t<img loading=\"lazy\" decoding=\"async\" width=\"1500\" height=\"1000\" src=\"https:\/\/franjulia.com\/wp-content\/uploads\/2024\/11\/download-52.jpeg\" class=\"attachment-full size-full\" alt=\"\" srcset=\"https:\/\/franjulia.com\/wp-content\/uploads\/2024\/11\/download-52.jpeg 1500w, https:\/\/franjulia.com\/wp-content\/uploads\/2024\/11\/download-52-430x287.jpeg 430w, https:\/\/franjulia.com\/wp-content\/uploads\/2024\/11\/download-52-150x100.jpeg 150w, https:\/\/franjulia.com\/wp-content\/uploads\/2024\/11\/download-52-700x467.jpeg 700w, https:\/\/franjulia.com\/wp-content\/uploads\/2024\/11\/download-52-400x267.jpeg 400w, https:\/\/franjulia.com\/wp-content\/uploads\/2024\/11\/download-52-1200x800.jpeg 1200w, https:\/\/franjulia.com\/wp-content\/uploads\/2024\/11\/download-52-768x512.jpeg 768w\" sizes=\"auto, (max-width: 1500px) 100vw, 1500px\" \/>\t\t\t\t<\/div>\n\t\t\t\t<div class=\"wd-el-video-control color-scheme-light wd-fill\">\n\t\t\t\t\t<span class=\"wd-el-video-play-btn\"><\/span>\n\t\t\t\t\t\t\t\t\t<\/div>\n\n\t\t\t\t<a class=\"wd-el-video-link wd-el-video-btn-overlay wd-fill wd-el-video-lightbox\" href=\"https:\/\/www.youtube.com\/watch?v=u0lt9CmvQW8\" aria-label=\"Play video\"><\/a>\n\t\t\t\t\t<\/div>\n\t\t\t\t\t\t<\/div>\n\t\t\t\t<\/div>\n\t\t\t\t<\/div>\n\t\t\t\t\t<\/div>\n\t\t\t\t<\/div>\n\t\t\t\t<\/div>\n\t\t","protected":false},"excerpt":{"rendered":"<p>Pr\u00edbeh Franjulia Pr\u00edbeh Franjulie sa za\u010dal pred \u0161tyrmi rokmi, ale jeho korene siahaj\u00fa a\u017e do m\u00f4jho detstva, ke\u010f sa v<\/p>\n","protected":false},"author":1,"featured_media":0,"parent":0,"menu_order":0,"comment_status":"closed","ping_status":"closed","template":"","meta":{"jetpack_post_was_ever_published":true,"footnotes":""},"class_list":["post-30253","page","type-page","status-publish","hentry"],"aioseo_notices":[],"jetpack_sharing_enabled":true,"_links":{"self":[{"href":"https:\/\/franjulia.com\/sk\/wp-json\/wp\/v2\/pages\/30253","targetHints":{"allow":["GET"]}}],"collection":[{"href":"https:\/\/franjulia.com\/sk\/wp-json\/wp\/v2\/pages"}],"about":[{"href":"https:\/\/franjulia.com\/sk\/wp-json\/wp\/v2\/types\/page"}],"author":[{"embeddable":true,"href":"https:\/\/franjulia.com\/sk\/wp-json\/wp\/v2\/users\/1"}],"replies":[{"embeddable":true,"href":"https:\/\/franjulia.com\/sk\/wp-json\/wp\/v2\/comments?post=30253"}],"version-history":[{"count":9,"href":"https:\/\/franjulia.com\/sk\/wp-json\/wp\/v2\/pages\/30253\/revisions"}],"predecessor-version":[{"id":31221,"href":"https:\/\/franjulia.com\/sk\/wp-json\/wp\/v2\/pages\/30253\/revisions\/31221"}],"wp:attachment":[{"href":"https:\/\/franjulia.com\/sk\/wp-json\/wp\/v2\/media?parent=30253"}],"curies":[{"name":"wp","href":"https:\/\/api.w.org\/{rel}","templated":true}]}}