{"id":30248,"date":"2024-11-20T19:12:43","date_gmt":"2024-11-20T19:12:43","guid":{"rendered":"https:\/\/franjulia.com\/materialy\/"},"modified":"2024-12-03T09:34:22","modified_gmt":"2024-12-03T09:34:22","slug":"materialy","status":"publish","type":"page","link":"https:\/\/franjulia.com\/sk\/materialy\/","title":{"rendered":"Materi\u00e1ly"},"content":{"rendered":"\t\t<div data-elementor-type=\"wp-page\" data-elementor-id=\"30248\" class=\"elementor elementor-30248 elementor-28268\" data-elementor-post-type=\"page\">\n\t\t\t\t<div class=\"wd-negative-gap elementor-element elementor-element-94249c6 e-flex e-con-boxed e-con e-parent\" data-id=\"94249c6\" data-element_type=\"container\" data-e-type=\"container\">\n\t\t\t\t\t<div class=\"e-con-inner\">\n\t\t\t\t<div class=\"elementor-element elementor-element-e2985d2 elementor-widget elementor-widget-heading\" data-id=\"e2985d2\" data-element_type=\"widget\" data-e-type=\"widget\" data-widget_type=\"heading.default\">\n\t\t\t\t<div class=\"elementor-widget-container\">\n\t\t\t\t\t<h2 class=\"elementor-heading-title elementor-size-default\">Talianska vegetat\u00edvne \u010dinen\u00e1 ko\u017ea<\/h2>\t\t\t\t<\/div>\n\t\t\t\t<\/div>\n\t\t\t\t<div class=\"elementor-element elementor-element-f4d67d6 elementor-widget elementor-widget-image-gallery\" data-id=\"f4d67d6\" data-element_type=\"widget\" data-e-type=\"widget\" data-widget_type=\"image-gallery.default\">\n\t\t\t\t<div class=\"elementor-widget-container\">\n\t\t\t\t\t\t\t<div class=\"elementor-image-gallery\">\n\t\t\t\n\t\t<style type=\"text\/css\">\n\t\t\t#gallery-20 {\n\t\t\t\tmargin: auto;\n\t\t\t}\n\t\t\t#gallery-20 .gallery-item {\n\t\t\t\tfloat: left;\n\t\t\t\tmargin-top: 10px;\n\t\t\t\ttext-align: center;\n\t\t\t\twidth: 25%;\n\t\t\t}\n\t\t\t#gallery-20 img {\n\t\t\t\tborder: 2px solid #cfcfcf;\n\t\t\t}\n\t\t\t#gallery-20 .gallery-caption {\n\t\t\t\tmargin-left: 0;\n\t\t\t}\n\t\t\t\/* see gallery_shortcode() in wp-includes\/media.php *\/\n\t\t<\/style>\n\t\t<div id='gallery-20' class='gallery galleryid-30248 gallery-columns-4 gallery-size-large'><dl class='gallery-item'>\n\t\t\t<dt class='gallery-icon landscape'>\n\t\t\t\t<a data-elementor-open-lightbox=\"yes\" data-elementor-lightbox-slideshow=\"f4d67d6\" data-elementor-lightbox-title=\"hand stitched card holder\" data-e-action-hash=\"#elementor-action%3Aaction%3Dlightbox%26settings%3DeyJpZCI6MjgzMjEsInVybCI6Imh0dHBzOlwvXC9mcmFuanVsaWEuY29tXC93cC1jb250ZW50XC91cGxvYWRzXC8yMDI0XC8xMVwvaGFuZC1zdGl0Y2hlZC1jYXJkLWhvbGRlci5qcGVnIiwic2xpZGVzaG93IjoiZjRkNjdkNiJ9\" href='https:\/\/franjulia.com\/wp-content\/uploads\/2024\/11\/hand-stitched-card-holder.jpeg'><img loading=\"lazy\" decoding=\"async\" width=\"1200\" height=\"800\" src=\"https:\/\/franjulia.com\/wp-content\/uploads\/2024\/11\/hand-stitched-card-holder-1200x800.jpeg\" class=\"attachment-large size-large\" alt=\"\" srcset=\"https:\/\/franjulia.com\/wp-content\/uploads\/2024\/11\/hand-stitched-card-holder-1200x800.jpeg 1200w, https:\/\/franjulia.com\/wp-content\/uploads\/2024\/11\/hand-stitched-card-holder-430x287.jpeg 430w, https:\/\/franjulia.com\/wp-content\/uploads\/2024\/11\/hand-stitched-card-holder-150x100.jpeg 150w, https:\/\/franjulia.com\/wp-content\/uploads\/2024\/11\/hand-stitched-card-holder-700x467.jpeg 700w, https:\/\/franjulia.com\/wp-content\/uploads\/2024\/11\/hand-stitched-card-holder-400x267.jpeg 400w, https:\/\/franjulia.com\/wp-content\/uploads\/2024\/11\/hand-stitched-card-holder-768x512.jpeg 768w, https:\/\/franjulia.com\/wp-content\/uploads\/2024\/11\/hand-stitched-card-holder.jpeg 1500w\" sizes=\"auto, (max-width: 1200px) 100vw, 1200px\" \/><\/a>\n\t\t\t<\/dt><\/dl><dl class='gallery-item'>\n\t\t\t<dt class='gallery-icon landscape'>\n\t\t\t\t<a data-elementor-open-lightbox=\"yes\" data-elementor-lightbox-slideshow=\"f4d67d6\" data-elementor-lightbox-title=\"big wallet\" data-e-action-hash=\"#elementor-action%3Aaction%3Dlightbox%26settings%3DeyJpZCI6MjgzNDksInVybCI6Imh0dHBzOlwvXC9mcmFuanVsaWEuY29tXC93cC1jb250ZW50XC91cGxvYWRzXC8yMDI0XC8xMVwvYmlnLXdhbGxldC5qcGVnIiwic2xpZGVzaG93IjoiZjRkNjdkNiJ9\" href='https:\/\/franjulia.com\/wp-content\/uploads\/2024\/11\/big-wallet.jpeg'><img loading=\"lazy\" decoding=\"async\" width=\"1200\" height=\"800\" src=\"https:\/\/franjulia.com\/wp-content\/uploads\/2024\/11\/big-wallet-1200x800.jpeg\" class=\"attachment-large size-large\" alt=\"big wallet\" srcset=\"https:\/\/franjulia.com\/wp-content\/uploads\/2024\/11\/big-wallet-1200x800.jpeg 1200w, https:\/\/franjulia.com\/wp-content\/uploads\/2024\/11\/big-wallet-430x287.jpeg 430w, https:\/\/franjulia.com\/wp-content\/uploads\/2024\/11\/big-wallet-150x100.jpeg 150w, https:\/\/franjulia.com\/wp-content\/uploads\/2024\/11\/big-wallet-700x467.jpeg 700w, https:\/\/franjulia.com\/wp-content\/uploads\/2024\/11\/big-wallet-400x267.jpeg 400w, https:\/\/franjulia.com\/wp-content\/uploads\/2024\/11\/big-wallet-768x512.jpeg 768w, https:\/\/franjulia.com\/wp-content\/uploads\/2024\/11\/big-wallet.jpeg 1500w\" sizes=\"auto, (max-width: 1200px) 100vw, 1200px\" \/><\/a>\n\t\t\t<\/dt><\/dl><dl class='gallery-item'>\n\t\t\t<dt class='gallery-icon landscape'>\n\t\t\t\t<a data-elementor-open-lightbox=\"yes\" data-elementor-lightbox-slideshow=\"f4d67d6\" data-elementor-lightbox-title=\"whisky wallet\" data-e-action-hash=\"#elementor-action%3Aaction%3Dlightbox%26settings%3DeyJpZCI6MjgzNTMsInVybCI6Imh0dHBzOlwvXC9mcmFuanVsaWEuY29tXC93cC1jb250ZW50XC91cGxvYWRzXC8yMDI0XC8xMVwvY29nbmFjLXdhbGxldC5qcGVnIiwic2xpZGVzaG93IjoiZjRkNjdkNiJ9\" href='https:\/\/franjulia.com\/wp-content\/uploads\/2024\/11\/cognac-wallet.jpeg'><img loading=\"lazy\" decoding=\"async\" width=\"1200\" height=\"800\" src=\"https:\/\/franjulia.com\/wp-content\/uploads\/2024\/11\/cognac-wallet-1200x800.jpeg\" class=\"attachment-large size-large\" alt=\"whisky wallet\" srcset=\"https:\/\/franjulia.com\/wp-content\/uploads\/2024\/11\/cognac-wallet-1200x800.jpeg 1200w, https:\/\/franjulia.com\/wp-content\/uploads\/2024\/11\/cognac-wallet-430x287.jpeg 430w, https:\/\/franjulia.com\/wp-content\/uploads\/2024\/11\/cognac-wallet-150x100.jpeg 150w, https:\/\/franjulia.com\/wp-content\/uploads\/2024\/11\/cognac-wallet-700x467.jpeg 700w, https:\/\/franjulia.com\/wp-content\/uploads\/2024\/11\/cognac-wallet-400x267.jpeg 400w, https:\/\/franjulia.com\/wp-content\/uploads\/2024\/11\/cognac-wallet-768x512.jpeg 768w, https:\/\/franjulia.com\/wp-content\/uploads\/2024\/11\/cognac-wallet.jpeg 1500w\" sizes=\"auto, (max-width: 1200px) 100vw, 1200px\" \/><\/a>\n\t\t\t<\/dt><\/dl><dl class='gallery-item'>\n\t\t\t<dt class='gallery-icon landscape'>\n\t\t\t\t<a data-elementor-open-lightbox=\"yes\" data-elementor-lightbox-slideshow=\"f4d67d6\" data-elementor-lightbox-title=\"hand stitched big wallet\" data-e-action-hash=\"#elementor-action%3Aaction%3Dlightbox%26settings%3DeyJpZCI6MjgzNTQsInVybCI6Imh0dHBzOlwvXC9mcmFuanVsaWEuY29tXC93cC1jb250ZW50XC91cGxvYWRzXC8yMDI0XC8xMVwvaGFuZC1zdGl0Y2hlZC1iaWctd2FsbGV0LmpwZWciLCJzbGlkZXNob3ciOiJmNGQ2N2Q2In0%3D\" href='https:\/\/franjulia.com\/wp-content\/uploads\/2024\/11\/hand-stitched-big-wallet.jpeg'><img loading=\"lazy\" decoding=\"async\" width=\"1200\" height=\"800\" src=\"https:\/\/franjulia.com\/wp-content\/uploads\/2024\/11\/hand-stitched-big-wallet-1200x800.jpeg\" class=\"attachment-large size-large\" alt=\"hand stiched big wallet\" srcset=\"https:\/\/franjulia.com\/wp-content\/uploads\/2024\/11\/hand-stitched-big-wallet-1200x800.jpeg 1200w, https:\/\/franjulia.com\/wp-content\/uploads\/2024\/11\/hand-stitched-big-wallet-430x287.jpeg 430w, https:\/\/franjulia.com\/wp-content\/uploads\/2024\/11\/hand-stitched-big-wallet-150x100.jpeg 150w, https:\/\/franjulia.com\/wp-content\/uploads\/2024\/11\/hand-stitched-big-wallet-700x467.jpeg 700w, https:\/\/franjulia.com\/wp-content\/uploads\/2024\/11\/hand-stitched-big-wallet-400x267.jpeg 400w, https:\/\/franjulia.com\/wp-content\/uploads\/2024\/11\/hand-stitched-big-wallet-768x512.jpeg 768w, https:\/\/franjulia.com\/wp-content\/uploads\/2024\/11\/hand-stitched-big-wallet.jpeg 1500w\" sizes=\"auto, (max-width: 1200px) 100vw, 1200px\" \/><\/a>\n\t\t\t<\/dt><\/dl><br style=\"clear: both\" \/>\n\t\t<\/div>\n\t\t<\/div>\n\t\t\t\t\t\t<\/div>\n\t\t\t\t<\/div>\n\t\t\t\t<div class=\"elementor-element elementor-element-5878371 elementor-widget elementor-widget-wd_text_block\" data-id=\"5878371\" data-element_type=\"widget\" data-e-type=\"widget\" data-widget_type=\"wd_text_block.default\">\n\t\t\t\t<div class=\"elementor-widget-container\">\n\t\t\t\t\t\t\t<div class=\"wd-text-block reset-last-child text-left\">\n\t\t\t\n\t\t\t<p class=\"p1\">Talianska rastlinne \u010dinen\u00e1 ko\u017ea je celosvetovo uzn\u00e1van\u00e1 pre svoju bezkonkuren\u010dn\u00fa kvalitu, remeseln\u00fa zru\u010dnos\u0165 a udr\u017eate\u013enos\u0165. T\u00e1to ko\u017ea, ktor\u00e1 m\u00e1 korene v st\u00e1ro\u010dn\u00fdch trad\u00edci\u00e1ch, sa vyr\u00e1ba s pou\u017eit\u00edm pr\u00edrodn\u00fdch trieslov\u00edn poch\u00e1dzaj\u00facich z rastlinn\u00fdch zdrojov, ako s\u00fa k\u00f4ra stromov, listy a plody. Tento proces je pomal\u00fd a d\u00f4kladn\u00fd, v\u00fdsledkom \u010doho je ko\u017ea, ktor\u00e1 sa nielen vyzna\u010duje bohatou prirodzenou kr\u00e1sou, ale \u010dasom aj elegantne starne a z\u00edskava jedine\u010dn\u00fa patinu, ktor\u00e1 zv\u00fdraz\u0148uje jej charakter.  &nbsp;<\/p><p class=\"p2\">Umenie rastlinn\u00e9ho \u010dinenia Proces rastlinn\u00e9ho \u010dinenia, ktor\u00fd zdokonalili majstri v Taliansku, najm\u00e4 v Tosk\u00e1nsku, je ekologickou alternat\u00edvou modern\u00fdch chemick\u00fdch met\u00f3d \u010dinenia. T\u00e1to starobyl\u00e1 technika sa odovzd\u00e1va z gener\u00e1cie na gener\u00e1ciu a v porovnan\u00ed s r\u00fdchlej\u0161\u00edmi chemick\u00fdmi postupmi trv\u00e1 zvy\u010dajne nieko\u013eko t\u00fd\u017ed\u0148ov. V\u010faka pou\u017eitiu pr\u00edrodn\u00fdch trieslov\u00edn neobsahuje rastlinne \u010dinen\u00e1 ko\u017ea \u0161kodliv\u00e9 chemik\u00e1lie, ako je chr\u00f3m, a je tak bezpe\u010dnej\u0161ia pre \u017eivotn\u00e9 prostredie a \u013eud\u00ed, ktor\u00ed s \u0148ou pracuj\u00fa.  <\/p><p class=\"p2\">Jednou z najcharakteristickej\u0161\u00edch vlastnost\u00ed rastlinne \u010dinenej ko\u017ee je jej schopnos\u0165 z\u00edska\u0165 bohat\u00fa patinu. P\u00f4soben\u00edm slne\u010dn\u00e9ho svetla, vzduchu a dotyku ko\u017ea stmavne a z\u00edska kr\u00e1sny lesk, \u010do jej dod\u00e1va nad\u010dasov\u00fd vzh\u013ead. \u017diadne dva predmety vyroben\u00e9 z tejto ko\u017ee nie s\u00fa rovnak\u00e9, tak\u017ee ka\u017ed\u00fd v\u00fdrobok je skuto\u010dne jedine\u010dn\u00fd.  <\/p><p class=\"p2\">Rastlinn\u00e9 \u010dinenie je ekologick\u00fd proces. Pou\u017eit\u00e9 triesloviny poch\u00e1dzaj\u00fa z obnovite\u013en\u00fdch materi\u00e1lov a odpad, ktor\u00fd vznik\u00e1 pri v\u00fdrobe, je biologicky rozlo\u017eite\u013en\u00fd. <\/p>\n\t\t\t\t\t<\/div>\n\t\t\t\t\t\t<\/div>\n\t\t\t\t<\/div>\n\t\t\t\t<div class=\"elementor-element elementor-element-368fa83 elementor-widget elementor-widget-spacer\" data-id=\"368fa83\" data-element_type=\"widget\" data-e-type=\"widget\" data-widget_type=\"spacer.default\">\n\t\t\t\t<div class=\"elementor-widget-container\">\n\t\t\t\t\t\t\t<div class=\"elementor-spacer\">\n\t\t\t<div class=\"elementor-spacer-inner\"><\/div>\n\t\t<\/div>\n\t\t\t\t\t\t<\/div>\n\t\t\t\t<\/div>\n\t\t\t\t\t<\/div>\n\t\t\t\t<\/div>\n\t\t<div class=\"wd-negative-gap elementor-element elementor-element-51aaca1 e-flex e-con-boxed e-con e-parent\" data-id=\"51aaca1\" data-element_type=\"container\" data-e-type=\"container\">\n\t\t\t\t\t<div class=\"e-con-inner\">\n\t\t\t\t<div class=\"elementor-element elementor-element-91a3cd5 elementor-widget elementor-widget-heading\" data-id=\"91a3cd5\" data-element_type=\"widget\" data-e-type=\"widget\" data-widget_type=\"heading.default\">\n\t\t\t\t<div class=\"elementor-widget-container\">\n\t\t\t\t\t<h2 class=\"elementor-heading-title elementor-size-default\">Ni\u0165<\/h2>\t\t\t\t<\/div>\n\t\t\t\t<\/div>\n\t\t\t\t<div class=\"elementor-element elementor-element-cefbac1 elementor-widget elementor-widget-image-gallery\" data-id=\"cefbac1\" data-element_type=\"widget\" data-e-type=\"widget\" data-widget_type=\"image-gallery.default\">\n\t\t\t\t<div class=\"elementor-widget-container\">\n\t\t\t\t\t\t\t<div class=\"elementor-image-gallery\">\n\t\t\t\n\t\t<style type=\"text\/css\">\n\t\t\t#gallery-21 {\n\t\t\t\tmargin: auto;\n\t\t\t}\n\t\t\t#gallery-21 .gallery-item {\n\t\t\t\tfloat: left;\n\t\t\t\tmargin-top: 10px;\n\t\t\t\ttext-align: center;\n\t\t\t\twidth: 25%;\n\t\t\t}\n\t\t\t#gallery-21 img {\n\t\t\t\tborder: 2px solid #cfcfcf;\n\t\t\t}\n\t\t\t#gallery-21 .gallery-caption {\n\t\t\t\tmargin-left: 0;\n\t\t\t}\n\t\t\t\/* see gallery_shortcode() in wp-includes\/media.php *\/\n\t\t<\/style>\n\t\t<div id='gallery-21' class='gallery galleryid-30248 gallery-columns-4 gallery-size-large'><dl class='gallery-item'>\n\t\t\t<dt class='gallery-icon landscape'>\n\t\t\t\t<a data-elementor-open-lightbox=\"yes\" data-elementor-lightbox-slideshow=\"cefbac1\" data-elementor-lightbox-title=\"thread\" data-e-action-hash=\"#elementor-action%3Aaction%3Dlightbox%26settings%3DeyJpZCI6MjgzMzYsInVybCI6Imh0dHBzOlwvXC9mcmFuanVsaWEuY29tXC93cC1jb250ZW50XC91cGxvYWRzXC8yMDI0XC8xMVwvZG93bmxvYWQtNDQuanBlZyIsInNsaWRlc2hvdyI6ImNlZmJhYzEifQ%3D%3D\" href='https:\/\/franjulia.com\/wp-content\/uploads\/2024\/11\/download-44.jpeg'><img loading=\"lazy\" decoding=\"async\" width=\"1200\" height=\"800\" src=\"https:\/\/franjulia.com\/wp-content\/uploads\/2024\/11\/download-44-1200x800.jpeg\" class=\"attachment-large size-large\" alt=\"thread\" srcset=\"https:\/\/franjulia.com\/wp-content\/uploads\/2024\/11\/download-44-1200x800.jpeg 1200w, https:\/\/franjulia.com\/wp-content\/uploads\/2024\/11\/download-44-430x287.jpeg 430w, https:\/\/franjulia.com\/wp-content\/uploads\/2024\/11\/download-44-150x100.jpeg 150w, https:\/\/franjulia.com\/wp-content\/uploads\/2024\/11\/download-44-700x467.jpeg 700w, https:\/\/franjulia.com\/wp-content\/uploads\/2024\/11\/download-44-400x267.jpeg 400w, https:\/\/franjulia.com\/wp-content\/uploads\/2024\/11\/download-44-768x512.jpeg 768w, https:\/\/franjulia.com\/wp-content\/uploads\/2024\/11\/download-44.jpeg 1500w\" sizes=\"auto, (max-width: 1200px) 100vw, 1200px\" \/><\/a>\n\t\t\t<\/dt><\/dl><dl class='gallery-item'>\n\t\t\t<dt class='gallery-icon landscape'>\n\t\t\t\t<a data-elementor-open-lightbox=\"yes\" data-elementor-lightbox-slideshow=\"cefbac1\" data-elementor-lightbox-title=\"thread\" data-e-action-hash=\"#elementor-action%3Aaction%3Dlightbox%26settings%3DeyJpZCI6MjgzMzcsInVybCI6Imh0dHBzOlwvXC9mcmFuanVsaWEuY29tXC93cC1jb250ZW50XC91cGxvYWRzXC8yMDI0XC8xMVwvZG93bmxvYWQtNDUuanBlZyIsInNsaWRlc2hvdyI6ImNlZmJhYzEifQ%3D%3D\" href='https:\/\/franjulia.com\/wp-content\/uploads\/2024\/11\/download-45.jpeg'><img loading=\"lazy\" decoding=\"async\" width=\"1200\" height=\"800\" src=\"https:\/\/franjulia.com\/wp-content\/uploads\/2024\/11\/download-45-1200x800.jpeg\" class=\"attachment-large size-large\" alt=\"thread\" srcset=\"https:\/\/franjulia.com\/wp-content\/uploads\/2024\/11\/download-45-1200x800.jpeg 1200w, https:\/\/franjulia.com\/wp-content\/uploads\/2024\/11\/download-45-430x287.jpeg 430w, https:\/\/franjulia.com\/wp-content\/uploads\/2024\/11\/download-45-150x100.jpeg 150w, https:\/\/franjulia.com\/wp-content\/uploads\/2024\/11\/download-45-700x467.jpeg 700w, https:\/\/franjulia.com\/wp-content\/uploads\/2024\/11\/download-45-400x267.jpeg 400w, https:\/\/franjulia.com\/wp-content\/uploads\/2024\/11\/download-45-768x512.jpeg 768w, https:\/\/franjulia.com\/wp-content\/uploads\/2024\/11\/download-45.jpeg 1500w\" sizes=\"auto, (max-width: 1200px) 100vw, 1200px\" \/><\/a>\n\t\t\t<\/dt><\/dl><dl class='gallery-item'>\n\t\t\t<dt class='gallery-icon landscape'>\n\t\t\t\t<a data-elementor-open-lightbox=\"yes\" data-elementor-lightbox-slideshow=\"cefbac1\" data-elementor-lightbox-title=\"thread\" data-e-action-hash=\"#elementor-action%3Aaction%3Dlightbox%26settings%3DeyJpZCI6MjgzMzksInVybCI6Imh0dHBzOlwvXC9mcmFuanVsaWEuY29tXC93cC1jb250ZW50XC91cGxvYWRzXC8yMDI0XC8xMVwvZG93bmxvYWQtNDcuanBlZyIsInNsaWRlc2hvdyI6ImNlZmJhYzEifQ%3D%3D\" href='https:\/\/franjulia.com\/wp-content\/uploads\/2024\/11\/download-47.jpeg'><img loading=\"lazy\" decoding=\"async\" width=\"1200\" height=\"800\" src=\"https:\/\/franjulia.com\/wp-content\/uploads\/2024\/11\/download-47-1200x800.jpeg\" class=\"attachment-large size-large\" alt=\"thread\" srcset=\"https:\/\/franjulia.com\/wp-content\/uploads\/2024\/11\/download-47-1200x800.jpeg 1200w, https:\/\/franjulia.com\/wp-content\/uploads\/2024\/11\/download-47-430x287.jpeg 430w, https:\/\/franjulia.com\/wp-content\/uploads\/2024\/11\/download-47-150x100.jpeg 150w, https:\/\/franjulia.com\/wp-content\/uploads\/2024\/11\/download-47-700x467.jpeg 700w, https:\/\/franjulia.com\/wp-content\/uploads\/2024\/11\/download-47-400x267.jpeg 400w, https:\/\/franjulia.com\/wp-content\/uploads\/2024\/11\/download-47-768x512.jpeg 768w, https:\/\/franjulia.com\/wp-content\/uploads\/2024\/11\/download-47.jpeg 1500w\" sizes=\"auto, (max-width: 1200px) 100vw, 1200px\" \/><\/a>\n\t\t\t<\/dt><\/dl><dl class='gallery-item'>\n\t\t\t<dt class='gallery-icon landscape'>\n\t\t\t\t<a data-elementor-open-lightbox=\"yes\" data-elementor-lightbox-slideshow=\"cefbac1\" data-elementor-lightbox-title=\"thread\" data-e-action-hash=\"#elementor-action%3Aaction%3Dlightbox%26settings%3DeyJpZCI6MjgzNDAsInVybCI6Imh0dHBzOlwvXC9mcmFuanVsaWEuY29tXC93cC1jb250ZW50XC91cGxvYWRzXC8yMDI0XC8xMVwvZG93bmxvYWQtNDguanBlZyIsInNsaWRlc2hvdyI6ImNlZmJhYzEifQ%3D%3D\" href='https:\/\/franjulia.com\/wp-content\/uploads\/2024\/11\/download-48.jpeg'><img loading=\"lazy\" decoding=\"async\" width=\"1200\" height=\"800\" src=\"https:\/\/franjulia.com\/wp-content\/uploads\/2024\/11\/download-48-1200x800.jpeg\" class=\"attachment-large size-large\" alt=\"thread\" srcset=\"https:\/\/franjulia.com\/wp-content\/uploads\/2024\/11\/download-48-1200x800.jpeg 1200w, https:\/\/franjulia.com\/wp-content\/uploads\/2024\/11\/download-48-430x287.jpeg 430w, https:\/\/franjulia.com\/wp-content\/uploads\/2024\/11\/download-48-150x100.jpeg 150w, https:\/\/franjulia.com\/wp-content\/uploads\/2024\/11\/download-48-700x467.jpeg 700w, https:\/\/franjulia.com\/wp-content\/uploads\/2024\/11\/download-48-400x267.jpeg 400w, https:\/\/franjulia.com\/wp-content\/uploads\/2024\/11\/download-48-768x512.jpeg 768w, https:\/\/franjulia.com\/wp-content\/uploads\/2024\/11\/download-48.jpeg 1500w\" sizes=\"auto, (max-width: 1200px) 100vw, 1200px\" \/><\/a>\n\t\t\t<\/dt><\/dl><br style=\"clear: both\" \/>\n\t\t<\/div>\n\t\t<\/div>\n\t\t\t\t\t\t<\/div>\n\t\t\t\t<\/div>\n\t\t\t\t<div class=\"elementor-element elementor-element-2c1b20e elementor-widget elementor-widget-wd_text_block\" data-id=\"2c1b20e\" data-element_type=\"widget\" data-e-type=\"widget\" data-widget_type=\"wd_text_block.default\">\n\t\t\t\t<div class=\"elementor-widget-container\">\n\t\t\t\t\t\t\t<div class=\"wd-text-block reset-last-child text-left\">\n\t\t\t\n\t\t\t<p class=\"p1\">Luxusn\u00fd doplnok k remeselnej v\u00fdrobe ko\u017ee. Ni\u0165 Meisi s v\u00fdnimo\u010dnou kvalitou a jemnou \u0161trukt\u00farou pon\u00faka jedine\u010dn\u00fd a luxusn\u00fd prvok pri spracovan\u00ed ko\u017ee. V\u010faka svojej v\u0161estrannosti a kr\u00e1se je ob\u013e\u00fabenou vo\u013ebou na prid\u00e1vanie zlo\u017eit\u00fdch detailov a ozd\u00f4b do ko\u017een\u00fdch v\u00fdrobkov.  <\/p>\n\t\t\t\t\t<\/div>\n\t\t\t\t\t\t<\/div>\n\t\t\t\t<\/div>\n\t\t\t\t\t<\/div>\n\t\t\t\t<\/div>\n\t\t\t\t<\/div>\n\t\t","protected":false},"excerpt":{"rendered":"<p>Talianska vegetat\u00edvne \u010dinen\u00e1 ko\u017ea Talianska rastlinne \u010dinen\u00e1 ko\u017ea je celosvetovo uzn\u00e1van\u00e1 pre svoju bezkonkuren\u010dn\u00fa kvalitu, remeseln\u00fa zru\u010dnos\u0165 a udr\u017eate\u013enos\u0165. T\u00e1to<\/p>\n","protected":false},"author":1,"featured_media":0,"parent":0,"menu_order":0,"comment_status":"closed","ping_status":"closed","template":"","meta":{"jetpack_post_was_ever_published":true,"footnotes":""},"class_list":["post-30248","page","type-page","status-publish","hentry"],"aioseo_notices":[],"jetpack_sharing_enabled":true,"_links":{"self":[{"href":"https:\/\/franjulia.com\/sk\/wp-json\/wp\/v2\/pages\/30248","targetHints":{"allow":["GET"]}}],"collection":[{"href":"https:\/\/franjulia.com\/sk\/wp-json\/wp\/v2\/pages"}],"about":[{"href":"https:\/\/franjulia.com\/sk\/wp-json\/wp\/v2\/types\/page"}],"author":[{"embeddable":true,"href":"https:\/\/franjulia.com\/sk\/wp-json\/wp\/v2\/users\/1"}],"replies":[{"embeddable":true,"href":"https:\/\/franjulia.com\/sk\/wp-json\/wp\/v2\/comments?post=30248"}],"version-history":[{"count":5,"href":"https:\/\/franjulia.com\/sk\/wp-json\/wp\/v2\/pages\/30248\/revisions"}],"predecessor-version":[{"id":31196,"href":"https:\/\/franjulia.com\/sk\/wp-json\/wp\/v2\/pages\/30248\/revisions\/31196"}],"wp:attachment":[{"href":"https:\/\/franjulia.com\/sk\/wp-json\/wp\/v2\/media?parent=30248"}],"curies":[{"name":"wp","href":"https:\/\/api.w.org\/{rel}","templated":true}]}}