{"id":30218,"date":"2024-11-27T15:27:35","date_gmt":"2024-11-27T15:27:35","guid":{"rendered":"https:\/\/franjulia.com\/zasady-ochrany-osobnych-udajov\/"},"modified":"2024-11-29T10:38:30","modified_gmt":"2024-11-29T10:38:30","slug":"zasady-ochrany-osobnych-udajov","status":"publish","type":"page","link":"https:\/\/franjulia.com\/sk\/zasady-ochrany-osobnych-udajov\/","title":{"rendered":"Z\u00e1sady ochrany osobn\u00fdch \u00fadajov"},"content":{"rendered":"\n<p><strong>Z\u00e1sady ochrany osobn\u00fdch \u00fadajov<\/strong><br\/><strong>D\u00e1tum \u00fa\u010dinnosti:<\/strong> [26 .11.2024]<br\/><strong>Posledn\u00e1 aktualiz\u00e1cia:<\/strong> [01 .12.2024]<\/p>\n\n<p>Tieto z\u00e1sady ochrany osobn\u00fdch \u00fadajov opisuj\u00fa na\u0161e z\u00e1sady a postupy t\u00fdkaj\u00face sa zhroma\u017e\u010fovania, pou\u017e\u00edvania a zverej\u0148ovania va\u0161ich inform\u00e1ci\u00ed pri pou\u017e\u00edvan\u00ed na\u0161ej slu\u017eby. Vysvet\u013euje tie\u017e va\u0161e pr\u00e1va na ochranu osobn\u00fdch \u00fadajov pod\u013ea platn\u00fdch z\u00e1konov, ako s\u00fa GDPR a CCPA, a sp\u00f4sob, ak\u00fdm v\u00e1s z\u00e1kon chr\u00e1ni. <\/p>\n\n<p>Pou\u017e\u00edvan\u00edm slu\u017eby s\u00fahlas\u00edte so zhroma\u017e\u010fovan\u00edm a pou\u017e\u00edvan\u00edm inform\u00e1ci\u00ed v s\u00falade s t\u00fdmito z\u00e1sadami ochrany osobn\u00fdch \u00fadajov.<\/p>\n\n<hr class=\"wp-block-separator has-alpha-channel-opacity\"\/>\n\n<h3 class=\"wp-block-heading\">V\u00fdklad a defin\u00edcie<\/h3>\n\n<h4 class=\"wp-block-heading\">V\u00fdklad<\/h4>\n\n<p>Slov\u00e1 s ve\u013ek\u00fdmi za\u010diato\u010dn\u00fdmi p\u00edsmenami maj\u00fa v\u00fdznam definovan\u00fd pod\u013ea nasleduj\u00facich podmienok. Tieto defin\u00edcie maj\u00fa rovnak\u00fd v\u00fdznam bez oh\u013eadu na to, \u010di sa vyskytuj\u00fa v jednotnom alebo mno\u017enom \u010d\u00edsle. <\/p>\n\n<h4 class=\"wp-block-heading\">Defin\u00edcie<\/h4>\n\n<p>Na \u00fa\u010dely t\u00fdchto z\u00e1sad ochrany osobn\u00fdch \u00fadajov:<\/p>\n\n<ul class=\"wp-block-list\">\n<li><strong>\u00da\u010det:<\/strong> Konto: jedine\u010dn\u00e9 konto vytvoren\u00e9 pre v\u00e1s na pr\u00edstup k na\u0161ej slu\u017ebe alebo jej \u010dastiam.<\/li>\n\n\n\n<li><strong>Podnikanie:<\/strong> <strong>4E s.r.o.,<\/strong> pr\u00e1vnick\u00e1 osoba, ktor\u00e1 zhroma\u017e\u010fuje osobn\u00e9 \u00fadaje a ur\u010duje ich \u00fa\u010del a prostriedky pod\u013ea GDPR a CCPA.<\/li>\n\n\n\n<li><strong>Spolo\u010dnos\u0165<\/strong> (v tejto zmluve uv\u00e1dzan\u00e1 ako &#8222;Spolo\u010dnos\u0165&#8220;, &#8222;My&#8220;, &#8222;N\u00e1s&#8220; alebo &#8222;Na\u0161a&#8220;): <strong>Spolo\u010dnos\u0165 4E s.r.o., Obchodn\u00e1 616\/20, Kom\u00e1rno 945 01, Slovensko.<\/strong><\/li>\n\n\n\n<li><strong>Cookies:<\/strong> Mal\u00e9 s\u00fabory, ktor\u00e9 webov\u00e1 str\u00e1nka umiestni do v\u00e1\u0161ho zariadenia a ktor\u00e9 obsahuj\u00fa podrobnosti o hist\u00f3rii prehliadania, preferenci\u00e1ch a interakci\u00e1ch.<\/li>\n\n\n\n<li><strong>Spr\u00e1vca \u00fadajov:<\/strong> Spr\u00e1vca osobn\u00fdch \u00fadajov: subjekt zodpovedn\u00fd za ur\u010denie \u00fa\u010delov a prostriedkov spracovania osobn\u00fdch \u00fadajov, ako je definovan\u00e9 v GDPR.<\/li>\n\n\n\n<li><strong>Zariadenie:<\/strong> Zariadenie: Ak\u00e9ko\u013evek zariadenie, ktor\u00e9 je schopn\u00e9 pristupova\u0165 k Slu\u017ebe, napr\u00edklad po\u010d\u00edta\u010d, mobiln\u00e9 zariadenie alebo tablet.<\/li>\n\n\n\n<li><strong>Osobn\u00e9 \u00fadaje:<\/strong> Ak\u00e9ko\u013evek inform\u00e1cie, ktor\u00e9 sa t\u00fdkaj\u00fa identifikovanej alebo identifikovate\u013enej osoby, ako je definovan\u00e9 v GDPR a CCPA.<\/li>\n\n\n\n<li><strong>Slu\u017eba:<\/strong> Odkazuje na webov\u00fa str\u00e1nku prev\u00e1dzkovan\u00fa spolo\u010dnos\u0165ou <strong>franjulia<\/strong>, ktor\u00e1 je dostupn\u00e1 na <strong><a href=\"https:\/\/franjulia.com\/sk\/\">adrese www.franjulia.com<\/a><\/strong>.<\/li>\n\n\n\n<li><strong>Poskytovatelia slu\u017eieb:<\/strong> Tretie spolo\u010dnosti alebo jednotlivci, ktor\u00fdch spolo\u010dnos\u0165 zamestn\u00e1va, aby vykon\u00e1vali funkcie v na\u0161om mene.<\/li>\n\n\n\n<li><strong>\u00dadaje o pou\u017e\u00edvan\u00ed:<\/strong> \u00dadaje o pou\u017e\u00edvan\u00ed: Automaticky zhroma\u017eden\u00e9 \u00fadaje, ktor\u00e9 s\u00fa generovan\u00e9 bu\u010f pou\u017e\u00edvan\u00edm Slu\u017eby, alebo samotnou infra\u0161trukt\u00farou Slu\u017eby (napr. trvanie n\u00e1v\u0161tevy str\u00e1nky).<\/li>\n\n\n\n<li><strong>Vy:<\/strong> Vy sa vz\u0165ahuje na fyzick\u00fa osobu, ktor\u00e1 pristupuje k Slu\u017ebe alebo ju pou\u017e\u00edva, alebo na pr\u00e1vnick\u00fa osobu, v mene ktorej tak\u00e1to osoba pristupuje k Slu\u017ebe alebo ju pou\u017e\u00edva.<\/li>\n<\/ul>\n\n<hr class=\"wp-block-separator has-alpha-channel-opacity\"\/>\n\n<h3 class=\"wp-block-heading\">Zhroma\u017e\u010fovanie a pou\u017e\u00edvanie va\u0161ich osobn\u00fdch \u00fadajov<\/h3>\n\n<h4 class=\"wp-block-heading\">Typy zozbieran\u00fdch \u00fadajov<\/h4>\n\n<p><strong>Osobn\u00e9 \u00fadaje<\/strong><br\/>Pri pou\u017e\u00edvan\u00ed na\u0161ej slu\u017eby v\u00e1s m\u00f4\u017eeme po\u017eiada\u0165 o poskytnutie osobn\u00fdch \u00fadajov, okrem in\u00e9ho:<\/p>\n\n<ul class=\"wp-block-list\">\n<li>N\u00e1zov<\/li>\n\n\n\n<li>E-mailov\u00e1 adresa<\/li>\n\n\n\n<li>Telef\u00f3nne \u010d\u00edslo<\/li>\n\n\n\n<li>Faktura\u010dn\u00e1 a dodacia adresa<\/li>\n\n\n\n<li>Platobn\u00e9 \u00fadaje (bezpe\u010dne spracovan\u00e9 prostredn\u00edctvom poskytovate\u013eov platieb tret\u00edch str\u00e1n)<\/li>\n<\/ul>\n\n<p><strong>\u00dadaje o pou\u017e\u00edvan\u00ed<\/strong><br\/>M\u00f4\u017eeme automaticky zhroma\u017e\u010fova\u0165 \u00fadaje o va\u0161ich interakci\u00e1ch so slu\u017ebou vr\u00e1tane:<\/p>\n\n<ul class=\"wp-block-list\">\n<li>IP adresa<\/li>\n\n\n\n<li>Typ a verzia prehliada\u010da<\/li>\n\n\n\n<li>Typ zariadenia<\/li>\n\n\n\n<li>nav\u0161t\u00edven\u00e9 str\u00e1nky, \u010das str\u00e1ven\u00fd na t\u00fdchto str\u00e1nkach a \u010fal\u0161ie diagnostick\u00e9 \u00fadaje<\/li>\n<\/ul>\n\n<hr class=\"wp-block-separator has-alpha-channel-opacity\"\/>\n\n<h3 class=\"wp-block-heading\">Pou\u017e\u00edvanie va\u0161ich osobn\u00fdch \u00fadajov<\/h3>\n\n<p>Spolo\u010dnos\u0165 pou\u017e\u00edva va\u0161e osobn\u00e9 \u00fadaje na tieto \u00fa\u010dely:<\/p>\n\n<ol class=\"wp-block-list\">\n<li><strong>Poskytovanie slu\u017eby:<\/strong>\n<ul class=\"wp-block-list\">\n<li>plnenie objedn\u00e1vok vr\u00e1tane zdie\u013eania \u00fadajov s prepravn\u00fdmi spolo\u010dnos\u0165ami na \u00fa\u010dely doru\u010denia.<\/li>\n\n\n\n<li>Spravujte svoj \u00fa\u010det a transakcie.<\/li>\n<\/ul>\n<\/li>\n\n\n\n<li><strong>Pre komunik\u00e1ciu:<\/strong>\n<ul class=\"wp-block-list\">\n<li>informova\u0165 v\u00e1s o zmen\u00e1ch v na\u0161ej slu\u017ebe alebo odpoveda\u0165 na ot\u00e1zky.<\/li>\n\n\n\n<li>zasielanie propaga\u010dn\u00fdch pon\u00fak alebo aktualiz\u00e1ci\u00ed za predpokladu, \u017ee ste sa neodhl\u00e1sili.<\/li>\n<\/ul>\n<\/li>\n\n\n\n<li><strong>Zlep\u0161enie na\u0161ich slu\u017eieb:<\/strong>\n<ul class=\"wp-block-list\">\n<li>Analyzujte spr\u00e1vanie pou\u017e\u00edvate\u013eov s cie\u013eom zlep\u0161i\u0165 pou\u017eite\u013enos\u0165 a funk\u010dnos\u0165.<\/li>\n\n\n\n<li>Zis\u0165ovanie technick\u00fdch probl\u00e9mov a predch\u00e1dzanie im.<\/li>\n<\/ul>\n<\/li>\n\n\n\n<li><strong>Pre dodr\u017eiavanie pr\u00e1vnych predpisov:<\/strong>\n<ul class=\"wp-block-list\">\n<li>plnenie z\u00e1konn\u00fdch povinnost\u00ed alebo rie\u0161enie sporov.<\/li>\n<\/ul>\n<\/li>\n<\/ol>\n\n<hr class=\"wp-block-separator has-alpha-channel-opacity\"\/>\n\n<h3 class=\"wp-block-heading\">Zdie\u013eanie va\u0161ich osobn\u00fdch \u00fadajov<\/h3>\n\n<p>Va\u0161e osobn\u00e9 \u00fadaje m\u00f4\u017eeme zdie\u013ea\u0165 s:<\/p>\n\n<ol class=\"wp-block-list\">\n<li><strong>Poskytovatelia slu\u017eieb:<\/strong>\n<ul class=\"wp-block-list\">\n<li>Na spracovanie platieb, anal\u00fdzu a logistiku doru\u010dovania.<\/li>\n<\/ul>\n<\/li>\n\n\n\n<li><strong>Prevody podnikov:<\/strong>\n<ul class=\"wp-block-list\">\n<li>Ak sa zl\u00fa\u010dime, pred\u00e1me alebo prevedieme \u010das\u0165 alebo cel\u00fd n\u00e1\u0161 majetok.<\/li>\n<\/ul>\n<\/li>\n\n\n\n<li><strong>Pr\u00e1vne org\u00e1ny:<\/strong>\n<ul class=\"wp-block-list\">\n<li>V s\u00falade s platn\u00fdmi z\u00e1konmi alebo pr\u00e1vnymi postupmi.<\/li>\n<\/ul>\n<\/li>\n\n\n\n<li><strong>Tretie strany:<\/strong>\n<ul class=\"wp-block-list\">\n<li>S va\u0161\u00edm v\u00fdslovn\u00fdm s\u00fahlasom na konkr\u00e9tne \u00fa\u010dely.<\/li>\n<\/ul>\n<\/li>\n<\/ol>\n\n<hr class=\"wp-block-separator has-alpha-channel-opacity\"\/>\n\n<h3 class=\"wp-block-heading\">Va\u0161e pr\u00e1va pod\u013ea GDPR<\/h3>\n\n<p>Ak ste obyvate\u013eom Eur\u00f3pskeho hospod\u00e1rskeho priestoru (EHP), m\u00e1te pod\u013ea GDPR nasleduj\u00face pr\u00e1va:<\/p>\n\n<ol class=\"wp-block-list\">\n<li><strong>Pr\u00e1vo na pr\u00edstup a prenosnos\u0165 \u00fadajov<\/strong>\n<ul class=\"wp-block-list\">\n<li>po\u017eiada\u0165 o k\u00f3piu osobn\u00fdch \u00fadajov, ktor\u00e9 o v\u00e1s uchov\u00e1vame.<\/li>\n\n\n\n<li>Prijmite svoje \u00fadaje v \u0161trukt\u00farovanom, be\u017ene pou\u017e\u00edvanom a strojovo \u010ditate\u013enom form\u00e1te.<\/li>\n<\/ul>\n<\/li>\n\n\n\n<li><strong>Pr\u00e1vo na n\u00e1pravu<\/strong>\n<ul class=\"wp-block-list\">\n<li>po\u017eiada\u0165 o opravu nepresn\u00fdch alebo ne\u00fapln\u00fdch osobn\u00fdch \u00fadajov.<\/li>\n<\/ul>\n<\/li>\n\n\n\n<li><strong>Pr\u00e1vo na vymazanie (&#8222;pr\u00e1vo by\u0165 zabudnut\u00fd&#8220;)<\/strong>\n<ul class=\"wp-block-list\">\n<li>po\u017eiada\u0165 o vymazanie va\u0161ich osobn\u00fdch \u00fadajov za ur\u010dit\u00fdch podmienok.<\/li>\n<\/ul>\n<\/li>\n\n\n\n<li><strong>Pr\u00e1vo na obmedzenie spracovania<\/strong>\n<ul class=\"wp-block-list\">\n<li>po\u017eiada\u0165 n\u00e1s o pozastavenie spracovania va\u0161ich osobn\u00fdch \u00fadajov za ur\u010dit\u00fdch okolnost\u00ed.<\/li>\n<\/ul>\n<\/li>\n\n\n\n<li><strong>Pr\u00e1vo vznies\u0165 n\u00e1mietku<\/strong>\n<ul class=\"wp-block-list\">\n<li>namieta\u0165 proti spracovaniu va\u0161ich osobn\u00fdch \u00fadajov, ak je zalo\u017een\u00e9 na opr\u00e1vnen\u00fdch z\u00e1ujmoch alebo priamom marketingu.<\/li>\n<\/ul>\n<\/li>\n\n\n\n<li><strong>Pr\u00e1vo na odvolanie s\u00fahlasu<\/strong>\n<ul class=\"wp-block-list\">\n<li>kedyko\u013evek odvola\u0165 s\u00fahlas, ak je spracovanie zalo\u017een\u00e9 na va\u0161om s\u00fahlase.<\/li>\n<\/ul>\n<\/li>\n\n\n\n<li><strong>Pr\u00e1vo poda\u0165 s\u0165a\u017enos\u0165<\/strong>\n<ul class=\"wp-block-list\">\n<li>poda\u0165 s\u0165a\u017enos\u0165 dozorn\u00e9mu org\u00e1nu, ak sa domnievate, \u017ee sme nedodr\u017eali povinnosti vypl\u00fdvaj\u00face z GDPR.<\/li>\n<\/ul>\n<\/li>\n<\/ol>\n\n<p>Ak chcete uplatni\u0165 niektor\u00e9 z t\u00fdchto pr\u00e1v, kontaktujte n\u00e1s na adrese <strong><a>franjulia.leather@gmail.com<\/a><\/strong>.<\/p>\n\n<hr class=\"wp-block-separator has-alpha-channel-opacity\"\/>\n\n<h3 class=\"wp-block-heading\">Va\u0161e pr\u00e1va pod\u013ea CCPA<\/h3>\n\n<p>Ak ste obyvate\u013eom Kalifornie, m\u00e1te pod\u013ea z\u00e1kona CCPA nasleduj\u00face pr\u00e1va:<\/p>\n\n<ol class=\"wp-block-list\">\n<li><strong>Pr\u00e1vo vedie\u0165<\/strong>\n<ul class=\"wp-block-list\">\n<li>vy\u017eiada\u0165 si inform\u00e1cie o kateg\u00f3ri\u00e1ch a konkr\u00e9tnych osobn\u00fdch \u00fadajoch, ktor\u00e9 sme zhroma\u017edili.<\/li>\n<\/ul>\n<\/li>\n\n\n\n<li><strong>Pr\u00e1vo na vymazanie<\/strong>\n<ul class=\"wp-block-list\">\n<li>po\u017eiada\u0165 o vymazanie va\u0161ich osobn\u00fdch \u00fadajov, s ur\u010dit\u00fdmi v\u00fdnimkami.<\/li>\n<\/ul>\n<\/li>\n\n\n\n<li><strong>Pr\u00e1vo na odmietnutie predaja osobn\u00fdch \u00fadajov<\/strong>\n<ul class=\"wp-block-list\">\n<li>Prik\u00e1za\u0165 n\u00e1m, aby sme va\u0161e osobn\u00e9 \u00fadaje nepred\u00e1vali tret\u00edm stran\u00e1m.<\/li>\n<\/ul>\n<\/li>\n\n\n\n<li><strong>Pr\u00e1vo na nediskrimin\u00e1ciu<\/strong>\n<ul class=\"wp-block-list\">\n<li>Uplat\u0148ova\u0165 svoje pr\u00e1va na ochranu s\u00fakromia bez diskrimin\u00e1cie vr\u00e1tane rovnak\u00fdch cien a slu\u017eieb.<\/li>\n<\/ul>\n<\/li>\n<\/ol>\n\n<p>Ak chcete poda\u0165 \u017eiados\u0165, kontaktujte n\u00e1s na <strong><a>adrese franjulia.leather@gmail.com<\/a><\/strong>. Pred spracovan\u00edm va\u0161ej \u017eiadosti over\u00edme va\u0161u toto\u017enos\u0165.<\/p>\n\n<hr class=\"wp-block-separator has-alpha-channel-opacity\"\/>\n\n<h3 class=\"wp-block-heading\">Uchov\u00e1vanie va\u0161ich osobn\u00fdch \u00fadajov<\/h3>\n\n<p>Va\u0161e osobn\u00e9 \u00fadaje uchov\u00e1vame len tak dlho, ako je to potrebn\u00e9 na splnenie \u00fa\u010delov uveden\u00fdch v t\u00fdchto Z\u00e1sad\u00e1ch ochrany osobn\u00fdch \u00fadajov vr\u00e1tane dodr\u017eiavania z\u00e1konn\u00fdch povinnost\u00ed a rie\u0161enia sporov.<\/p>\n\n<hr class=\"wp-block-separator has-alpha-channel-opacity\"\/>\n\n<h3 class=\"wp-block-heading\">Bezpe\u010dnos\u0165 va\u0161ich osobn\u00fdch \u00fadajov<\/h3>\n\n<p>Zav\u00e1dzame komer\u010dne primeran\u00e9 opatrenia na ochranu va\u0161ich \u00fadajov. \u017diadny sp\u00f4sob prenosu cez internet alebo elektronick\u00e9ho ukladania v\u0161ak nie je \u00faplne bezpe\u010dn\u00fd a nem\u00f4\u017eeme zaru\u010di\u0165 absol\u00fatnu bezpe\u010dnos\u0165. <\/p>\n\n<hr class=\"wp-block-separator has-alpha-channel-opacity\"\/>\n\n<h3 class=\"wp-block-heading\">S\u00fabory cookie a technol\u00f3gie sledovania<\/h3>\n\n<p>S\u00fabory cookie a podobn\u00e9 technol\u00f3gie pou\u017e\u00edvame na sledovanie va\u0161ej aktivity a zlep\u0161ovanie na\u0161ich slu\u017eieb.<\/p>\n\n<p><strong>Typy pou\u017e\u00edvan\u00fdch s\u00faborov cookie<\/strong><\/p>\n\n<ul class=\"wp-block-list\">\n<li><strong>Nevyhnutn\u00e9 s\u00fabory cookie:<\/strong> S\u00fa nevyhnutn\u00e9 pre z\u00e1kladn\u00e9 funkcie, ako je pr\u00edstup k \u00fa\u010dtu a transakcie.<\/li>\n\n\n\n<li><strong>S\u00fabory cookie s preferenciami:<\/strong> Ukladaj\u00fa va\u0161e preferencie, napr\u00edklad jazyk a polohu.<\/li>\n\n\n\n<li><strong>Analytick\u00e9 s\u00fabory cookie:<\/strong> Pom\u00e1haj\u00fa n\u00e1m analyzova\u0165 vzorce pou\u017e\u00edvania s cie\u013eom zlep\u0161i\u0165 na\u0161e slu\u017eby.<\/li>\n\n\n\n<li><strong>Reklamn\u00e9 s\u00fabory cookie:<\/strong> Poskytova\u0165 personalizovan\u00e9 reklamy a mera\u0165 v\u00fdkonnos\u0165 kampan\u00ed.<\/li>\n<\/ul>\n\n<p>S\u00fabory cookie m\u00f4\u017eete ovl\u00e1da\u0165 prostredn\u00edctvom nastaven\u00ed prehliada\u010da. Viac inform\u00e1ci\u00ed n\u00e1jdete na str\u00e1nke <strong><a href=\"http:\/\/www.allaboutcookies.org\/\">www.allaboutcookies.org<\/a><\/strong>. <\/p>\n\n<hr class=\"wp-block-separator has-alpha-channel-opacity\"\/>\n\n<h3 class=\"wp-block-heading\">Zmeny t\u00fdchto z\u00e1sad ochrany osobn\u00fdch \u00fadajov<\/h3>\n\n<p>Tieto z\u00e1sady ochrany osobn\u00fdch \u00fadajov m\u00f4\u017eeme pravidelne aktualizova\u0165. Zmeny bud\u00fa zverejnen\u00e9 tu a o v\u00fdznamn\u00fdch aktualiz\u00e1ci\u00e1ch budeme informova\u0165 priamo. <\/p>\n\n<hr class=\"wp-block-separator has-alpha-channel-opacity\"\/>\n\n<h3 class=\"wp-block-heading\">Kontaktujte n\u00e1s<\/h3>\n\n<p>Ak m\u00e1te ot\u00e1zky t\u00fdkaj\u00face sa t\u00fdchto z\u00e1sad ochrany osobn\u00fdch \u00fadajov alebo chcete uplatni\u0165 svoje pr\u00e1va, kontaktujte n\u00e1s na adrese:<\/p>\n\n<ul class=\"wp-block-list\">\n<li><strong>E-mail:<\/strong> <strong><a>franjulia.leather@gmail.com<\/a><\/strong><\/li>\n<\/ul>\n","protected":false},"excerpt":{"rendered":"<p>Z\u00e1sady ochrany osobn\u00fdch \u00fadajovD\u00e1tum \u00fa\u010dinnosti: [26 .11.2024]Posledn\u00e1 aktualiz\u00e1cia: [01 .12.2024] Tieto z\u00e1sady ochrany osobn\u00fdch \u00fadajov opisuj\u00fa na\u0161e z\u00e1sady a postupy<\/p>\n","protected":false},"author":1,"featured_media":0,"parent":0,"menu_order":0,"comment_status":"closed","ping_status":"closed","template":"","meta":{"jetpack_post_was_ever_published":true,"footnotes":""},"class_list":["post-30218","page","type-page","status-publish","hentry"],"aioseo_notices":[],"jetpack_sharing_enabled":true,"_links":{"self":[{"href":"https:\/\/franjulia.com\/sk\/wp-json\/wp\/v2\/pages\/30218","targetHints":{"allow":["GET"]}}],"collection":[{"href":"https:\/\/franjulia.com\/sk\/wp-json\/wp\/v2\/pages"}],"about":[{"href":"https:\/\/franjulia.com\/sk\/wp-json\/wp\/v2\/types\/page"}],"author":[{"embeddable":true,"href":"https:\/\/franjulia.com\/sk\/wp-json\/wp\/v2\/users\/1"}],"replies":[{"embeddable":true,"href":"https:\/\/franjulia.com\/sk\/wp-json\/wp\/v2\/comments?post=30218"}],"version-history":[{"count":2,"href":"https:\/\/franjulia.com\/sk\/wp-json\/wp\/v2\/pages\/30218\/revisions"}],"predecessor-version":[{"id":30223,"href":"https:\/\/franjulia.com\/sk\/wp-json\/wp\/v2\/pages\/30218\/revisions\/30223"}],"wp:attachment":[{"href":"https:\/\/franjulia.com\/sk\/wp-json\/wp\/v2\/media?parent=30218"}],"curies":[{"name":"wp","href":"https:\/\/api.w.org\/{rel}","templated":true}]}}