{"id":32129,"date":"2025-02-05T11:18:16","date_gmt":"2025-02-05T11:18:16","guid":{"rendered":"https:\/\/franjulia.com\/?post_type=product&#038;p=32129"},"modified":"2025-02-07T07:08:02","modified_gmt":"2025-02-07T07:08:02","slug":"cipzaros-kezitaska","status":"publish","type":"product","link":"https:\/\/franjulia.com\/hu\/termek\/cipzaros-kezitaska\/","title":{"rendered":"Cipz\u00e1ros k\u00e9zit\u00e1ska"},"content":{"rendered":"","protected":false},"excerpt":{"rendered":"<p>Kiv\u00e1l\u00f3 min\u0151s\u00e9g\u0171 b\u0151r cipz\u00e1ros k\u00e9zit\u00e1ska, mely \u00f6tv\u00f6zi az id\u0151tlen st\u00edlust a kiv\u00e9teles tart\u00f3ss\u00e1ggal. Pr\u00e9mium min\u0151s\u00e9g\u0171, n\u00f6v\u00e9nyi cserzett marhab\u0151rb\u0151l k\u00e9sz\u00fcl. Eleg\u00e1ns kialak\u00edt\u00e1s\u00fa, er\u0151s varr\u00e1ssal \u00e9s cipz\u00e1rral a biztons\u00e1gos t\u00e1rol\u00e1s \u00e9rdek\u00e9ben. A t\u00e1gas bels\u0151 t\u00e9r b\u0151s\u00e9ges helyet k\u00edn\u00e1l a n\u00e9lk\u00fcl\u00f6zhetetlen dolgoknak, m\u00edg a puha, rugalmas text\u00fara az \u00e9letkorral csak javul, \u00edgy sokoldal\u00fa \u00e9s tart\u00f3s kieg\u00e9sz\u00edt\u0151 minden alkalomra.<\/p>\n","protected":false},"featured_media":31882,"template":"","meta":{"jetpack_post_was_ever_published":false},"product_brand":[],"product_cat":[132],"product_tag":[],"class_list":{"0":"post-32129","1":"product","2":"type-product","3":"status-publish","4":"has-post-thumbnail","6":"product_cat-nincs-kategorizalva","8":"first","9":"instock","10":"shipping-taxable","11":"purchasable","12":"product-type-variable"},"aioseo_notices":[],"jetpack_sharing_enabled":true,"_links":{"self":[{"href":"https:\/\/franjulia.com\/hu\/wp-json\/wp\/v2\/product\/32129","targetHints":{"allow":["GET"]}}],"collection":[{"href":"https:\/\/franjulia.com\/hu\/wp-json\/wp\/v2\/product"}],"about":[{"href":"https:\/\/franjulia.com\/hu\/wp-json\/wp\/v2\/types\/product"}],"version-history":[{"count":6,"href":"https:\/\/franjulia.com\/hu\/wp-json\/wp\/v2\/product\/32129\/revisions"}],"predecessor-version":[{"id":32715,"href":"https:\/\/franjulia.com\/hu\/wp-json\/wp\/v2\/product\/32129\/revisions\/32715"}],"wp:featuredmedia":[{"embeddable":true,"href":"https:\/\/franjulia.com\/hu\/wp-json\/wp\/v2\/media\/31882"}],"wp:attachment":[{"href":"https:\/\/franjulia.com\/hu\/wp-json\/wp\/v2\/media?parent=32129"}],"wp:term":[{"taxonomy":"product_brand","embeddable":true,"href":"https:\/\/franjulia.com\/hu\/wp-json\/wp\/v2\/product_brand?post=32129"},{"taxonomy":"product_cat","embeddable":true,"href":"https:\/\/franjulia.com\/hu\/wp-json\/wp\/v2\/product_cat?post=32129"},{"taxonomy":"product_tag","embeddable":true,"href":"https:\/\/franjulia.com\/hu\/wp-json\/wp\/v2\/product_tag?post=32129"}],"curies":[{"name":"wp","href":"https:\/\/api.w.org\/{rel}","templated":true}]}}