{"id":31988,"date":"2025-02-05T08:22:00","date_gmt":"2025-02-05T08:22:00","guid":{"rendered":"https:\/\/franjulia.com\/product\/bifold-wallet\/"},"modified":"2025-02-06T18:12:53","modified_gmt":"2025-02-06T18:12:53","slug":"bifold-penztarca","status":"publish","type":"product","link":"https:\/\/franjulia.com\/hu\/termek\/bifold-penztarca\/","title":{"rendered":"Bifold p\u00e9nzt\u00e1rca"},"content":{"rendered":"","protected":false},"excerpt":{"rendered":"<p>A kiv\u00e1l\u00f3 min\u0151s\u00e9g\u0171 b\u0151rt\u00e1rca k\u00e9zzel k\u00e9sz\u00fclt n\u00f6v\u00e9nyi cserzett marhab\u0151rb\u0151l, amely tart\u00f3ss\u00e1got, eleganci\u00e1t, valamint a st\u00edlus \u00e9s a funkci\u00f3 t\u00f6k\u00e9letes kever\u00e9k\u00e9t k\u00edn\u00e1lja. A mindennapi haszn\u00e1latra tervezett t\u00e1rca t\u00f6bb k\u00e1rtyafoglalattal, t\u00e1gas k\u00e9szp\u00e9nzrekesszel \u00e9s eleg\u00e1ns, minimalista profillal rendelkezik. Tapasztalja meg a finom k\u00e9zm\u0171ves munka luxus\u00e1t egy olyan p\u00e9nzt\u00e1rc\u00e1val, amely az id\u0151 m\u00fal\u00e1s\u00e1val gy\u00f6ny\u00f6r\u0171en \u00e9rik.<\/p>\n","protected":false},"featured_media":31629,"template":"","meta":{"jetpack_post_was_ever_published":false},"product_brand":[],"product_cat":[117],"product_tag":[],"class_list":{"0":"post-31988","1":"product","2":"type-product","3":"status-publish","4":"has-post-thumbnail","6":"product_cat-uncategorized-hu","8":"first","9":"instock","10":"shipping-taxable","11":"purchasable","12":"product-type-variable"},"aioseo_notices":[],"jetpack_sharing_enabled":true,"_links":{"self":[{"href":"https:\/\/franjulia.com\/hu\/wp-json\/wp\/v2\/product\/31988","targetHints":{"allow":["GET"]}}],"collection":[{"href":"https:\/\/franjulia.com\/hu\/wp-json\/wp\/v2\/product"}],"about":[{"href":"https:\/\/franjulia.com\/hu\/wp-json\/wp\/v2\/types\/product"}],"version-history":[{"count":4,"href":"https:\/\/franjulia.com\/hu\/wp-json\/wp\/v2\/product\/31988\/revisions"}],"predecessor-version":[{"id":32224,"href":"https:\/\/franjulia.com\/hu\/wp-json\/wp\/v2\/product\/31988\/revisions\/32224"}],"wp:featuredmedia":[{"embeddable":true,"href":"https:\/\/franjulia.com\/hu\/wp-json\/wp\/v2\/media\/31629"}],"wp:attachment":[{"href":"https:\/\/franjulia.com\/hu\/wp-json\/wp\/v2\/media?parent=31988"}],"wp:term":[{"taxonomy":"product_brand","embeddable":true,"href":"https:\/\/franjulia.com\/hu\/wp-json\/wp\/v2\/product_brand?post=31988"},{"taxonomy":"product_cat","embeddable":true,"href":"https:\/\/franjulia.com\/hu\/wp-json\/wp\/v2\/product_cat?post=31988"},{"taxonomy":"product_tag","embeddable":true,"href":"https:\/\/franjulia.com\/hu\/wp-json\/wp\/v2\/product_tag?post=31988"}],"curies":[{"name":"wp","href":"https:\/\/api.w.org\/{rel}","templated":true}]}}