{"id":31358,"date":"2024-12-06T11:00:09","date_gmt":"2024-12-06T11:00:09","guid":{"rendered":"https:\/\/franjulia.com\/product\/knife-case-2\/"},"modified":"2025-04-16T17:22:53","modified_gmt":"2025-04-16T17:22:53","slug":"bicska-tok","status":"publish","type":"product","link":"https:\/\/franjulia.com\/hu\/termek\/bicska-tok\/","title":{"rendered":"K\u00e9s tok"},"content":{"rendered":"","protected":false},"excerpt":{"rendered":"<p>Egyedi b\u0151r tokot k\u00e9sz\u00edtek, amely t\u00f6k\u00e9letesen illeszkedik a k\u00e9sedhez. V\u00e1lassza ki a k\u00edv\u00e1nt sz\u00ednt, fonalat, \u00e9s ak\u00e1r szem\u00e9lyre szabott monogramot is adhat hozz\u00e1. A megrendel\u00e9s lead\u00e1sakor k\u00e9rj\u00fck, adja meg a k\u00e9s m\u00e9reteit &#8211; hossz\u00fas\u00e1g, sz\u00e9less\u00e9g \u00e9s vastags\u00e1g &#8211; a megjegyz\u00e9s rovatban.<\/p>\n<p><strong>*TERVEZD MEG A SAJ\u00c1T K\u00c9ST\u00c1SK\u00c1DAT.<br \/>\nV\u00c1LASSZON B\u0150RT \u00c9S C\u00c9RN\u00c1T! <\/strong><\/p>\n","protected":false},"featured_media":31350,"template":"","meta":{"jetpack_post_was_ever_published":false},"product_brand":[],"product_cat":[117],"product_tag":[],"class_list":{"0":"post-31358","1":"product","2":"type-product","3":"status-publish","4":"has-post-thumbnail","6":"product_cat-uncategorized-hu","8":"first","9":"instock","10":"shipping-taxable","11":"purchasable","12":"product-type-variable"},"aioseo_notices":[],"jetpack_sharing_enabled":true,"_links":{"self":[{"href":"https:\/\/franjulia.com\/hu\/wp-json\/wp\/v2\/product\/31358","targetHints":{"allow":["GET"]}}],"collection":[{"href":"https:\/\/franjulia.com\/hu\/wp-json\/wp\/v2\/product"}],"about":[{"href":"https:\/\/franjulia.com\/hu\/wp-json\/wp\/v2\/types\/product"}],"version-history":[{"count":3,"href":"https:\/\/franjulia.com\/hu\/wp-json\/wp\/v2\/product\/31358\/revisions"}],"predecessor-version":[{"id":33538,"href":"https:\/\/franjulia.com\/hu\/wp-json\/wp\/v2\/product\/31358\/revisions\/33538"}],"wp:featuredmedia":[{"embeddable":true,"href":"https:\/\/franjulia.com\/hu\/wp-json\/wp\/v2\/media\/31350"}],"wp:attachment":[{"href":"https:\/\/franjulia.com\/hu\/wp-json\/wp\/v2\/media?parent=31358"}],"wp:term":[{"taxonomy":"product_brand","embeddable":true,"href":"https:\/\/franjulia.com\/hu\/wp-json\/wp\/v2\/product_brand?post=31358"},{"taxonomy":"product_cat","embeddable":true,"href":"https:\/\/franjulia.com\/hu\/wp-json\/wp\/v2\/product_cat?post=31358"},{"taxonomy":"product_tag","embeddable":true,"href":"https:\/\/franjulia.com\/hu\/wp-json\/wp\/v2\/product_tag?post=31358"}],"curies":[{"name":"wp","href":"https:\/\/api.w.org\/{rel}","templated":true}]}}