{"id":30715,"date":"2024-11-21T13:47:05","date_gmt":"2024-11-21T13:47:05","guid":{"rendered":"https:\/\/franjulia.com\/product\/kartyatarto\/"},"modified":"2025-04-16T17:22:52","modified_gmt":"2025-04-16T17:22:52","slug":"kartyatarto","status":"publish","type":"product","link":"https:\/\/franjulia.com\/hu\/termek\/kartyatarto\/","title":{"rendered":"K\u00e1rtyatart\u00f3"},"content":{"rendered":"","protected":false},"excerpt":{"rendered":"<p class=\"p1\">A franjulia k\u00e1rtyatart\u00f3 nagy gondoss\u00e1ggal k\u00e9sz\u00fclt. Kiv\u00e1l\u00f3 min\u0151s\u00e9g\u0171, n\u00f6v\u00e9nyi cserz\u00e9s\u0171 b\u0151rb\u0151l k\u00e9sz\u00fclt, k\u00e9zzel varrott. Kicsi, eleg\u00e1ns, k\u00f6nnyen elf\u00e9r a zseb\u00e9ben vagy a t\u00e1sk\u00e1j\u00e1ban. Alkalmas 6 k\u00e1rtya t\u00e1rol\u00e1s\u00e1ra.   <\/p>\n<p class=\"p1\"><strong>*TERVEZD MEG A SAJ\u00c1T K\u00c1RTYATART\u00d3DAT. V\u00c1LASSZON B\u0150RT \u00c9S C\u00c9RN\u00c1T!<\/strong><\/p>\n","protected":false},"featured_media":31283,"template":"","meta":{"jetpack_post_was_ever_published":true},"product_brand":[],"product_cat":[117],"product_tag":[],"class_list":{"0":"post-30715","1":"product","2":"type-product","3":"status-publish","4":"has-post-thumbnail","6":"product_cat-uncategorized-hu","8":"first","9":"instock","10":"shipping-taxable","11":"purchasable","12":"product-type-variable"},"aioseo_notices":[],"jetpack_sharing_enabled":true,"_links":{"self":[{"href":"https:\/\/franjulia.com\/hu\/wp-json\/wp\/v2\/product\/30715","targetHints":{"allow":["GET"]}}],"collection":[{"href":"https:\/\/franjulia.com\/hu\/wp-json\/wp\/v2\/product"}],"about":[{"href":"https:\/\/franjulia.com\/hu\/wp-json\/wp\/v2\/types\/product"}],"version-history":[{"count":3,"href":"https:\/\/franjulia.com\/hu\/wp-json\/wp\/v2\/product\/30715\/revisions"}],"predecessor-version":[{"id":33535,"href":"https:\/\/franjulia.com\/hu\/wp-json\/wp\/v2\/product\/30715\/revisions\/33535"}],"wp:featuredmedia":[{"embeddable":true,"href":"https:\/\/franjulia.com\/hu\/wp-json\/wp\/v2\/media\/31283"}],"wp:attachment":[{"href":"https:\/\/franjulia.com\/hu\/wp-json\/wp\/v2\/media?parent=30715"}],"wp:term":[{"taxonomy":"product_brand","embeddable":true,"href":"https:\/\/franjulia.com\/hu\/wp-json\/wp\/v2\/product_brand?post=30715"},{"taxonomy":"product_cat","embeddable":true,"href":"https:\/\/franjulia.com\/hu\/wp-json\/wp\/v2\/product_cat?post=30715"},{"taxonomy":"product_tag","embeddable":true,"href":"https:\/\/franjulia.com\/hu\/wp-json\/wp\/v2\/product_tag?post=30715"}],"curies":[{"name":"wp","href":"https:\/\/api.w.org\/{rel}","templated":true}]}}