{"id":30477,"date":"2024-11-21T13:49:03","date_gmt":"2024-11-21T13:49:03","guid":{"rendered":"https:\/\/franjulia.com\/product\/kis-penztarca\/"},"modified":"2025-04-16T17:22:54","modified_gmt":"2025-04-16T17:22:54","slug":"penztarca","status":"publish","type":"product","link":"https:\/\/franjulia.com\/hu\/termek\/penztarca\/","title":{"rendered":"Kis p\u00e9nzt\u00e1rca"},"content":{"rendered":"","protected":false},"excerpt":{"rendered":"<p class=\"p1\">A franjulia kis p\u00e9nzt\u00e1rca nagy gondoss\u00e1ggal k\u00e9sz\u00fclt. Kiv\u00e1l\u00f3 min\u0151s\u00e9g\u0171, n\u00f6v\u00e9nyi cserz\u00e9s\u0171 b\u0151rb\u0151l k\u00e9sz\u00fclt, k\u00e9zzel varrott. Kicsi, eleg\u00e1ns, k\u00f6nnyen elf\u00e9r a zseb\u00e9ben vagy a t\u00e1sk\u00e1j\u00e1ban. Alkalmas 6 k\u00e1rtya \u00e9s k\u00e9szp\u00e9nz t\u00e1rol\u00e1s\u00e1ra.   <\/p>\n<p><strong>*TERVEZD MEG A SAJ\u00c1T KIS P\u00c9NZT\u00c1RC\u00c1DAT. V\u00c1LASSZON B\u0150RT \u00c9S C\u00c9RN\u00c1T!<\/strong><\/p>\n","protected":false},"featured_media":31286,"template":"","meta":{"jetpack_post_was_ever_published":true},"product_brand":[],"product_cat":[117],"product_tag":[],"class_list":{"0":"post-30477","1":"product","2":"type-product","3":"status-publish","4":"has-post-thumbnail","6":"product_cat-uncategorized-hu","8":"first","9":"instock","10":"shipping-taxable","11":"purchasable","12":"product-type-variable"},"aioseo_notices":[],"jetpack_sharing_enabled":true,"_links":{"self":[{"href":"https:\/\/franjulia.com\/hu\/wp-json\/wp\/v2\/product\/30477","targetHints":{"allow":["GET"]}}],"collection":[{"href":"https:\/\/franjulia.com\/hu\/wp-json\/wp\/v2\/product"}],"about":[{"href":"https:\/\/franjulia.com\/hu\/wp-json\/wp\/v2\/types\/product"}],"version-history":[{"count":4,"href":"https:\/\/franjulia.com\/hu\/wp-json\/wp\/v2\/product\/30477\/revisions"}],"predecessor-version":[{"id":33539,"href":"https:\/\/franjulia.com\/hu\/wp-json\/wp\/v2\/product\/30477\/revisions\/33539"}],"wp:featuredmedia":[{"embeddable":true,"href":"https:\/\/franjulia.com\/hu\/wp-json\/wp\/v2\/media\/31286"}],"wp:attachment":[{"href":"https:\/\/franjulia.com\/hu\/wp-json\/wp\/v2\/media?parent=30477"}],"wp:term":[{"taxonomy":"product_brand","embeddable":true,"href":"https:\/\/franjulia.com\/hu\/wp-json\/wp\/v2\/product_brand?post=30477"},{"taxonomy":"product_cat","embeddable":true,"href":"https:\/\/franjulia.com\/hu\/wp-json\/wp\/v2\/product_cat?post=30477"},{"taxonomy":"product_tag","embeddable":true,"href":"https:\/\/franjulia.com\/hu\/wp-json\/wp\/v2\/product_tag?post=30477"}],"curies":[{"name":"wp","href":"https:\/\/api.w.org\/{rel}","templated":true}]}}