{"id":30414,"date":"2024-11-21T13:54:37","date_gmt":"2024-11-21T13:54:37","guid":{"rendered":"https:\/\/franjulia.com\/product\/utlevelhuvely\/"},"modified":"2025-04-16T17:22:52","modified_gmt":"2025-04-16T17:22:52","slug":"utlevelhuvely","status":"publish","type":"product","link":"https:\/\/franjulia.com\/hu\/termek\/utlevelhuvely\/","title":{"rendered":"\u00datlev\u00e9lh\u00fcvely"},"content":{"rendered":"","protected":false},"excerpt":{"rendered":"<p>Tartsa \u00fatlevel\u00e9t biztons\u00e1gban \u00e9s st\u00edlusosan k\u00e9zzel k\u00e9sz\u00edtett b\u0151r \u00fatlev\u00e9ltart\u00f3nkkal. Pr\u00e9mium min\u0151s\u00e9g\u0171 b\u0151rb\u0151l k\u00e9sz\u00fclt, \u00e9s \u00fagy tervezt\u00fck, hogy megv\u00e9dje alapvet\u0151 utaz\u00e1si dokumentumait, mik\u00f6zben id\u0151tlen eleganci\u00e1t sug\u00e1roz. <\/p>\n<p><strong>*TERVEZD MEG SAJ\u00c1T \u00daTLEV\u00c9LTART\u00d3DAT. V\u00c1LASSZON B\u0150RT \u00c9S C\u00c9RN\u00c1T!<\/strong><\/p>\n","protected":false},"featured_media":31247,"template":"","meta":{"jetpack_post_was_ever_published":true},"product_brand":[],"product_cat":[117],"product_tag":[],"class_list":{"0":"post-30414","1":"product","2":"type-product","3":"status-publish","4":"has-post-thumbnail","6":"product_cat-uncategorized-hu","8":"first","9":"instock","10":"shipping-taxable","11":"purchasable","12":"product-type-variable"},"aioseo_notices":[],"jetpack_sharing_enabled":true,"_links":{"self":[{"href":"https:\/\/franjulia.com\/hu\/wp-json\/wp\/v2\/product\/30414","targetHints":{"allow":["GET"]}}],"collection":[{"href":"https:\/\/franjulia.com\/hu\/wp-json\/wp\/v2\/product"}],"about":[{"href":"https:\/\/franjulia.com\/hu\/wp-json\/wp\/v2\/types\/product"}],"version-history":[{"count":6,"href":"https:\/\/franjulia.com\/hu\/wp-json\/wp\/v2\/product\/30414\/revisions"}],"predecessor-version":[{"id":33536,"href":"https:\/\/franjulia.com\/hu\/wp-json\/wp\/v2\/product\/30414\/revisions\/33536"}],"wp:featuredmedia":[{"embeddable":true,"href":"https:\/\/franjulia.com\/hu\/wp-json\/wp\/v2\/media\/31247"}],"wp:attachment":[{"href":"https:\/\/franjulia.com\/hu\/wp-json\/wp\/v2\/media?parent=30414"}],"wp:term":[{"taxonomy":"product_brand","embeddable":true,"href":"https:\/\/franjulia.com\/hu\/wp-json\/wp\/v2\/product_brand?post=30414"},{"taxonomy":"product_cat","embeddable":true,"href":"https:\/\/franjulia.com\/hu\/wp-json\/wp\/v2\/product_cat?post=30414"},{"taxonomy":"product_tag","embeddable":true,"href":"https:\/\/franjulia.com\/hu\/wp-json\/wp\/v2\/product_tag?post=30414"}],"curies":[{"name":"wp","href":"https:\/\/api.w.org\/{rel}","templated":true}]}}