{"id":30302,"date":"2024-11-21T13:51:28","date_gmt":"2024-11-21T13:51:28","guid":{"rendered":"https:\/\/franjulia.com\/product\/nagy-penztarca\/"},"modified":"2025-04-16T17:22:50","modified_gmt":"2025-04-16T17:22:50","slug":"nagy-penztarca","status":"publish","type":"product","link":"https:\/\/franjulia.com\/hu\/termek\/nagy-penztarca\/","title":{"rendered":"Nagy p\u00e9nzt\u00e1rca"},"content":{"rendered":"","protected":false},"excerpt":{"rendered":"<p class=\"p1\">A franjulia nagym\u00e9ret\u0171 p\u00e9nzt\u00e1rca nagy gondoss\u00e1ggal k\u00e9sz\u00fclt. Kiv\u00e1l\u00f3 min\u0151s\u00e9g\u0171, n\u00f6v\u00e9nyi cserz\u00e9s\u0171 b\u0151rb\u0151l k\u00e9sz\u00fclt, k\u00e9zzel varrott. K\u00e9nyelmesen illeszkedik a k\u00e9zbe, mobil, k\u00e9szp\u00e9nz, iratok \u00e9s \u00fatlev\u00e9l t\u00e1rolhat\u00f3 benne.  <\/p>\n<p><strong>*TERVEZD MEG A SAJ\u00c1T NAGY P\u00c9NZT\u00c1RC\u00c1DAT. V\u00c1LASSZON B\u0150RT \u00c9S C\u00c9RN\u00c1T!<\/strong><\/p>\n","protected":false},"featured_media":31289,"template":"","meta":{"jetpack_post_was_ever_published":true},"product_brand":[],"product_cat":[117],"product_tag":[],"class_list":{"0":"post-30302","1":"product","2":"type-product","3":"status-publish","4":"has-post-thumbnail","6":"product_cat-uncategorized-hu","8":"first","9":"instock","10":"shipping-taxable","11":"purchasable","12":"product-type-variable"},"aioseo_notices":[],"jetpack_sharing_enabled":true,"_links":{"self":[{"href":"https:\/\/franjulia.com\/hu\/wp-json\/wp\/v2\/product\/30302","targetHints":{"allow":["GET"]}}],"collection":[{"href":"https:\/\/franjulia.com\/hu\/wp-json\/wp\/v2\/product"}],"about":[{"href":"https:\/\/franjulia.com\/hu\/wp-json\/wp\/v2\/types\/product"}],"version-history":[{"count":3,"href":"https:\/\/franjulia.com\/hu\/wp-json\/wp\/v2\/product\/30302\/revisions"}],"predecessor-version":[{"id":33534,"href":"https:\/\/franjulia.com\/hu\/wp-json\/wp\/v2\/product\/30302\/revisions\/33534"}],"wp:featuredmedia":[{"embeddable":true,"href":"https:\/\/franjulia.com\/hu\/wp-json\/wp\/v2\/media\/31289"}],"wp:attachment":[{"href":"https:\/\/franjulia.com\/hu\/wp-json\/wp\/v2\/media?parent=30302"}],"wp:term":[{"taxonomy":"product_brand","embeddable":true,"href":"https:\/\/franjulia.com\/hu\/wp-json\/wp\/v2\/product_brand?post=30302"},{"taxonomy":"product_cat","embeddable":true,"href":"https:\/\/franjulia.com\/hu\/wp-json\/wp\/v2\/product_cat?post=30302"},{"taxonomy":"product_tag","embeddable":true,"href":"https:\/\/franjulia.com\/hu\/wp-json\/wp\/v2\/product_tag?post=30302"}],"curies":[{"name":"wp","href":"https:\/\/api.w.org\/{rel}","templated":true}]}}