{"id":30259,"date":"2021-10-12T15:51:09","date_gmt":"2021-10-12T15:51:09","guid":{"rendered":"https:\/\/franjulia.com\/a-oldalrol\/"},"modified":"2024-12-05T11:38:44","modified_gmt":"2024-12-05T11:38:44","slug":"rolam","status":"publish","type":"page","link":"https:\/\/franjulia.com\/hu\/rolam\/","title":{"rendered":"R\u00f3lam"},"content":{"rendered":"\t\t<div data-elementor-type=\"wp-page\" data-elementor-id=\"30259\" class=\"elementor elementor-30259 elementor-4400\" data-elementor-post-type=\"page\">\n\t\t\t\t<div class=\"wd-negative-gap elementor-element elementor-element-7c7c544 e-flex e-con-boxed e-con e-parent\" data-id=\"7c7c544\" data-element_type=\"container\" data-e-type=\"container\">\n\t\t\t\t\t<div class=\"e-con-inner\">\n\t\t<div class=\"elementor-element elementor-element-e7cb5cd e-con-full e-flex e-con e-child\" data-id=\"e7cb5cd\" data-element_type=\"container\" data-e-type=\"container\">\n\t\t\t\t<div class=\"elementor-element elementor-element-56aec39 elementor-widget elementor-widget-wd_image_or_svg\" data-id=\"56aec39\" data-element_type=\"widget\" data-e-type=\"widget\" data-widget_type=\"wd_image_or_svg.default\">\n\t\t\t\t<div class=\"elementor-widget-container\">\n\t\t\t\t\t\n\t\t<div class=\"wd-image text-left\">\n\t\t\t\t\t\t\t\t<img loading=\"lazy\" decoding=\"async\" width=\"1500\" height=\"1000\" src=\"https:\/\/franjulia.com\/wp-content\/uploads\/2024\/11\/download-67-1.jpeg\" class=\"attachment-full size-full\" alt=\"Franjulia\" srcset=\"https:\/\/franjulia.com\/wp-content\/uploads\/2024\/11\/download-67-1.jpeg 1500w, https:\/\/franjulia.com\/wp-content\/uploads\/2024\/11\/download-67-1-430x287.jpeg 430w, https:\/\/franjulia.com\/wp-content\/uploads\/2024\/11\/download-67-1-150x100.jpeg 150w, https:\/\/franjulia.com\/wp-content\/uploads\/2024\/11\/download-67-1-700x467.jpeg 700w, https:\/\/franjulia.com\/wp-content\/uploads\/2024\/11\/download-67-1-400x267.jpeg 400w, https:\/\/franjulia.com\/wp-content\/uploads\/2024\/11\/download-67-1-1200x800.jpeg 1200w, https:\/\/franjulia.com\/wp-content\/uploads\/2024\/11\/download-67-1-768x512.jpeg 768w\" sizes=\"auto, (max-width: 1500px) 100vw, 1500px\" \/>\t\t\t\t\t<\/div>\n\n\t\t\t\t\t\t<\/div>\n\t\t\t\t<\/div>\n\t\t\t\t<\/div>\n\t\t<div class=\"elementor-element elementor-element-97d6084 e-con-full e-flex e-con e-child\" data-id=\"97d6084\" data-element_type=\"container\" data-e-type=\"container\">\n\t\t\t\t<div class=\"elementor-element elementor-element-98d830b elementor-widget__width-initial wd-width-100 elementor-widget elementor-widget-wd_title\" data-id=\"98d830b\" data-element_type=\"widget\" data-e-type=\"widget\" data-widget_type=\"wd_title.default\">\n\t\t\t\t<div class=\"elementor-widget-container\">\n\t\t\t\t\t\t\t<div class=\"title-wrapper wd-set-mb reset-last-child wd-title-color-primary wd-title-style-default wd-title-size-large text-left\">\n\n\t\t\t\n\t\t\t<div class=\"liner-continer\">\n\t\t\t\t<h4 class=\"woodmart-title-container title wd-fontsize-xxl\">A Franjulia t\u00f6rt\u00e9net<\/h4> \n\t\t\t\t\t\t\t<\/div>\n\n\t\t\t\t\t\t\t<div class=\"title-after_title reset-last-child wd-fontsize-s\">\n\t\t\t\t\t<p>A Franjulia t\u00f6rt\u00e9nete n\u00e9gy \u00e9vvel ezel\u0151tt kezd\u0151d\u00f6tt, de a gy\u00f6kerei eg\u00e9szen a gyermekkoromig ny\u00falnak vissza, ahol a k\u00e9zm\u0171vess\u00e9g ir\u00e1nti szeretetem magvait nagysz\u00fcleim m\u0171hely\u00e9ben \u00fcltett\u00e9k el.<\/p>\t\t\t\t<\/div>\n\t\t\t\t\t<\/div>\n\t\t\t\t\t\t<\/div>\n\t\t\t\t<\/div>\n\t\t\t\t<div class=\"elementor-element elementor-element-66e47ad elementor-widget elementor-widget-wd_text_block\" data-id=\"66e47ad\" data-element_type=\"widget\" data-e-type=\"widget\" data-widget_type=\"wd_text_block.default\">\n\t\t\t\t<div class=\"elementor-widget-container\">\n\t\t\t\t\t\t\t<div class=\"wd-text-block reset-last-child text-left\">\n\t\t\t\n\t\t\t<p class=\"p1\">Nagyap\u00e1m eszterga mester volt, \u00e9s gyermekkoromt\u00f3l kezdve sz\u00e1mtalan d\u00e9lut\u00e1nt t\u00f6lt\u00f6ttem a m\u0171hely\u00e9ben. Elvar\u00e1zsolt az, amit a k\u00e9t kez\u00e9vel hozott l\u00e9tre. A keze a nyers, alaktalan f\u00e1b\u00f3l eleg\u00e1ns t\u00e1rgyakat tudott var\u00e1zsolni, amelyek mintha \u00e9letre keltek volna. Amikor csak tudtam, seg\u00edtettem, f\u0171r\u00e9szport sepertem, szersz\u00e1mokat adtam \u00e1t, \u00e9s csendben magamba sz\u00edvtam minden mozdulat\u00e1t, minden gesztus\u00e1t. A nagymam\u00e1m is igazi m\u0171v\u00e9sz volt.<\/p>\n\t\t\t\t\t<\/div>\n\t\t\t\t\t\t<\/div>\n\t\t\t\t<\/div>\n\t\t\t\t<\/div>\n\t\t\t\t\t<\/div>\n\t\t\t\t<\/div>\n\t\t<div class=\"wd-negative-gap elementor-element elementor-element-de86a87 e-flex e-con-boxed e-con e-parent\" data-id=\"de86a87\" data-element_type=\"container\" data-e-type=\"container\">\n\t\t\t\t\t<div class=\"e-con-inner\">\n\t\t<div class=\"elementor-element elementor-element-8d75fb3 e-con-full e-flex e-con e-child\" data-id=\"8d75fb3\" data-element_type=\"container\" data-e-type=\"container\">\n\t\t\t\t<div class=\"elementor-element elementor-element-d2ad54d elementor-widget elementor-widget-wd_text_block\" data-id=\"d2ad54d\" data-element_type=\"widget\" data-e-type=\"widget\" data-widget_type=\"wd_text_block.default\">\n\t\t\t\t<div class=\"elementor-widget-container\">\n\t\t\t\t\t\t\t<div class=\"wd-text-block reset-last-child text-left\">\n\t\t\t\n\t\t\t<p class=\"p1\">Finoman b\u00e1nt a t\u0171vel, \u00e9s \u0151 volt az, aki megtan\u00edtott a h\u00edmz\u00e9sre. Bonyolult mint\u00e1kat alkotott, amelyek a hagyom\u00e1nyr\u00f3l \u00e9s a sz\u00e9ps\u00e9gr\u0151l sz\u00f3ltak. <br \/>Nagyap\u00e1mhoz hasonl\u00f3an \u0151 is szeretett alkotni - legyen az varr\u00e1s, sz\u00f6v\u00e9s vagy h\u00edmz\u00e9s, a keze mindig valamilyen m\u0171v\u00e9szeti tev\u00e9kenys\u00e9ggel volt elfoglalva. Mellette \u00fcltem, \u00e9s hatalmas \u00f6r\u00f6m\u00f6t \u00e9s c\u00e9ltudatoss\u00e1got \u00e9reztem, mik\u00f6zben a saj\u00e1t kis alkot\u00e1saimat varrtam \u00f6ssze. Ezek a vele t\u00f6lt\u00f6tt csendes pillanatok tele voltak szeretettel, t\u00fcrelemmel \u00e9s azzal az egyszer\u0171 \u00f6r\u00f6mmel, hogy a semmib\u0151l valami sz\u00e9pet k\u00e9sz\u00edthetek.<\/p><p class=\"p1\">A \"Franjulia\" n\u00e9v az ir\u00e1ntuk \u00e9rzett h\u00e1l\u00e1b\u00f3l sz\u00fcletett - a nagysz\u00fcleim, gyermekkorom alappill\u00e9rei, akik a k\u00e9zm\u0171vess\u00e9g ir\u00e1nti szenved\u00e9ly\u00fcket adt\u00e1k \u00e1t nekem. Azt akartam, hogy \u00f6r\u00f6ks\u00e9g\u00fck, a saj\u00e1t kez\u0171 alkot\u00e1s ir\u00e1nti szeretet\u00fck tov\u00e1bb \u00e9ljen mindenben, amit k\u00e9sz\u00edtek.\u00a0<\/p>\n\t\t\t\t\t<\/div>\n\t\t\t\t\t\t<\/div>\n\t\t\t\t<\/div>\n\t\t\t\t<\/div>\n\t\t<div class=\"elementor-element elementor-element-c708712 e-con-full e-flex e-con e-child\" data-id=\"c708712\" data-element_type=\"container\" data-e-type=\"container\">\n\t\t\t\t<div class=\"elementor-element elementor-element-ec03734 wd-width-100 elementor-widget elementor-widget-wd_images_gallery\" data-id=\"ec03734\" data-element_type=\"widget\" data-e-type=\"widget\" data-widget_type=\"wd_images_gallery.default\">\n\t\t\t\t<div class=\"elementor-widget-container\">\n\t\t\t\t\t\t\t<div class=\"wd-images-gallery photoswipe-images\" style=\"--wd-align-items:center; --wd-justify-content:center;\">\n\t\t\t\t\t\t<div class=\"wd-grid-g\" style=\"--wd-col-lg:1;--wd-col-md:1;--wd-col-sm:1;--wd-gap-lg:0px;\" >\n\t\t\t\t\t\t\t\t\t\t\t\t\t\t\t\t\t\t<div class=\"wd-gallery-item wd-col\">\n\t\t\t\t\t\t\t\t\t\t\t\t\t<a  href=\"https:\/\/franjulia.com\/wp-content\/uploads\/2024\/11\/download-54.jpeg\" data-width=\"1500\" data-height=\"1000\" data-index=\"1\" data-elementor-open-lightbox=\"no\">\n\t\t\t\t\t\t\n\t\t\t\t\t\t<img loading=\"lazy\" decoding=\"async\" width=\"1200\" height=\"800\" src=\"https:\/\/franjulia.com\/wp-content\/uploads\/2024\/11\/download-54-1200x800.jpeg\" class=\"attachment-large size-large\" alt=\"leather workshop\" srcset=\"https:\/\/franjulia.com\/wp-content\/uploads\/2024\/11\/download-54-1200x800.jpeg 1200w, https:\/\/franjulia.com\/wp-content\/uploads\/2024\/11\/download-54-430x287.jpeg 430w, https:\/\/franjulia.com\/wp-content\/uploads\/2024\/11\/download-54-150x100.jpeg 150w, https:\/\/franjulia.com\/wp-content\/uploads\/2024\/11\/download-54-700x467.jpeg 700w, https:\/\/franjulia.com\/wp-content\/uploads\/2024\/11\/download-54-400x267.jpeg 400w, https:\/\/franjulia.com\/wp-content\/uploads\/2024\/11\/download-54-768x512.jpeg 768w, https:\/\/franjulia.com\/wp-content\/uploads\/2024\/11\/download-54.jpeg 1500w\" sizes=\"auto, (max-width: 1200px) 100vw, 1200px\" \/>\n\t\t\t\t\t\t\t\t\t\t\t\t\t<\/a>\n\t\t\t\t\t\t\t\t\t\t\t<\/div>\n\t\t\t\t\t\t\t\t\t\t\t\t\t<\/div>\n\t\t\t\t\t<\/div>\n\t\t\t\t\t\t<\/div>\n\t\t\t\t<\/div>\n\t\t\t\t<\/div>\n\t\t\t\t\t<\/div>\n\t\t\t\t<\/div>\n\t\t<div class=\"wd-negative-gap elementor-element elementor-element-7b3557d e-flex e-con-boxed e-con e-parent\" data-id=\"7b3557d\" data-element_type=\"container\" data-e-type=\"container\">\n\t\t\t\t\t<div class=\"e-con-inner\">\n\t\t\t\t<div class=\"elementor-element elementor-element-9f5da06 elementor-widget elementor-widget-wd_text_block\" data-id=\"9f5da06\" data-element_type=\"widget\" data-e-type=\"widget\" data-widget_type=\"wd_text_block.default\">\n\t\t\t\t<div class=\"elementor-widget-container\">\n\t\t\t\t\t\t\t<div class=\"wd-text-block reset-last-child text-left\">\n\t\t\t\n\t\t\t<p class=\"p1\">\u00d6t \u00e9vvel ezel\u0151tt tal\u00e1lkoztam el\u0151sz\u00f6r a n\u00f6v\u00e9nyi cserz\u00e9s\u0171 b\u0151rrel. Az illata - gazdag \u00e9s f\u00f6ldes - m\u00e9lyen meg\u00e9rintett valamit bennem, \u00e9s ugyanazt a csod\u00e1latot id\u00e9zte fel bennem, amit a nagyap\u00e1m m\u0171hely\u00e9ben \u00e9reztem. Szerelem volt els\u0151 illatra, de enn\u00e9l is jobban beleszerettem mag\u00e1ba az anyagba. A b\u0151r, ak\u00e1rcsak a fa, id\u0151tlen. Van egy m\u00f3dja annak, hogy t\u00f6rt\u00e9netet hordozzon mag\u00e1ban, m\u00e9lt\u00f3s\u00e1gteljesen \u00f6regszik minden egyes nyom\u00e1val, minden egyes gy\u0171r\u0151d\u00e9s\u00e9vel, ami az eddigi \u00e9let\u00e9r\u0151l tan\u00faskodik. Nemcsak a sz\u00e9ps\u00e9ge, hanem a precizit\u00e1sa miatt is vonzott a b\u0151rm\u0171vess\u00e9g. Sokan nem is sejtik, hogy mekkora gondoss\u00e1g \u00e9s t\u00fcrelem sz\u00fcks\u00e9ges ahhoz, hogy valamit b\u0151rb\u0151l k\u00e9sz\u00edtsenek. Minden v\u00e1g\u00e1snak, minden \u00f6lt\u00e9snek pontosnak kell lennie. Egyetlen cs\u00fasz\u00e1s a peng\u00e9vel, egy pillanatnyi figyelmetlens\u00e9g, \u00e9s m\u00e1ris t\u00f6nkreteheted az eg\u00e9sz darabot, \u00e9s k\u00e9nytelen leszel mindent el\u00f6lr\u0151l kezdeni. Ez egy olyan m\u0171v\u00e9szeti forma, amely \u00f6sszpontos\u00edt\u00e1st \u00e9s odaad\u00e1st ig\u00e9nyel - olyan tulajdons\u00e1gokat, amelyeket a nagysz\u00fcleim m\u00e1r fiatal koromt\u00f3l kezdve bel\u00e9m neveltek. Nincs olyan r\u00e9sze a b\u0151r\u00f6z\u00e9snek, amit ne szeretn\u00e9k.<\/p><p>A t\u00f6k\u00e9letes b\u0151r kiv\u00e1laszt\u00e1s\u00e1t\u00f3l az utols\u00f3 r\u00e9szletek k\u00e9zi varr\u00e1s\u00e1ig. Ez egy olyan mesters\u00e9g, amely megtan\u00edt a t\u00fcrelemre, tiszteletre \u00e9s a t\u00f6k\u00e9letlens\u00e9g sz\u00e9ps\u00e9g\u00e9nek m\u00e9ly megbecs\u00fcl\u00e9s\u00e9re. A b\u0151r, ak\u00e1rcsak az \u00e9let sem hib\u00e1tlan. B\u00e1ja az egyedi jegyekben, az id\u0151 \u00e9s a haszn\u00e1lat jeleiben rejlik, amelyek minden darabot egyediv\u00e9 tesznek. Minden egyes term\u00e9kemben nagysz\u00fcleim \u00f6r\u00f6ks\u00e9g\u00e9t hordozom. Az \u00e9n kezem, ak\u00e1rcsak az \u00f6v\u00e9k, form\u00e1z \u00e9s form\u00e1z, \u00f6lt \u00e9s varr, egyszer\u0171 anyagokat alak\u00edt tart\u00f3s kincsekk\u00e9. Minden \u00e1ltalam k\u00e9sz\u00edtett term\u00e9k egy t\u00f6rt\u00e9netet mes\u00e9l el - a hagyom\u00e1nyr\u00f3l, a <br \/>szeretetr\u0151l, az id\u0151tlen sz\u00e9ps\u00e9gr\u0151l, amelyet k\u00e9t k\u00e9zzel lehet l\u00e9trehozni. A Franjulia t\u00f6bb mint egy m\u00e1rka; ez egy tisztelg\u00e9s a k\u00e9zm\u0171vess\u00e9g m\u0171v\u00e9szete el\u0151tt, amely gener\u00e1ci\u00f3kon kereszt\u00fcl \u00f6r\u00f6kl\u0151dik. Eml\u00e9keztet arra, hogy az igazi sz\u00e9ps\u00e9g nem a t\u00f6k\u00e9letess\u00e9gben rejlik, hanem a gondoskod\u00e1sban, a figyelemben \u00e9s a szeretetben, amelyet minden egyes alkot\u00e1sba fektetek.\u00a0<\/p>\n\t\t\t\t\t<\/div>\n\t\t\t\t\t\t<\/div>\n\t\t\t\t<\/div>\n\t\t\t\t<div class=\"elementor-element elementor-element-100b28e elementor-widget elementor-widget-spacer\" data-id=\"100b28e\" data-element_type=\"widget\" data-e-type=\"widget\" data-widget_type=\"spacer.default\">\n\t\t\t\t<div class=\"elementor-widget-container\">\n\t\t\t\t\t\t\t<div class=\"elementor-spacer\">\n\t\t\t<div class=\"elementor-spacer-inner\"><\/div>\n\t\t<\/div>\n\t\t\t\t\t\t<\/div>\n\t\t\t\t<\/div>\n\t\t\t\t\t<\/div>\n\t\t\t\t<\/div>\n\t\t<div class=\"wd-negative-gap elementor-element elementor-element-f168c0a e-flex e-con-boxed e-con e-parent\" data-id=\"f168c0a\" data-element_type=\"container\" data-e-type=\"container\">\n\t\t\t\t\t<div class=\"e-con-inner\">\n\t\t<div class=\"elementor-element elementor-element-5642404 e-con-full e-flex e-con e-child\" data-id=\"5642404\" data-element_type=\"container\" data-e-type=\"container\">\n\t\t\t\t<div class=\"elementor-element elementor-element-6cf5219 wd-width-100 elementor-widget elementor-widget-wd_video\" data-id=\"6cf5219\" data-element_type=\"widget\" data-e-type=\"widget\" data-widget_type=\"wd_video.default\">\n\t\t\t\t<div class=\"elementor-widget-container\">\n\t\t\t\t\t\n\t\t<div class=\"wd-el-video wd-action-overlay wd-video-youtube wd-with-aspect-ratio wd-lightbox\">\n\t\t\t\n\t\t\t\n\t\t\t\n\t\t\t\t\t\t\t<div class=\"wd-el-video-overlay wd-fill\">\n\t\t\t\t\t<img loading=\"lazy\" decoding=\"async\" width=\"1500\" height=\"1000\" src=\"https:\/\/franjulia.com\/wp-content\/uploads\/2024\/11\/leather-camel-wallet.jpeg\" class=\"attachment-full size-full\" alt=\"\" srcset=\"https:\/\/franjulia.com\/wp-content\/uploads\/2024\/11\/leather-camel-wallet.jpeg 1500w, https:\/\/franjulia.com\/wp-content\/uploads\/2024\/11\/leather-camel-wallet-430x287.jpeg 430w, https:\/\/franjulia.com\/wp-content\/uploads\/2024\/11\/leather-camel-wallet-150x100.jpeg 150w, https:\/\/franjulia.com\/wp-content\/uploads\/2024\/11\/leather-camel-wallet-700x467.jpeg 700w, https:\/\/franjulia.com\/wp-content\/uploads\/2024\/11\/leather-camel-wallet-400x267.jpeg 400w, https:\/\/franjulia.com\/wp-content\/uploads\/2024\/11\/leather-camel-wallet-1200x800.jpeg 1200w, https:\/\/franjulia.com\/wp-content\/uploads\/2024\/11\/leather-camel-wallet-768x512.jpeg 768w\" sizes=\"auto, (max-width: 1500px) 100vw, 1500px\" \/>\t\t\t\t<\/div>\n\t\t\t\t<div class=\"wd-el-video-control color-scheme-light wd-fill\">\n\t\t\t\t\t<span class=\"wd-el-video-play-btn\"><\/span>\n\t\t\t\t\t\t\t\t\t<\/div>\n\n\t\t\t\t<a class=\"wd-el-video-link wd-el-video-btn-overlay wd-fill wd-el-video-lightbox\" href=\"https:\/\/www.youtube.com\/watch?v=DutBb8ligWw\" aria-label=\"Play video\"><\/a>\n\t\t\t\t\t<\/div>\n\t\t\t\t\t\t<\/div>\n\t\t\t\t<\/div>\n\t\t\t\t<\/div>\n\t\t<div class=\"elementor-element elementor-element-b67633c e-con-full e-flex e-con e-child\" data-id=\"b67633c\" data-element_type=\"container\" data-e-type=\"container\">\n\t\t\t\t<div class=\"elementor-element elementor-element-fbc0b44 wd-width-100 elementor-widget elementor-widget-wd_video\" data-id=\"fbc0b44\" data-element_type=\"widget\" data-e-type=\"widget\" data-widget_type=\"wd_video.default\">\n\t\t\t\t<div class=\"elementor-widget-container\">\n\t\t\t\t\t\n\t\t<div class=\"wd-el-video wd-action-overlay wd-video-youtube wd-with-aspect-ratio wd-lightbox\">\n\t\t\t\n\t\t\t\n\t\t\t\n\t\t\t\t\t\t\t<div class=\"wd-el-video-overlay wd-fill\">\n\t\t\t\t\t<img loading=\"lazy\" decoding=\"async\" width=\"1500\" height=\"1000\" src=\"https:\/\/franjulia.com\/wp-content\/uploads\/2024\/11\/download-52.jpeg\" class=\"attachment-full size-full\" alt=\"\" srcset=\"https:\/\/franjulia.com\/wp-content\/uploads\/2024\/11\/download-52.jpeg 1500w, https:\/\/franjulia.com\/wp-content\/uploads\/2024\/11\/download-52-430x287.jpeg 430w, https:\/\/franjulia.com\/wp-content\/uploads\/2024\/11\/download-52-150x100.jpeg 150w, https:\/\/franjulia.com\/wp-content\/uploads\/2024\/11\/download-52-700x467.jpeg 700w, https:\/\/franjulia.com\/wp-content\/uploads\/2024\/11\/download-52-400x267.jpeg 400w, https:\/\/franjulia.com\/wp-content\/uploads\/2024\/11\/download-52-1200x800.jpeg 1200w, https:\/\/franjulia.com\/wp-content\/uploads\/2024\/11\/download-52-768x512.jpeg 768w\" sizes=\"auto, (max-width: 1500px) 100vw, 1500px\" \/>\t\t\t\t<\/div>\n\t\t\t\t<div class=\"wd-el-video-control color-scheme-light wd-fill\">\n\t\t\t\t\t<span class=\"wd-el-video-play-btn\"><\/span>\n\t\t\t\t\t\t\t\t\t<\/div>\n\n\t\t\t\t<a class=\"wd-el-video-link wd-el-video-btn-overlay wd-fill wd-el-video-lightbox\" href=\"https:\/\/www.youtube.com\/watch?v=u0lt9CmvQW8\" aria-label=\"Play video\"><\/a>\n\t\t\t\t\t<\/div>\n\t\t\t\t\t\t<\/div>\n\t\t\t\t<\/div>\n\t\t\t\t<\/div>\n\t\t\t\t\t<\/div>\n\t\t\t\t<\/div>\n\t\t\t\t<\/div>\n\t\t","protected":false},"excerpt":{"rendered":"<p>A Franjulia t\u00f6rt\u00e9net A Franjulia t\u00f6rt\u00e9nete n\u00e9gy \u00e9vvel ezel\u0151tt kezd\u0151d\u00f6tt, de a gy\u00f6kerei eg\u00e9szen a gyermekkoromig ny\u00falnak vissza, ahol a<\/p>\n","protected":false},"author":1,"featured_media":0,"parent":0,"menu_order":0,"comment_status":"closed","ping_status":"closed","template":"","meta":{"jetpack_post_was_ever_published":true,"footnotes":""},"class_list":["post-30259","page","type-page","status-publish","hentry"],"aioseo_notices":[],"jetpack_sharing_enabled":true,"_links":{"self":[{"href":"https:\/\/franjulia.com\/hu\/wp-json\/wp\/v2\/pages\/30259","targetHints":{"allow":["GET"]}}],"collection":[{"href":"https:\/\/franjulia.com\/hu\/wp-json\/wp\/v2\/pages"}],"about":[{"href":"https:\/\/franjulia.com\/hu\/wp-json\/wp\/v2\/types\/page"}],"author":[{"embeddable":true,"href":"https:\/\/franjulia.com\/hu\/wp-json\/wp\/v2\/users\/1"}],"replies":[{"embeddable":true,"href":"https:\/\/franjulia.com\/hu\/wp-json\/wp\/v2\/comments?post=30259"}],"version-history":[{"count":18,"href":"https:\/\/franjulia.com\/hu\/wp-json\/wp\/v2\/pages\/30259\/revisions"}],"predecessor-version":[{"id":31224,"href":"https:\/\/franjulia.com\/hu\/wp-json\/wp\/v2\/pages\/30259\/revisions\/31224"}],"wp:attachment":[{"href":"https:\/\/franjulia.com\/hu\/wp-json\/wp\/v2\/media?parent=30259"}],"curies":[{"name":"wp","href":"https:\/\/api.w.org\/{rel}","templated":true}]}}