{"id":30228,"date":"2024-11-20T19:12:43","date_gmt":"2024-11-20T19:12:43","guid":{"rendered":"https:\/\/franjulia.com\/anyagok\/"},"modified":"2024-12-02T18:52:33","modified_gmt":"2024-12-02T18:52:33","slug":"alapanyagok","status":"publish","type":"page","link":"https:\/\/franjulia.com\/hu\/alapanyagok\/","title":{"rendered":"Alapanyagok"},"content":{"rendered":"\t\t<div data-elementor-type=\"wp-page\" data-elementor-id=\"30228\" class=\"elementor elementor-30228 elementor-28268\" data-elementor-post-type=\"page\">\n\t\t\t\t<div class=\"wd-negative-gap elementor-element elementor-element-94249c6 e-flex e-con-boxed e-con e-parent\" data-id=\"94249c6\" data-element_type=\"container\" data-e-type=\"container\">\n\t\t\t\t\t<div class=\"e-con-inner\">\n\t\t\t\t<div class=\"elementor-element elementor-element-e2985d2 elementor-widget elementor-widget-heading\" data-id=\"e2985d2\" data-element_type=\"widget\" data-e-type=\"widget\" data-widget_type=\"heading.default\">\n\t\t\t\t<div class=\"elementor-widget-container\">\n\t\t\t\t\t<h2 class=\"elementor-heading-title elementor-size-default\">Olasz n\u00f6v\u00e9nyi cserzett b\u0151r<\/h2>\t\t\t\t<\/div>\n\t\t\t\t<\/div>\n\t\t\t\t<div class=\"elementor-element elementor-element-f4d67d6 elementor-widget elementor-widget-image-gallery\" data-id=\"f4d67d6\" data-element_type=\"widget\" data-e-type=\"widget\" data-widget_type=\"image-gallery.default\">\n\t\t\t\t<div class=\"elementor-widget-container\">\n\t\t\t\t\t\t\t<div class=\"elementor-image-gallery\">\n\t\t\t\n\t\t<style type=\"text\/css\">\n\t\t\t#gallery-24 {\n\t\t\t\tmargin: auto;\n\t\t\t}\n\t\t\t#gallery-24 .gallery-item {\n\t\t\t\tfloat: left;\n\t\t\t\tmargin-top: 10px;\n\t\t\t\ttext-align: center;\n\t\t\t\twidth: 25%;\n\t\t\t}\n\t\t\t#gallery-24 img {\n\t\t\t\tborder: 2px solid #cfcfcf;\n\t\t\t}\n\t\t\t#gallery-24 .gallery-caption {\n\t\t\t\tmargin-left: 0;\n\t\t\t}\n\t\t\t\/* see gallery_shortcode() in wp-includes\/media.php *\/\n\t\t<\/style>\n\t\t<div id='gallery-24' class='gallery galleryid-30228 gallery-columns-4 gallery-size-large'><dl class='gallery-item'>\n\t\t\t<dt class='gallery-icon landscape'>\n\t\t\t\t<a data-elementor-open-lightbox=\"yes\" data-elementor-lightbox-slideshow=\"f4d67d6\" data-elementor-lightbox-title=\"hand stitched card holder\" data-e-action-hash=\"#elementor-action%3Aaction%3Dlightbox%26settings%3DeyJpZCI6MjgzMjEsInVybCI6Imh0dHBzOlwvXC9mcmFuanVsaWEuY29tXC93cC1jb250ZW50XC91cGxvYWRzXC8yMDI0XC8xMVwvaGFuZC1zdGl0Y2hlZC1jYXJkLWhvbGRlci5qcGVnIiwic2xpZGVzaG93IjoiZjRkNjdkNiJ9\" href='https:\/\/franjulia.com\/wp-content\/uploads\/2024\/11\/hand-stitched-card-holder.jpeg'><img loading=\"lazy\" decoding=\"async\" width=\"1200\" height=\"800\" src=\"https:\/\/franjulia.com\/wp-content\/uploads\/2024\/11\/hand-stitched-card-holder-1200x800.jpeg\" class=\"attachment-large size-large\" alt=\"\" srcset=\"https:\/\/franjulia.com\/wp-content\/uploads\/2024\/11\/hand-stitched-card-holder-1200x800.jpeg 1200w, https:\/\/franjulia.com\/wp-content\/uploads\/2024\/11\/hand-stitched-card-holder-430x287.jpeg 430w, https:\/\/franjulia.com\/wp-content\/uploads\/2024\/11\/hand-stitched-card-holder-150x100.jpeg 150w, https:\/\/franjulia.com\/wp-content\/uploads\/2024\/11\/hand-stitched-card-holder-700x467.jpeg 700w, https:\/\/franjulia.com\/wp-content\/uploads\/2024\/11\/hand-stitched-card-holder-400x267.jpeg 400w, https:\/\/franjulia.com\/wp-content\/uploads\/2024\/11\/hand-stitched-card-holder-768x512.jpeg 768w, https:\/\/franjulia.com\/wp-content\/uploads\/2024\/11\/hand-stitched-card-holder.jpeg 1500w\" sizes=\"auto, (max-width: 1200px) 100vw, 1200px\" \/><\/a>\n\t\t\t<\/dt><\/dl><dl class='gallery-item'>\n\t\t\t<dt class='gallery-icon landscape'>\n\t\t\t\t<a data-elementor-open-lightbox=\"yes\" data-elementor-lightbox-slideshow=\"f4d67d6\" data-elementor-lightbox-title=\"big wallet\" data-e-action-hash=\"#elementor-action%3Aaction%3Dlightbox%26settings%3DeyJpZCI6MjgzNDksInVybCI6Imh0dHBzOlwvXC9mcmFuanVsaWEuY29tXC93cC1jb250ZW50XC91cGxvYWRzXC8yMDI0XC8xMVwvYmlnLXdhbGxldC5qcGVnIiwic2xpZGVzaG93IjoiZjRkNjdkNiJ9\" href='https:\/\/franjulia.com\/wp-content\/uploads\/2024\/11\/big-wallet.jpeg'><img loading=\"lazy\" decoding=\"async\" width=\"1200\" height=\"800\" src=\"https:\/\/franjulia.com\/wp-content\/uploads\/2024\/11\/big-wallet-1200x800.jpeg\" class=\"attachment-large size-large\" alt=\"big wallet\" srcset=\"https:\/\/franjulia.com\/wp-content\/uploads\/2024\/11\/big-wallet-1200x800.jpeg 1200w, https:\/\/franjulia.com\/wp-content\/uploads\/2024\/11\/big-wallet-430x287.jpeg 430w, https:\/\/franjulia.com\/wp-content\/uploads\/2024\/11\/big-wallet-150x100.jpeg 150w, https:\/\/franjulia.com\/wp-content\/uploads\/2024\/11\/big-wallet-700x467.jpeg 700w, https:\/\/franjulia.com\/wp-content\/uploads\/2024\/11\/big-wallet-400x267.jpeg 400w, https:\/\/franjulia.com\/wp-content\/uploads\/2024\/11\/big-wallet-768x512.jpeg 768w, https:\/\/franjulia.com\/wp-content\/uploads\/2024\/11\/big-wallet.jpeg 1500w\" sizes=\"auto, (max-width: 1200px) 100vw, 1200px\" \/><\/a>\n\t\t\t<\/dt><\/dl><dl class='gallery-item'>\n\t\t\t<dt class='gallery-icon landscape'>\n\t\t\t\t<a data-elementor-open-lightbox=\"yes\" data-elementor-lightbox-slideshow=\"f4d67d6\" data-elementor-lightbox-title=\"whisky wallet\" data-e-action-hash=\"#elementor-action%3Aaction%3Dlightbox%26settings%3DeyJpZCI6MjgzNTMsInVybCI6Imh0dHBzOlwvXC9mcmFuanVsaWEuY29tXC93cC1jb250ZW50XC91cGxvYWRzXC8yMDI0XC8xMVwvY29nbmFjLXdhbGxldC5qcGVnIiwic2xpZGVzaG93IjoiZjRkNjdkNiJ9\" href='https:\/\/franjulia.com\/wp-content\/uploads\/2024\/11\/cognac-wallet.jpeg'><img loading=\"lazy\" decoding=\"async\" width=\"1200\" height=\"800\" src=\"https:\/\/franjulia.com\/wp-content\/uploads\/2024\/11\/cognac-wallet-1200x800.jpeg\" class=\"attachment-large size-large\" alt=\"whisky wallet\" srcset=\"https:\/\/franjulia.com\/wp-content\/uploads\/2024\/11\/cognac-wallet-1200x800.jpeg 1200w, https:\/\/franjulia.com\/wp-content\/uploads\/2024\/11\/cognac-wallet-430x287.jpeg 430w, https:\/\/franjulia.com\/wp-content\/uploads\/2024\/11\/cognac-wallet-150x100.jpeg 150w, https:\/\/franjulia.com\/wp-content\/uploads\/2024\/11\/cognac-wallet-700x467.jpeg 700w, https:\/\/franjulia.com\/wp-content\/uploads\/2024\/11\/cognac-wallet-400x267.jpeg 400w, https:\/\/franjulia.com\/wp-content\/uploads\/2024\/11\/cognac-wallet-768x512.jpeg 768w, https:\/\/franjulia.com\/wp-content\/uploads\/2024\/11\/cognac-wallet.jpeg 1500w\" sizes=\"auto, (max-width: 1200px) 100vw, 1200px\" \/><\/a>\n\t\t\t<\/dt><\/dl><dl class='gallery-item'>\n\t\t\t<dt class='gallery-icon landscape'>\n\t\t\t\t<a data-elementor-open-lightbox=\"yes\" data-elementor-lightbox-slideshow=\"f4d67d6\" data-elementor-lightbox-title=\"hand stitched big wallet\" data-e-action-hash=\"#elementor-action%3Aaction%3Dlightbox%26settings%3DeyJpZCI6MjgzNTQsInVybCI6Imh0dHBzOlwvXC9mcmFuanVsaWEuY29tXC93cC1jb250ZW50XC91cGxvYWRzXC8yMDI0XC8xMVwvaGFuZC1zdGl0Y2hlZC1iaWctd2FsbGV0LmpwZWciLCJzbGlkZXNob3ciOiJmNGQ2N2Q2In0%3D\" href='https:\/\/franjulia.com\/wp-content\/uploads\/2024\/11\/hand-stitched-big-wallet.jpeg'><img loading=\"lazy\" decoding=\"async\" width=\"1200\" height=\"800\" src=\"https:\/\/franjulia.com\/wp-content\/uploads\/2024\/11\/hand-stitched-big-wallet-1200x800.jpeg\" class=\"attachment-large size-large\" alt=\"hand stiched big wallet\" srcset=\"https:\/\/franjulia.com\/wp-content\/uploads\/2024\/11\/hand-stitched-big-wallet-1200x800.jpeg 1200w, https:\/\/franjulia.com\/wp-content\/uploads\/2024\/11\/hand-stitched-big-wallet-430x287.jpeg 430w, https:\/\/franjulia.com\/wp-content\/uploads\/2024\/11\/hand-stitched-big-wallet-150x100.jpeg 150w, https:\/\/franjulia.com\/wp-content\/uploads\/2024\/11\/hand-stitched-big-wallet-700x467.jpeg 700w, https:\/\/franjulia.com\/wp-content\/uploads\/2024\/11\/hand-stitched-big-wallet-400x267.jpeg 400w, https:\/\/franjulia.com\/wp-content\/uploads\/2024\/11\/hand-stitched-big-wallet-768x512.jpeg 768w, https:\/\/franjulia.com\/wp-content\/uploads\/2024\/11\/hand-stitched-big-wallet.jpeg 1500w\" sizes=\"auto, (max-width: 1200px) 100vw, 1200px\" \/><\/a>\n\t\t\t<\/dt><\/dl><br style=\"clear: both\" \/>\n\t\t<\/div>\n\t\t<\/div>\n\t\t\t\t\t\t<\/div>\n\t\t\t\t<\/div>\n\t\t\t\t<div class=\"elementor-element elementor-element-5878371 elementor-widget elementor-widget-wd_text_block\" data-id=\"5878371\" data-element_type=\"widget\" data-e-type=\"widget\" data-widget_type=\"wd_text_block.default\">\n\t\t\t\t<div class=\"elementor-widget-container\">\n\t\t\t\t\t\t\t<div class=\"wd-text-block reset-last-child text-left\">\n\t\t\t\n\t\t\t<p class=\"p1\">Az olasz n\u00f6v\u00e9nyi cserzett b\u0151rt vil\u00e1gszerte p\u00e1ratlan min\u0151s\u00e9g\u00e9\u00e9rt, k\u00e9zm\u0171ves kivitelez\u00e9s\u00e9\u00e9rt \u00e9s fenntarthat\u00f3s\u00e1g\u00e1\u00e9rt \u00fcnneplik. Az \u00e9vsz\u00e1zados hagyom\u00e1nyokban gy\u00f6kerez\u0151 b\u0151rt n\u00f6v\u00e9nyi eredet\u0171 term\u00e9szetes tanninok, p\u00e9ld\u00e1ul fak\u00e9reg, levelek \u00e9s gy\u00fcm\u00f6lcs\u00f6k felhaszn\u00e1l\u00e1s\u00e1val \u00e1ll\u00edtj\u00e1k el\u0151. A folyamat lass\u00fa \u00e9s apr\u00f3l\u00e9kos, \u00edgy a b\u0151r nem csak gazdag, term\u00e9szetes sz\u00e9ps\u00e9g\u0171, hanem id\u0151vel m\u00e9lt\u00f3s\u00e1gteljesen \u00f6regszik is, egyedi patin\u00e1t fejlesztve, amely kiemeli a b\u0151r karakter\u00e9t. \u00a0<\/p><p class=\"p2\">A n\u00f6v\u00e9nyi cserz\u00e9s m\u0171v\u00e9szete A n\u00f6v\u00e9nyi cserz\u00e9si elj\u00e1r\u00e1s, amelyet az olaszorsz\u00e1gi, k\u00fcl\u00f6n\u00f6sen a toszk\u00e1nai mesterek t\u00f6k\u00e9letes\u00edtettek, k\u00f6rnyezetbar\u00e1t alternat\u00edv\u00e1ja a modern k\u00e9miai cserz\u00e9si m\u00f3dszereknek. Ez az \u0151si technika gener\u00e1ci\u00f3kon kereszt\u00fcl \u00f6r\u00f6kl\u0151d\u00f6tt, \u00e9s a gyorsabb, vegyi alap\u00fa elj\u00e1r\u00e1sokkal szemben \u00e1ltal\u00e1ban hetekig tart. A term\u00e9szetes cserz\u0151anyagok haszn\u00e1lat\u00e1val a n\u00f6v\u00e9nyi cserz\u00e9s\u0171 b\u0151r mentes az olyan k\u00e1ros vegyi anyagokt\u00f3l, mint a kr\u00f3m, \u00edgy biztons\u00e1gosabb a k\u00f6rnyezet \u00e9s a vele dolgoz\u00f3 emberek sz\u00e1m\u00e1ra.<\/p><p class=\"p2\">A n\u00f6v\u00e9nyi cserz\u00e9s\u0171 b\u0151r egyik legjellegzetesebb tulajdons\u00e1ga, hogy gazdag patin\u00e1t tud kialak\u00edtani. A napf\u00e9ny, a leveg\u0151 \u00e9s az \u00e9rint\u00e9s hat\u00e1s\u00e1ra a b\u0151r s\u00f6t\u00e9tedik \u00e9s gy\u00f6ny\u00f6r\u0171 f\u00e9nyt kap, ami id\u0151tlen vonzer\u0151t k\u00f6lcs\u00f6n\u00f6z neki. Nincs k\u00e9t egyforma b\u0151rb\u0151l k\u00e9sz\u00fclt t\u00e1rgy, \u00edgy minden term\u00e9k igaz\u00e1n egyedi.<\/p><p class=\"p2\">A n\u00f6v\u00e9nyi cserz\u00e9s k\u00f6rnyezetbar\u00e1t elj\u00e1r\u00e1s. A felhaszn\u00e1lt tanninok meg\u00fajul\u00f3 anyagokb\u00f3l sz\u00e1rmaznak, \u00e9s a gy\u00e1rt\u00e1s sor\u00e1n keletkez\u0151 hullad\u00e9k biol\u00f3giailag leboml\u00f3.<\/p>\n\t\t\t\t\t<\/div>\n\t\t\t\t\t\t<\/div>\n\t\t\t\t<\/div>\n\t\t\t\t<div class=\"elementor-element elementor-element-368fa83 elementor-widget elementor-widget-spacer\" data-id=\"368fa83\" data-element_type=\"widget\" data-e-type=\"widget\" data-widget_type=\"spacer.default\">\n\t\t\t\t<div class=\"elementor-widget-container\">\n\t\t\t\t\t\t\t<div class=\"elementor-spacer\">\n\t\t\t<div class=\"elementor-spacer-inner\"><\/div>\n\t\t<\/div>\n\t\t\t\t\t\t<\/div>\n\t\t\t\t<\/div>\n\t\t\t\t\t<\/div>\n\t\t\t\t<\/div>\n\t\t<div class=\"wd-negative-gap elementor-element elementor-element-51aaca1 e-flex e-con-boxed e-con e-parent\" data-id=\"51aaca1\" data-element_type=\"container\" data-e-type=\"container\">\n\t\t\t\t\t<div class=\"e-con-inner\">\n\t\t\t\t<div class=\"elementor-element elementor-element-91a3cd5 elementor-widget elementor-widget-heading\" data-id=\"91a3cd5\" data-element_type=\"widget\" data-e-type=\"widget\" data-widget_type=\"heading.default\">\n\t\t\t\t<div class=\"elementor-widget-container\">\n\t\t\t\t\t<h2 class=\"elementor-heading-title elementor-size-default\">C\u00e9rna<\/h2>\t\t\t\t<\/div>\n\t\t\t\t<\/div>\n\t\t\t\t<div class=\"elementor-element elementor-element-cefbac1 elementor-widget elementor-widget-image-gallery\" data-id=\"cefbac1\" data-element_type=\"widget\" data-e-type=\"widget\" data-widget_type=\"image-gallery.default\">\n\t\t\t\t<div class=\"elementor-widget-container\">\n\t\t\t\t\t\t\t<div class=\"elementor-image-gallery\">\n\t\t\t\n\t\t<style type=\"text\/css\">\n\t\t\t#gallery-25 {\n\t\t\t\tmargin: auto;\n\t\t\t}\n\t\t\t#gallery-25 .gallery-item {\n\t\t\t\tfloat: left;\n\t\t\t\tmargin-top: 10px;\n\t\t\t\ttext-align: center;\n\t\t\t\twidth: 25%;\n\t\t\t}\n\t\t\t#gallery-25 img {\n\t\t\t\tborder: 2px solid #cfcfcf;\n\t\t\t}\n\t\t\t#gallery-25 .gallery-caption {\n\t\t\t\tmargin-left: 0;\n\t\t\t}\n\t\t\t\/* see gallery_shortcode() in wp-includes\/media.php *\/\n\t\t<\/style>\n\t\t<div id='gallery-25' class='gallery galleryid-30228 gallery-columns-4 gallery-size-large'><dl class='gallery-item'>\n\t\t\t<dt class='gallery-icon landscape'>\n\t\t\t\t<a data-elementor-open-lightbox=\"yes\" data-elementor-lightbox-slideshow=\"cefbac1\" data-elementor-lightbox-title=\"thread\" data-e-action-hash=\"#elementor-action%3Aaction%3Dlightbox%26settings%3DeyJpZCI6MjgzMzYsInVybCI6Imh0dHBzOlwvXC9mcmFuanVsaWEuY29tXC93cC1jb250ZW50XC91cGxvYWRzXC8yMDI0XC8xMVwvZG93bmxvYWQtNDQuanBlZyIsInNsaWRlc2hvdyI6ImNlZmJhYzEifQ%3D%3D\" href='https:\/\/franjulia.com\/wp-content\/uploads\/2024\/11\/download-44.jpeg'><img loading=\"lazy\" decoding=\"async\" width=\"1200\" height=\"800\" src=\"https:\/\/franjulia.com\/wp-content\/uploads\/2024\/11\/download-44-1200x800.jpeg\" class=\"attachment-large size-large\" alt=\"thread\" srcset=\"https:\/\/franjulia.com\/wp-content\/uploads\/2024\/11\/download-44-1200x800.jpeg 1200w, https:\/\/franjulia.com\/wp-content\/uploads\/2024\/11\/download-44-430x287.jpeg 430w, https:\/\/franjulia.com\/wp-content\/uploads\/2024\/11\/download-44-150x100.jpeg 150w, https:\/\/franjulia.com\/wp-content\/uploads\/2024\/11\/download-44-700x467.jpeg 700w, https:\/\/franjulia.com\/wp-content\/uploads\/2024\/11\/download-44-400x267.jpeg 400w, https:\/\/franjulia.com\/wp-content\/uploads\/2024\/11\/download-44-768x512.jpeg 768w, https:\/\/franjulia.com\/wp-content\/uploads\/2024\/11\/download-44.jpeg 1500w\" sizes=\"auto, (max-width: 1200px) 100vw, 1200px\" \/><\/a>\n\t\t\t<\/dt><\/dl><dl class='gallery-item'>\n\t\t\t<dt class='gallery-icon landscape'>\n\t\t\t\t<a data-elementor-open-lightbox=\"yes\" data-elementor-lightbox-slideshow=\"cefbac1\" data-elementor-lightbox-title=\"thread\" data-e-action-hash=\"#elementor-action%3Aaction%3Dlightbox%26settings%3DeyJpZCI6MjgzMzcsInVybCI6Imh0dHBzOlwvXC9mcmFuanVsaWEuY29tXC93cC1jb250ZW50XC91cGxvYWRzXC8yMDI0XC8xMVwvZG93bmxvYWQtNDUuanBlZyIsInNsaWRlc2hvdyI6ImNlZmJhYzEifQ%3D%3D\" href='https:\/\/franjulia.com\/wp-content\/uploads\/2024\/11\/download-45.jpeg'><img loading=\"lazy\" decoding=\"async\" width=\"1200\" height=\"800\" src=\"https:\/\/franjulia.com\/wp-content\/uploads\/2024\/11\/download-45-1200x800.jpeg\" class=\"attachment-large size-large\" alt=\"thread\" srcset=\"https:\/\/franjulia.com\/wp-content\/uploads\/2024\/11\/download-45-1200x800.jpeg 1200w, https:\/\/franjulia.com\/wp-content\/uploads\/2024\/11\/download-45-430x287.jpeg 430w, https:\/\/franjulia.com\/wp-content\/uploads\/2024\/11\/download-45-150x100.jpeg 150w, https:\/\/franjulia.com\/wp-content\/uploads\/2024\/11\/download-45-700x467.jpeg 700w, https:\/\/franjulia.com\/wp-content\/uploads\/2024\/11\/download-45-400x267.jpeg 400w, https:\/\/franjulia.com\/wp-content\/uploads\/2024\/11\/download-45-768x512.jpeg 768w, https:\/\/franjulia.com\/wp-content\/uploads\/2024\/11\/download-45.jpeg 1500w\" sizes=\"auto, (max-width: 1200px) 100vw, 1200px\" \/><\/a>\n\t\t\t<\/dt><\/dl><dl class='gallery-item'>\n\t\t\t<dt class='gallery-icon landscape'>\n\t\t\t\t<a data-elementor-open-lightbox=\"yes\" data-elementor-lightbox-slideshow=\"cefbac1\" data-elementor-lightbox-title=\"thread\" data-e-action-hash=\"#elementor-action%3Aaction%3Dlightbox%26settings%3DeyJpZCI6MjgzMzksInVybCI6Imh0dHBzOlwvXC9mcmFuanVsaWEuY29tXC93cC1jb250ZW50XC91cGxvYWRzXC8yMDI0XC8xMVwvZG93bmxvYWQtNDcuanBlZyIsInNsaWRlc2hvdyI6ImNlZmJhYzEifQ%3D%3D\" href='https:\/\/franjulia.com\/wp-content\/uploads\/2024\/11\/download-47.jpeg'><img loading=\"lazy\" decoding=\"async\" width=\"1200\" height=\"800\" src=\"https:\/\/franjulia.com\/wp-content\/uploads\/2024\/11\/download-47-1200x800.jpeg\" class=\"attachment-large size-large\" alt=\"thread\" srcset=\"https:\/\/franjulia.com\/wp-content\/uploads\/2024\/11\/download-47-1200x800.jpeg 1200w, https:\/\/franjulia.com\/wp-content\/uploads\/2024\/11\/download-47-430x287.jpeg 430w, https:\/\/franjulia.com\/wp-content\/uploads\/2024\/11\/download-47-150x100.jpeg 150w, https:\/\/franjulia.com\/wp-content\/uploads\/2024\/11\/download-47-700x467.jpeg 700w, https:\/\/franjulia.com\/wp-content\/uploads\/2024\/11\/download-47-400x267.jpeg 400w, https:\/\/franjulia.com\/wp-content\/uploads\/2024\/11\/download-47-768x512.jpeg 768w, https:\/\/franjulia.com\/wp-content\/uploads\/2024\/11\/download-47.jpeg 1500w\" sizes=\"auto, (max-width: 1200px) 100vw, 1200px\" \/><\/a>\n\t\t\t<\/dt><\/dl><dl class='gallery-item'>\n\t\t\t<dt class='gallery-icon landscape'>\n\t\t\t\t<a data-elementor-open-lightbox=\"yes\" data-elementor-lightbox-slideshow=\"cefbac1\" data-elementor-lightbox-title=\"thread\" data-e-action-hash=\"#elementor-action%3Aaction%3Dlightbox%26settings%3DeyJpZCI6MjgzNDAsInVybCI6Imh0dHBzOlwvXC9mcmFuanVsaWEuY29tXC93cC1jb250ZW50XC91cGxvYWRzXC8yMDI0XC8xMVwvZG93bmxvYWQtNDguanBlZyIsInNsaWRlc2hvdyI6ImNlZmJhYzEifQ%3D%3D\" href='https:\/\/franjulia.com\/wp-content\/uploads\/2024\/11\/download-48.jpeg'><img loading=\"lazy\" decoding=\"async\" width=\"1200\" height=\"800\" src=\"https:\/\/franjulia.com\/wp-content\/uploads\/2024\/11\/download-48-1200x800.jpeg\" class=\"attachment-large size-large\" alt=\"thread\" srcset=\"https:\/\/franjulia.com\/wp-content\/uploads\/2024\/11\/download-48-1200x800.jpeg 1200w, https:\/\/franjulia.com\/wp-content\/uploads\/2024\/11\/download-48-430x287.jpeg 430w, https:\/\/franjulia.com\/wp-content\/uploads\/2024\/11\/download-48-150x100.jpeg 150w, https:\/\/franjulia.com\/wp-content\/uploads\/2024\/11\/download-48-700x467.jpeg 700w, https:\/\/franjulia.com\/wp-content\/uploads\/2024\/11\/download-48-400x267.jpeg 400w, https:\/\/franjulia.com\/wp-content\/uploads\/2024\/11\/download-48-768x512.jpeg 768w, https:\/\/franjulia.com\/wp-content\/uploads\/2024\/11\/download-48.jpeg 1500w\" sizes=\"auto, (max-width: 1200px) 100vw, 1200px\" \/><\/a>\n\t\t\t<\/dt><\/dl><br style=\"clear: both\" \/>\n\t\t<\/div>\n\t\t<\/div>\n\t\t\t\t\t\t<\/div>\n\t\t\t\t<\/div>\n\t\t\t\t<div class=\"elementor-element elementor-element-2c1b20e elementor-widget elementor-widget-wd_text_block\" data-id=\"2c1b20e\" data-element_type=\"widget\" data-e-type=\"widget\" data-widget_type=\"wd_text_block.default\">\n\t\t\t\t<div class=\"elementor-widget-container\">\n\t\t\t\t\t\t\t<div class=\"wd-text-block reset-last-child text-left\">\n\t\t\t\n\t\t\t<p class=\"p1\">Luxus kieg\u00e9sz\u00edt\u0151je a b\u0151rm\u0171vess\u00e9gnek. A Meisi c\u00e9rna kiv\u00e9teles min\u0151s\u00e9g\u00e9vel \u00e9s finom text\u00far\u00e1j\u00e1val egyed\u00fcl\u00e1ll\u00f3 \u00e9s f\u00e9ny\u0171z\u0151 elemet k\u00edn\u00e1l a b\u0151rm\u0171vess\u00e9ghez. Sokoldal\u00fas\u00e1ga \u00e9s sz\u00e9ps\u00e9ge miatt n\u00e9pszer\u0171 v\u00e1laszt\u00e1s a b\u0151r\u00e1ruk bonyolult r\u00e9szletek \u00e9s d\u00edsz\u00edt\u00e9sek hozz\u00e1ad\u00e1s\u00e1hoz.  <\/p>\n\t\t\t\t\t<\/div>\n\t\t\t\t\t\t<\/div>\n\t\t\t\t<\/div>\n\t\t\t\t\t<\/div>\n\t\t\t\t<\/div>\n\t\t\t\t<\/div>\n\t\t","protected":false},"excerpt":{"rendered":"<p>Olasz n\u00f6v\u00e9nyi cserzett b\u0151r Az olasz n\u00f6v\u00e9nyi cserzett b\u0151rt vil\u00e1gszerte p\u00e1ratlan min\u0151s\u00e9g\u00e9\u00e9rt, k\u00e9zm\u0171ves kivitelez\u00e9s\u00e9\u00e9rt \u00e9s fenntarthat\u00f3s\u00e1g\u00e1\u00e9rt \u00fcnneplik. Az \u00e9vsz\u00e1zados hagyom\u00e1nyokban<\/p>\n","protected":false},"author":1,"featured_media":0,"parent":0,"menu_order":0,"comment_status":"closed","ping_status":"closed","template":"","meta":{"jetpack_post_was_ever_published":true,"footnotes":""},"class_list":["post-30228","page","type-page","status-publish","hentry"],"aioseo_notices":[],"jetpack_sharing_enabled":true,"_links":{"self":[{"href":"https:\/\/franjulia.com\/hu\/wp-json\/wp\/v2\/pages\/30228","targetHints":{"allow":["GET"]}}],"collection":[{"href":"https:\/\/franjulia.com\/hu\/wp-json\/wp\/v2\/pages"}],"about":[{"href":"https:\/\/franjulia.com\/hu\/wp-json\/wp\/v2\/types\/page"}],"author":[{"embeddable":true,"href":"https:\/\/franjulia.com\/hu\/wp-json\/wp\/v2\/users\/1"}],"replies":[{"embeddable":true,"href":"https:\/\/franjulia.com\/hu\/wp-json\/wp\/v2\/comments?post=30228"}],"version-history":[{"count":16,"href":"https:\/\/franjulia.com\/hu\/wp-json\/wp\/v2\/pages\/30228\/revisions"}],"predecessor-version":[{"id":31157,"href":"https:\/\/franjulia.com\/hu\/wp-json\/wp\/v2\/pages\/30228\/revisions\/31157"}],"wp:attachment":[{"href":"https:\/\/franjulia.com\/hu\/wp-json\/wp\/v2\/media?parent=30228"}],"curies":[{"name":"wp","href":"https:\/\/api.w.org\/{rel}","templated":true}]}}