{"id":29886,"date":"2024-11-20T19:08:34","date_gmt":"2024-11-20T19:08:34","guid":{"rendered":"https:\/\/franjulia.com\/az-en-szamlam\/"},"modified":"2024-11-29T10:35:00","modified_gmt":"2024-11-29T10:35:00","slug":"az-en-szamlam","status":"publish","type":"page","link":"https:\/\/franjulia.com\/hu\/az-en-szamlam\/","title":{"rendered":"Az \u00e9n sz\u00e1ml\u00e1m"},"content":{"rendered":"<div class=\"woocommerce\"><\/div>\n","protected":false},"excerpt":{"rendered":"","protected":false},"author":1,"featured_media":0,"parent":0,"menu_order":0,"comment_status":"closed","ping_status":"closed","template":"","meta":{"jetpack_post_was_ever_published":true,"footnotes":""},"class_list":["post-29886","page","type-page","status-publish","hentry"],"aioseo_notices":[],"jetpack_sharing_enabled":true,"_links":{"self":[{"href":"https:\/\/franjulia.com\/hu\/wp-json\/wp\/v2\/pages\/29886","targetHints":{"allow":["GET"]}}],"collection":[{"href":"https:\/\/franjulia.com\/hu\/wp-json\/wp\/v2\/pages"}],"about":[{"href":"https:\/\/franjulia.com\/hu\/wp-json\/wp\/v2\/types\/page"}],"author":[{"embeddable":true,"href":"https:\/\/franjulia.com\/hu\/wp-json\/wp\/v2\/users\/1"}],"replies":[{"embeddable":true,"href":"https:\/\/franjulia.com\/hu\/wp-json\/wp\/v2\/comments?post=29886"}],"version-history":[{"count":4,"href":"https:\/\/franjulia.com\/hu\/wp-json\/wp\/v2\/pages\/29886\/revisions"}],"predecessor-version":[{"id":29904,"href":"https:\/\/franjulia.com\/hu\/wp-json\/wp\/v2\/pages\/29886\/revisions\/29904"}],"wp:attachment":[{"href":"https:\/\/franjulia.com\/hu\/wp-json\/wp\/v2\/media?parent=29886"}],"curies":[{"name":"wp","href":"https:\/\/api.w.org\/{rel}","templated":true}]}}