{"id":33167,"date":"2025-02-05T09:53:15","date_gmt":"2025-02-05T09:53:15","guid":{"rendered":"https:\/\/franjulia.com\/product\/portefeuille-a-fermeture-eclair\/"},"modified":"2025-04-23T11:41:35","modified_gmt":"2025-04-23T11:41:35","slug":"portefeuille-a-fermeture-eclair","status":"publish","type":"product","link":"https:\/\/franjulia.com\/fr\/produit\/portefeuille-a-fermeture-eclair\/","title":{"rendered":"Portefeuille \u00e0 fermeture \u00e9clair"},"content":{"rendered":"","protected":false},"excerpt":{"rendered":"<p>Portefeuille \u00e0 fermeture \u00e9clair de qualit\u00e9 sup\u00e9rieure fabriqu\u00e9 \u00e0 la main Fabriqu\u00e9 en cuir pleine fleur de haute qualit\u00e9, notre portefeuille \u00e0 fermeture \u00e9clair allie durabilit\u00e9 et \u00e9l\u00e9gance. Con\u00e7u pour un rangement s\u00e9curis\u00e9, il comporte plusieurs fentes pour cartes, un compartiment spacieux pour l&rsquo;argent liquide et une fermeture \u00e0 glissi\u00e8re lisse et solide pour garder vos objets essentiels en s\u00e9curit\u00e9. Parfait pour un usage quotidien.<\/p>\n","protected":false},"featured_media":33169,"template":"","meta":{"jetpack_post_was_ever_published":false},"product_brand":[],"product_cat":[157],"product_tag":[],"class_list":{"0":"post-33167","1":"product","2":"type-product","3":"status-publish","4":"has-post-thumbnail","6":"product_cat-non-classe","8":"first","9":"instock","10":"shipping-taxable","11":"purchasable","12":"product-type-variable"},"aioseo_notices":[],"jetpack_sharing_enabled":true,"_links":{"self":[{"href":"https:\/\/franjulia.com\/fr\/wp-json\/wp\/v2\/product\/33167","targetHints":{"allow":["GET"]}}],"collection":[{"href":"https:\/\/franjulia.com\/fr\/wp-json\/wp\/v2\/product"}],"about":[{"href":"https:\/\/franjulia.com\/fr\/wp-json\/wp\/v2\/types\/product"}],"version-history":[{"count":1,"href":"https:\/\/franjulia.com\/fr\/wp-json\/wp\/v2\/product\/33167\/revisions"}],"predecessor-version":[{"id":33959,"href":"https:\/\/franjulia.com\/fr\/wp-json\/wp\/v2\/product\/33167\/revisions\/33959"}],"wp:featuredmedia":[{"embeddable":true,"href":"https:\/\/franjulia.com\/fr\/wp-json\/wp\/v2\/media\/33169"}],"wp:attachment":[{"href":"https:\/\/franjulia.com\/fr\/wp-json\/wp\/v2\/media?parent=33167"}],"wp:term":[{"taxonomy":"product_brand","embeddable":true,"href":"https:\/\/franjulia.com\/fr\/wp-json\/wp\/v2\/product_brand?post=33167"},{"taxonomy":"product_cat","embeddable":true,"href":"https:\/\/franjulia.com\/fr\/wp-json\/wp\/v2\/product_cat?post=33167"},{"taxonomy":"product_tag","embeddable":true,"href":"https:\/\/franjulia.com\/fr\/wp-json\/wp\/v2\/product_tag?post=33167"}],"curies":[{"name":"wp","href":"https:\/\/api.w.org\/{rel}","templated":true}]}}