{"id":33114,"date":"2025-02-05T08:22:00","date_gmt":"2025-02-05T08:22:00","guid":{"rendered":"https:\/\/franjulia.com\/product\/portefeuille-a-deux-volets\/"},"modified":"2025-04-23T11:45:57","modified_gmt":"2025-04-23T11:45:57","slug":"portefeuille-a-deux-volets","status":"publish","type":"product","link":"https:\/\/franjulia.com\/fr\/produit\/portefeuille-a-deux-volets\/","title":{"rendered":"Portefeuille \u00e0 deux volets"},"content":{"rendered":"","protected":false},"excerpt":{"rendered":"<p>Ce portefeuille bifold en cuir de haute qualit\u00e9 est fabriqu\u00e9 \u00e0 la main \u00e0 partir de cuir pleine fleur, offrant durabilit\u00e9, \u00e9l\u00e9gance et un m\u00e9lange parfait de style et de fonctionnalit\u00e9. Con\u00e7u pour un usage quotidien, il est dot\u00e9 de plusieurs fentes pour cartes, d&rsquo;un compartiment \u00e0 billets spacieux et d&rsquo;un profil \u00e9l\u00e9gant et minimaliste. Faites l&rsquo;exp\u00e9rience du luxe de l&rsquo;artisanat avec un portefeuille qui vieillit magnifiquement au fil du temps.<\/p>\n","protected":false},"featured_media":33115,"template":"","meta":{"jetpack_post_was_ever_published":false},"product_brand":[],"product_cat":[156],"product_tag":[],"class_list":{"0":"post-33114","1":"product","2":"type-product","3":"status-publish","4":"has-post-thumbnail","6":"product_cat-accessoires","8":"first","9":"instock","10":"shipping-taxable","11":"purchasable","12":"product-type-variable"},"aioseo_notices":[],"jetpack_sharing_enabled":true,"_links":{"self":[{"href":"https:\/\/franjulia.com\/fr\/wp-json\/wp\/v2\/product\/33114","targetHints":{"allow":["GET"]}}],"collection":[{"href":"https:\/\/franjulia.com\/fr\/wp-json\/wp\/v2\/product"}],"about":[{"href":"https:\/\/franjulia.com\/fr\/wp-json\/wp\/v2\/types\/product"}],"version-history":[{"count":1,"href":"https:\/\/franjulia.com\/fr\/wp-json\/wp\/v2\/product\/33114\/revisions"}],"predecessor-version":[{"id":33960,"href":"https:\/\/franjulia.com\/fr\/wp-json\/wp\/v2\/product\/33114\/revisions\/33960"}],"wp:featuredmedia":[{"embeddable":true,"href":"https:\/\/franjulia.com\/fr\/wp-json\/wp\/v2\/media\/33115"}],"wp:attachment":[{"href":"https:\/\/franjulia.com\/fr\/wp-json\/wp\/v2\/media?parent=33114"}],"wp:term":[{"taxonomy":"product_brand","embeddable":true,"href":"https:\/\/franjulia.com\/fr\/wp-json\/wp\/v2\/product_brand?post=33114"},{"taxonomy":"product_cat","embeddable":true,"href":"https:\/\/franjulia.com\/fr\/wp-json\/wp\/v2\/product_cat?post=33114"},{"taxonomy":"product_tag","embeddable":true,"href":"https:\/\/franjulia.com\/fr\/wp-json\/wp\/v2\/product_tag?post=33114"}],"curies":[{"name":"wp","href":"https:\/\/api.w.org\/{rel}","templated":true}]}}