{"id":33061,"date":"2024-12-06T11:00:09","date_gmt":"2024-12-06T11:00:09","guid":{"rendered":"https:\/\/franjulia.com\/product\/etui-a-couteau\/"},"modified":"2025-04-23T11:33:08","modified_gmt":"2025-04-23T11:33:08","slug":"etui-a-couteau","status":"publish","type":"product","link":"https:\/\/franjulia.com\/fr\/produit\/etui-a-couteau\/","title":{"rendered":"Etui \u00e0 couteau"},"content":{"rendered":"","protected":false},"excerpt":{"rendered":"<p>Je fabriquerai un \u00e9tui en cuir personnalis\u00e9 parfaitement adapt\u00e9 \u00e0 votre couteau. S\u00e9lectionnez la couleur et le fil de votre choix, et ajoutez m\u00eame un monogramme personnalis\u00e9. Lorsque vous passez votre commande, veuillez indiquer les dimensions du couteau &#8211; longueur, largeur et \u00e9paisseur &#8211; dans la section des notes.<\/p>\n<p><strong>*CR\u00c9EZ VOTRE PROPRE \u00c9TUI \u00c0 COUTEAU. CHOISISSEZ LE CUIR ET LE FIL ! <\/strong><\/p>\n","protected":false},"featured_media":33062,"template":"","meta":{"jetpack_post_was_ever_published":false},"product_brand":[],"product_cat":[156],"product_tag":[],"class_list":{"0":"post-33061","1":"product","2":"type-product","3":"status-publish","4":"has-post-thumbnail","6":"product_cat-accessoires","8":"first","9":"instock","10":"shipping-taxable","11":"purchasable","12":"product-type-variable"},"aioseo_notices":[],"jetpack_sharing_enabled":true,"_links":{"self":[{"href":"https:\/\/franjulia.com\/fr\/wp-json\/wp\/v2\/product\/33061","targetHints":{"allow":["GET"]}}],"collection":[{"href":"https:\/\/franjulia.com\/fr\/wp-json\/wp\/v2\/product"}],"about":[{"href":"https:\/\/franjulia.com\/fr\/wp-json\/wp\/v2\/types\/product"}],"version-history":[{"count":1,"href":"https:\/\/franjulia.com\/fr\/wp-json\/wp\/v2\/product\/33061\/revisions"}],"predecessor-version":[{"id":33957,"href":"https:\/\/franjulia.com\/fr\/wp-json\/wp\/v2\/product\/33061\/revisions\/33957"}],"wp:featuredmedia":[{"embeddable":true,"href":"https:\/\/franjulia.com\/fr\/wp-json\/wp\/v2\/media\/33062"}],"wp:attachment":[{"href":"https:\/\/franjulia.com\/fr\/wp-json\/wp\/v2\/media?parent=33061"}],"wp:term":[{"taxonomy":"product_brand","embeddable":true,"href":"https:\/\/franjulia.com\/fr\/wp-json\/wp\/v2\/product_brand?post=33061"},{"taxonomy":"product_cat","embeddable":true,"href":"https:\/\/franjulia.com\/fr\/wp-json\/wp\/v2\/product_cat?post=33061"},{"taxonomy":"product_tag","embeddable":true,"href":"https:\/\/franjulia.com\/fr\/wp-json\/wp\/v2\/product_tag?post=33061"}],"curies":[{"name":"wp","href":"https:\/\/api.w.org\/{rel}","templated":true}]}}