{"id":33008,"date":"2024-11-21T13:54:37","date_gmt":"2024-11-21T13:54:37","guid":{"rendered":"https:\/\/franjulia.com\/product\/pochette-pour-passeport\/"},"modified":"2025-04-23T11:50:03","modified_gmt":"2025-04-23T11:50:03","slug":"pochette-pour-passeport","status":"publish","type":"product","link":"https:\/\/franjulia.com\/fr\/produit\/pochette-pour-passeport\/","title":{"rendered":"Pochette pour passeport"},"content":{"rendered":"","protected":false},"excerpt":{"rendered":"<p>Gardez votre passeport en s\u00e9curit\u00e9 et avec style gr\u00e2ce \u00e0 notre porte-passeport en cuir fabriqu\u00e9 \u00e0 la main. Fabriqu\u00e9 en cuir de premi\u00e8re qualit\u00e9, il est con\u00e7u pour prot\u00e9ger vos documents de voyage essentiels tout en d\u00e9gageant une \u00e9l\u00e9gance intemporelle.<\/p>\n<p><strong>*CR\u00c9EZ VOTRE PROPRE PORTE-PASSEPORT. CHOISISSEZ LE CUIR ET LE FIL ! <\/strong><\/p>\n","protected":false},"featured_media":33009,"template":"","meta":{"jetpack_post_was_ever_published":false},"product_brand":[],"product_cat":[156],"product_tag":[],"class_list":{"0":"post-33008","1":"product","2":"type-product","3":"status-publish","4":"has-post-thumbnail","6":"product_cat-accessoires","8":"first","9":"instock","10":"shipping-taxable","11":"purchasable","12":"product-type-variable"},"aioseo_notices":[],"jetpack_sharing_enabled":true,"_links":{"self":[{"href":"https:\/\/franjulia.com\/fr\/wp-json\/wp\/v2\/product\/33008","targetHints":{"allow":["GET"]}}],"collection":[{"href":"https:\/\/franjulia.com\/fr\/wp-json\/wp\/v2\/product"}],"about":[{"href":"https:\/\/franjulia.com\/fr\/wp-json\/wp\/v2\/types\/product"}],"version-history":[{"count":1,"href":"https:\/\/franjulia.com\/fr\/wp-json\/wp\/v2\/product\/33008\/revisions"}],"predecessor-version":[{"id":33961,"href":"https:\/\/franjulia.com\/fr\/wp-json\/wp\/v2\/product\/33008\/revisions\/33961"}],"wp:featuredmedia":[{"embeddable":true,"href":"https:\/\/franjulia.com\/fr\/wp-json\/wp\/v2\/media\/33009"}],"wp:attachment":[{"href":"https:\/\/franjulia.com\/fr\/wp-json\/wp\/v2\/media?parent=33008"}],"wp:term":[{"taxonomy":"product_brand","embeddable":true,"href":"https:\/\/franjulia.com\/fr\/wp-json\/wp\/v2\/product_brand?post=33008"},{"taxonomy":"product_cat","embeddable":true,"href":"https:\/\/franjulia.com\/fr\/wp-json\/wp\/v2\/product_cat?post=33008"},{"taxonomy":"product_tag","embeddable":true,"href":"https:\/\/franjulia.com\/fr\/wp-json\/wp\/v2\/product_tag?post=33008"}],"curies":[{"name":"wp","href":"https:\/\/api.w.org\/{rel}","templated":true}]}}