{"id":32956,"date":"2024-11-21T13:51:28","date_gmt":"2024-11-21T13:51:28","guid":{"rendered":"https:\/\/franjulia.com\/product\/grand-portefeuille\/"},"modified":"2024-11-21T13:51:28","modified_gmt":"2024-11-21T13:51:28","slug":"grand-portefeuille","status":"publish","type":"product","link":"https:\/\/franjulia.com\/fr\/produit\/grand-portefeuille\/","title":{"rendered":"Grand portefeuille"},"content":{"rendered":"","protected":false},"excerpt":{"rendered":"<p class=\"p1\">Le grand portefeuille franjulia est fabriqu\u00e9 avec le plus grand soin. Il est fabriqu\u00e9 en cuir tann\u00e9 v\u00e9g\u00e9tal de haute qualit\u00e9, cousu \u00e0 la main. Il tient confortablement dans la main et permet de ranger t\u00e9l\u00e9phone portable, argent liquide, documents et passeport.  <\/p>\n<p><strong>*CR\u00c9EZ VOTRE PROPRE PORTEFEUILLE. CHOISISSEZ LE CUIR ET LE FIL ! <\/strong><\/p>\n","protected":false},"featured_media":32957,"template":"","meta":{"jetpack_post_was_ever_published":false},"product_brand":[],"product_cat":[156],"product_tag":[],"class_list":{"0":"post-32956","1":"product","2":"type-product","3":"status-publish","4":"has-post-thumbnail","6":"product_cat-accessoires","8":"first","9":"instock","10":"shipping-taxable","11":"purchasable","12":"product-type-variable"},"aioseo_notices":[],"jetpack_sharing_enabled":true,"_links":{"self":[{"href":"https:\/\/franjulia.com\/fr\/wp-json\/wp\/v2\/product\/32956","targetHints":{"allow":["GET"]}}],"collection":[{"href":"https:\/\/franjulia.com\/fr\/wp-json\/wp\/v2\/product"}],"about":[{"href":"https:\/\/franjulia.com\/fr\/wp-json\/wp\/v2\/types\/product"}],"version-history":[{"count":0,"href":"https:\/\/franjulia.com\/fr\/wp-json\/wp\/v2\/product\/32956\/revisions"}],"wp:featuredmedia":[{"embeddable":true,"href":"https:\/\/franjulia.com\/fr\/wp-json\/wp\/v2\/media\/32957"}],"wp:attachment":[{"href":"https:\/\/franjulia.com\/fr\/wp-json\/wp\/v2\/media?parent=32956"}],"wp:term":[{"taxonomy":"product_brand","embeddable":true,"href":"https:\/\/franjulia.com\/fr\/wp-json\/wp\/v2\/product_brand?post=32956"},{"taxonomy":"product_cat","embeddable":true,"href":"https:\/\/franjulia.com\/fr\/wp-json\/wp\/v2\/product_cat?post=32956"},{"taxonomy":"product_tag","embeddable":true,"href":"https:\/\/franjulia.com\/fr\/wp-json\/wp\/v2\/product_tag?post=32956"}],"curies":[{"name":"wp","href":"https:\/\/api.w.org\/{rel}","templated":true}]}}