{"id":33401,"date":"2024-11-27T15:31:36","date_gmt":"2024-11-27T15:31:36","guid":{"rendered":"https:\/\/franjulia.com\/politique-dexpedition\/"},"modified":"2025-04-07T07:48:39","modified_gmt":"2025-04-07T07:48:39","slug":"politique-dexpedition","status":"publish","type":"page","link":"https:\/\/franjulia.com\/fr\/politique-dexpedition\/","title":{"rendered":"Politique d&rsquo;exp\u00e9dition"},"content":{"rendered":"\n<p><strong>Politique d&rsquo;exp\u00e9dition<\/strong><\/p>\n\n<hr class=\"wp-block-separator has-alpha-channel-opacity\"\/>\n\n<h3 class=\"wp-block-heading\">Transporteurs maritimes<\/h3>\n\n<p>Nous travaillons en partenariat avec des transporteurs de confiance pour assurer une livraison fiable et efficace de vos commandes. Nos options d&rsquo;exp\u00e9dition comprennent <\/p>\n\n<ul class=\"wp-block-list\">\n<li><strong>DHL Express<\/strong><\/li>\n\n\n\n<li><strong>FedEx<\/strong><\/li>\n\n\n\n<li><strong>UPS<\/strong><\/li>\n\n\n\n<li><strong>EMS<\/strong> (Express Mail Service by International Post)<\/li>\n<\/ul>\n\n<p>Le transporteur utilis\u00e9 pour votre commande d\u00e9pend de la destination et de la m\u00e9thode d&rsquo;exp\u00e9dition s\u00e9lectionn\u00e9e lors de la commande.<\/p>\n\n<hr class=\"wp-block-separator has-alpha-channel-opacity\"\/>\n\n<h3 class=\"wp-block-heading\">Dur\u00e9e de traitement et d&rsquo;exp\u00e9dition<\/h3>\n\n<p>Nous nous effor\u00e7ons de traiter et d&rsquo;exp\u00e9dier toutes les commandes dans les 5 jours ouvrables suivant l&rsquo;achat. En haute saison ou en cas de circonstances impr\u00e9vues, les d\u00e9lais de traitement peuvent varier. Une fois votre commande exp\u00e9di\u00e9e, vous recevrez un e-mail de confirmation avec les d\u00e9tails de suivi afin que vous puissiez suivre votre livraison.  <\/p>\n\n<hr class=\"wp-block-separator has-alpha-channel-opacity\"\/>\n\n<h3 class=\"wp-block-heading\">Frais d&rsquo;exp\u00e9dition<\/h3>\n\n<p>Les frais d&rsquo;exp\u00e9dition de votre commande seront calcul\u00e9s au moment du paiement en fonction de la destination, du poids du colis et de la m\u00e9thode d&rsquo;exp\u00e9dition choisie. Cela permet de garantir une structure de prix \u00e9quitable et transparente pour toutes les commandes. <\/p>\n\n<hr class=\"wp-block-separator has-alpha-channel-opacity\"\/>\n\n<h3 class=\"wp-block-heading\">Exp\u00e9dition internationale<\/h3>\n\n<p>Toutes les commandes sont exp\u00e9di\u00e9es de Slovaquie vers des destinations dans le monde entier. Veuillez noter que des droits de douane, des taxes ou des frais suppl\u00e9mentaires peuvent s&rsquo;appliquer \u00e0 la livraison. Ces frais sont \u00e0 la charge du client et ne sont pas inclus dans le prix d&rsquo;achat ou les frais d&rsquo;exp\u00e9dition.  <\/p>\n\n<hr class=\"wp-block-separator has-alpha-channel-opacity\"\/>\n\n<h3 class=\"wp-block-heading\">Suivi des commandes<\/h3>\n\n<p>Une fois votre commande exp\u00e9di\u00e9e, vous recevrez un courrier \u00e9lectronique contenant les informations suivantes<\/p>\n\n<ul class=\"wp-block-list\">\n<li>Un num\u00e9ro de suivi<\/li>\n\n\n\n<li>Un lien pour suivre l&rsquo;\u00e9tat de votre livraison en temps r\u00e9el sur le site web du transporteur s\u00e9lectionn\u00e9.<\/li>\n<\/ul>\n\n<hr class=\"wp-block-separator has-alpha-channel-opacity\"\/>\n\n<h3 class=\"wp-block-heading\">Adresse de livraison<\/h3>\n\n<p>Veuillez vous assurer que l&rsquo;adresse de livraison fournie lors de la commande est exacte et compl\u00e8te. Nous ne sommes pas responsables des retards ou des probl\u00e8mes de livraison caus\u00e9s par des adresses incorrectes ou incompl\u00e8tes. <\/p>\n\n<hr class=\"wp-block-separator has-alpha-channel-opacity\"\/>\n\n<h3 class=\"wp-block-heading\">D\u00e9lai de livraison<\/h3>\n\n<p>Les d\u00e9lais de livraison peuvent varier en fonction :<\/p>\n\n<ul class=\"wp-block-list\">\n<li>Le pays ou la r\u00e9gion de destination<\/li>\n\n\n\n<li>Proc\u00e9dures de d\u00e9douanement<\/li>\n\n\n\n<li>Temps de transit sp\u00e9cifiques au transporteur<\/li>\n\n\n\n<li>Circonstances impr\u00e9vues (par exemple, conditions m\u00e9t\u00e9orologiques, catastrophes naturelles)<\/li>\n<\/ul>\n\n<p>Nous nous effor\u00e7ons d&rsquo;assurer une livraison dans les d\u00e9lais, mais nous vous remercions de votre compr\u00e9hension en cas de retard.<\/p>\n\n<hr class=\"wp-block-separator has-alpha-channel-opacity\"\/>\n\n<h3 class=\"wp-block-heading\">Soutien \u00e0 la client\u00e8le<\/h3>\n\n<p>Si vous avez des questions ou des inqui\u00e9tudes concernant l&rsquo;\u00e9tat de votre exp\u00e9dition, veuillez contacter notre service client\u00e8le \u00e0 l&rsquo;adresse suivante :<\/p>\n\n<ul class=\"wp-block-list\">\n<li><strong>Courriel :<\/strong> <strong><a>franjulia.leather@gmail.com<\/a><\/strong><\/li>\n<\/ul>\n\n<hr class=\"wp-block-separator has-alpha-channel-opacity\"\/>\n\n<p><\/p>\n","protected":false},"excerpt":{"rendered":"<p>Politique d&rsquo;exp\u00e9dition Transporteurs maritimes Nous travaillons en partenariat avec des transporteurs de confiance pour assurer une livraison fiable et efficace<\/p>\n","protected":false},"author":1,"featured_media":0,"parent":0,"menu_order":0,"comment_status":"closed","ping_status":"closed","template":"","meta":{"jetpack_post_was_ever_published":false,"footnotes":""},"class_list":["post-33401","page","type-page","status-publish","hentry"],"aioseo_notices":[],"jetpack_sharing_enabled":true,"_links":{"self":[{"href":"https:\/\/franjulia.com\/fr\/wp-json\/wp\/v2\/pages\/33401","targetHints":{"allow":["GET"]}}],"collection":[{"href":"https:\/\/franjulia.com\/fr\/wp-json\/wp\/v2\/pages"}],"about":[{"href":"https:\/\/franjulia.com\/fr\/wp-json\/wp\/v2\/types\/page"}],"author":[{"embeddable":true,"href":"https:\/\/franjulia.com\/fr\/wp-json\/wp\/v2\/users\/1"}],"replies":[{"embeddable":true,"href":"https:\/\/franjulia.com\/fr\/wp-json\/wp\/v2\/comments?post=33401"}],"version-history":[{"count":1,"href":"https:\/\/franjulia.com\/fr\/wp-json\/wp\/v2\/pages\/33401\/revisions"}],"predecessor-version":[{"id":33404,"href":"https:\/\/franjulia.com\/fr\/wp-json\/wp\/v2\/pages\/33401\/revisions\/33404"}],"wp:attachment":[{"href":"https:\/\/franjulia.com\/fr\/wp-json\/wp\/v2\/media?parent=33401"}],"curies":[{"name":"wp","href":"https:\/\/api.w.org\/{rel}","templated":true}]}}