{"id":33394,"date":"2024-11-20T19:12:43","date_gmt":"2024-11-20T19:12:43","guid":{"rendered":"https:\/\/franjulia.com\/materiaux\/"},"modified":"2025-04-16T17:28:48","modified_gmt":"2025-04-16T17:28:48","slug":"materiaux","status":"publish","type":"page","link":"https:\/\/franjulia.com\/fr\/materiaux\/","title":{"rendered":"Mat\u00e9riaux"},"content":{"rendered":"\t\t<div data-elementor-type=\"wp-page\" data-elementor-id=\"33394\" class=\"elementor elementor-33394 elementor-28268\" data-elementor-post-type=\"page\">\n\t\t\t\t<div class=\"wd-negative-gap elementor-element elementor-element-94249c6 e-flex e-con-boxed e-con e-parent\" data-id=\"94249c6\" data-element_type=\"container\" data-e-type=\"container\">\n\t\t\t\t\t<div class=\"e-con-inner\">\n\t\t\t\t<div class=\"elementor-element elementor-element-e2985d2 elementor-widget elementor-widget-heading\" data-id=\"e2985d2\" data-element_type=\"widget\" data-e-type=\"widget\" data-widget_type=\"heading.default\">\n\t\t\t\t<div class=\"elementor-widget-container\">\n\t\t\t\t\t<h2 class=\"elementor-heading-title elementor-size-default\">Cuir italien tann\u00e9 au v\u00e9g\u00e9tal<\/h2>\t\t\t\t<\/div>\n\t\t\t\t<\/div>\n\t\t\t\t<div class=\"elementor-element elementor-element-f4d67d6 elementor-widget elementor-widget-image-gallery\" data-id=\"f4d67d6\" data-element_type=\"widget\" data-e-type=\"widget\" data-widget_type=\"image-gallery.default\">\n\t\t\t\t<div class=\"elementor-widget-container\">\n\t\t\t\t\t\t\t<div class=\"elementor-image-gallery\">\n\t\t\t\n\t\t<style type=\"text\/css\">\n\t\t\t#gallery-9 {\n\t\t\t\tmargin: auto;\n\t\t\t}\n\t\t\t#gallery-9 .gallery-item {\n\t\t\t\tfloat: left;\n\t\t\t\tmargin-top: 10px;\n\t\t\t\ttext-align: center;\n\t\t\t\twidth: 25%;\n\t\t\t}\n\t\t\t#gallery-9 img {\n\t\t\t\tborder: 2px solid #cfcfcf;\n\t\t\t}\n\t\t\t#gallery-9 .gallery-caption {\n\t\t\t\tmargin-left: 0;\n\t\t\t}\n\t\t\t\/* see gallery_shortcode() in wp-includes\/media.php *\/\n\t\t<\/style>\n\t\t<div id='gallery-9' class='gallery galleryid-33394 gallery-columns-4 gallery-size-large'><dl class='gallery-item'>\n\t\t\t<dt class='gallery-icon landscape'>\n\t\t\t\t<a data-elementor-open-lightbox=\"yes\" data-elementor-lightbox-slideshow=\"f4d67d6\" data-elementor-lightbox-title=\"hand stitched card holder\" data-e-action-hash=\"#elementor-action%3Aaction%3Dlightbox%26settings%3DeyJpZCI6MjgzMjEsInVybCI6Imh0dHBzOlwvXC9mcmFuanVsaWEuY29tXC93cC1jb250ZW50XC91cGxvYWRzXC8yMDI0XC8xMVwvaGFuZC1zdGl0Y2hlZC1jYXJkLWhvbGRlci5qcGVnIiwic2xpZGVzaG93IjoiZjRkNjdkNiJ9\" href='https:\/\/franjulia.com\/wp-content\/uploads\/2024\/11\/hand-stitched-card-holder.jpeg'><img loading=\"lazy\" decoding=\"async\" width=\"1200\" height=\"800\" src=\"https:\/\/franjulia.com\/wp-content\/uploads\/2024\/11\/hand-stitched-card-holder-1200x800.jpeg\" class=\"attachment-large size-large\" alt=\"\" srcset=\"https:\/\/franjulia.com\/wp-content\/uploads\/2024\/11\/hand-stitched-card-holder-1200x800.jpeg 1200w, https:\/\/franjulia.com\/wp-content\/uploads\/2024\/11\/hand-stitched-card-holder-430x287.jpeg 430w, https:\/\/franjulia.com\/wp-content\/uploads\/2024\/11\/hand-stitched-card-holder-150x100.jpeg 150w, https:\/\/franjulia.com\/wp-content\/uploads\/2024\/11\/hand-stitched-card-holder-700x467.jpeg 700w, https:\/\/franjulia.com\/wp-content\/uploads\/2024\/11\/hand-stitched-card-holder-400x267.jpeg 400w, https:\/\/franjulia.com\/wp-content\/uploads\/2024\/11\/hand-stitched-card-holder-768x512.jpeg 768w, https:\/\/franjulia.com\/wp-content\/uploads\/2024\/11\/hand-stitched-card-holder.jpeg 1500w\" sizes=\"auto, (max-width: 1200px) 100vw, 1200px\" \/><\/a>\n\t\t\t<\/dt><\/dl><dl class='gallery-item'>\n\t\t\t<dt class='gallery-icon landscape'>\n\t\t\t\t<a data-elementor-open-lightbox=\"yes\" data-elementor-lightbox-slideshow=\"f4d67d6\" data-elementor-lightbox-title=\"big wallet\" data-e-action-hash=\"#elementor-action%3Aaction%3Dlightbox%26settings%3DeyJpZCI6MjgzNDksInVybCI6Imh0dHBzOlwvXC9mcmFuanVsaWEuY29tXC93cC1jb250ZW50XC91cGxvYWRzXC8yMDI0XC8xMVwvYmlnLXdhbGxldC5qcGVnIiwic2xpZGVzaG93IjoiZjRkNjdkNiJ9\" href='https:\/\/franjulia.com\/wp-content\/uploads\/2024\/11\/big-wallet.jpeg'><img loading=\"lazy\" decoding=\"async\" width=\"1200\" height=\"800\" src=\"https:\/\/franjulia.com\/wp-content\/uploads\/2024\/11\/big-wallet-1200x800.jpeg\" class=\"attachment-large size-large\" alt=\"big wallet\" srcset=\"https:\/\/franjulia.com\/wp-content\/uploads\/2024\/11\/big-wallet-1200x800.jpeg 1200w, https:\/\/franjulia.com\/wp-content\/uploads\/2024\/11\/big-wallet-430x287.jpeg 430w, https:\/\/franjulia.com\/wp-content\/uploads\/2024\/11\/big-wallet-150x100.jpeg 150w, https:\/\/franjulia.com\/wp-content\/uploads\/2024\/11\/big-wallet-700x467.jpeg 700w, https:\/\/franjulia.com\/wp-content\/uploads\/2024\/11\/big-wallet-400x267.jpeg 400w, https:\/\/franjulia.com\/wp-content\/uploads\/2024\/11\/big-wallet-768x512.jpeg 768w, https:\/\/franjulia.com\/wp-content\/uploads\/2024\/11\/big-wallet.jpeg 1500w\" sizes=\"auto, (max-width: 1200px) 100vw, 1200px\" \/><\/a>\n\t\t\t<\/dt><\/dl><dl class='gallery-item'>\n\t\t\t<dt class='gallery-icon landscape'>\n\t\t\t\t<a data-elementor-open-lightbox=\"yes\" data-elementor-lightbox-slideshow=\"f4d67d6\" data-elementor-lightbox-title=\"whisky wallet\" data-e-action-hash=\"#elementor-action%3Aaction%3Dlightbox%26settings%3DeyJpZCI6MjgzNTMsInVybCI6Imh0dHBzOlwvXC9mcmFuanVsaWEuY29tXC93cC1jb250ZW50XC91cGxvYWRzXC8yMDI0XC8xMVwvY29nbmFjLXdhbGxldC5qcGVnIiwic2xpZGVzaG93IjoiZjRkNjdkNiJ9\" href='https:\/\/franjulia.com\/wp-content\/uploads\/2024\/11\/cognac-wallet.jpeg'><img loading=\"lazy\" decoding=\"async\" width=\"1200\" height=\"800\" src=\"https:\/\/franjulia.com\/wp-content\/uploads\/2024\/11\/cognac-wallet-1200x800.jpeg\" class=\"attachment-large size-large\" alt=\"whisky wallet\" srcset=\"https:\/\/franjulia.com\/wp-content\/uploads\/2024\/11\/cognac-wallet-1200x800.jpeg 1200w, https:\/\/franjulia.com\/wp-content\/uploads\/2024\/11\/cognac-wallet-430x287.jpeg 430w, https:\/\/franjulia.com\/wp-content\/uploads\/2024\/11\/cognac-wallet-150x100.jpeg 150w, https:\/\/franjulia.com\/wp-content\/uploads\/2024\/11\/cognac-wallet-700x467.jpeg 700w, https:\/\/franjulia.com\/wp-content\/uploads\/2024\/11\/cognac-wallet-400x267.jpeg 400w, https:\/\/franjulia.com\/wp-content\/uploads\/2024\/11\/cognac-wallet-768x512.jpeg 768w, https:\/\/franjulia.com\/wp-content\/uploads\/2024\/11\/cognac-wallet.jpeg 1500w\" sizes=\"auto, (max-width: 1200px) 100vw, 1200px\" \/><\/a>\n\t\t\t<\/dt><\/dl><dl class='gallery-item'>\n\t\t\t<dt class='gallery-icon landscape'>\n\t\t\t\t<a data-elementor-open-lightbox=\"yes\" data-elementor-lightbox-slideshow=\"f4d67d6\" data-elementor-lightbox-title=\"hand stitched big wallet\" data-e-action-hash=\"#elementor-action%3Aaction%3Dlightbox%26settings%3DeyJpZCI6MjgzNTQsInVybCI6Imh0dHBzOlwvXC9mcmFuanVsaWEuY29tXC93cC1jb250ZW50XC91cGxvYWRzXC8yMDI0XC8xMVwvaGFuZC1zdGl0Y2hlZC1iaWctd2FsbGV0LmpwZWciLCJzbGlkZXNob3ciOiJmNGQ2N2Q2In0%3D\" href='https:\/\/franjulia.com\/wp-content\/uploads\/2024\/11\/hand-stitched-big-wallet.jpeg'><img loading=\"lazy\" decoding=\"async\" width=\"1200\" height=\"800\" src=\"https:\/\/franjulia.com\/wp-content\/uploads\/2024\/11\/hand-stitched-big-wallet-1200x800.jpeg\" class=\"attachment-large size-large\" alt=\"hand stiched big wallet\" srcset=\"https:\/\/franjulia.com\/wp-content\/uploads\/2024\/11\/hand-stitched-big-wallet-1200x800.jpeg 1200w, https:\/\/franjulia.com\/wp-content\/uploads\/2024\/11\/hand-stitched-big-wallet-430x287.jpeg 430w, https:\/\/franjulia.com\/wp-content\/uploads\/2024\/11\/hand-stitched-big-wallet-150x100.jpeg 150w, https:\/\/franjulia.com\/wp-content\/uploads\/2024\/11\/hand-stitched-big-wallet-700x467.jpeg 700w, https:\/\/franjulia.com\/wp-content\/uploads\/2024\/11\/hand-stitched-big-wallet-400x267.jpeg 400w, https:\/\/franjulia.com\/wp-content\/uploads\/2024\/11\/hand-stitched-big-wallet-768x512.jpeg 768w, https:\/\/franjulia.com\/wp-content\/uploads\/2024\/11\/hand-stitched-big-wallet.jpeg 1500w\" sizes=\"auto, (max-width: 1200px) 100vw, 1200px\" \/><\/a>\n\t\t\t<\/dt><\/dl><br style=\"clear: both\" \/>\n\t\t<\/div>\n\t\t<\/div>\n\t\t\t\t\t\t<\/div>\n\t\t\t\t<\/div>\n\t\t\t\t<div class=\"elementor-element elementor-element-5878371 elementor-widget elementor-widget-wd_text_block\" data-id=\"5878371\" data-element_type=\"widget\" data-e-type=\"widget\" data-widget_type=\"wd_text_block.default\">\n\t\t\t\t<div class=\"elementor-widget-container\">\n\t\t\t\t\t\t\t<div class=\"wd-text-block reset-last-child text-left\">\n\t\t\t\n\t\t\t<p class=\"p1\">Le cuir italien \u00e0 tannage v\u00e9g\u00e9tal est c\u00e9l\u00e9br\u00e9 dans le monde entier pour sa qualit\u00e9 in\u00e9gal\u00e9e, son savoir-faire et sa durabilit\u00e9. Enracin\u00e9 dans des traditions s\u00e9culaires, ce cuir est produit \u00e0 l'aide de tanins naturels d\u00e9riv\u00e9s de sources v\u00e9g\u00e9tales, telles que l'\u00e9corce, les feuilles et les fruits des arbres. Le processus est lent et m\u00e9ticuleux, ce qui permet d'obtenir un cuir qui non seulement pr\u00e9sente une beaut\u00e9 riche et naturelle, mais qui vieillit gracieusement au fil du temps, d\u00e9veloppant une patine unique qui rehausse son caract\u00e8re.  &nbsp;<\/p><p class=\"p2\">L'art du tannage v\u00e9g\u00e9tal Le processus de tannage v\u00e9g\u00e9tal, perfectionn\u00e9 par des ma\u00eetres artisans en Italie, notamment en Toscane, est une alternative \u00e9cologique aux m\u00e9thodes modernes de tannage chimique. Cette technique ancienne a \u00e9t\u00e9 transmise de g\u00e9n\u00e9ration en g\u00e9n\u00e9ration et prend g\u00e9n\u00e9ralement des semaines, contrairement aux proc\u00e9d\u00e9s chimiques plus rapides. Gr\u00e2ce \u00e0 l'utilisation de tanins naturels, le cuir tann\u00e9 v\u00e9g\u00e9tal est exempt de produits chimiques nocifs tels que le chrome, ce qui le rend plus s\u00fbr pour l'environnement et les personnes qui le travaillent.  <\/p><p class=\"p2\">L'une des caract\u00e9ristiques les plus distinctives du cuir tann\u00e9 v\u00e9g\u00e9tal est sa capacit\u00e9 \u00e0 d\u00e9velopper une riche patine. Expos\u00e9 \u00e0 la lumi\u00e8re du soleil, \u00e0 l'air et au toucher, le cuir s'assombrit et acquiert une belle brillance, ce qui lui conf\u00e8re un attrait intemporel. Aucun article fabriqu\u00e9 \u00e0 partir de ce cuir n'est identique, ce qui rend chaque produit vraiment unique.  <\/p><p class=\"p2\">Le tannage v\u00e9g\u00e9tal est un proc\u00e9d\u00e9 respectueux de l'environnement. Les tanins utilis\u00e9s proviennent de mati\u00e8res renouvelables et les d\u00e9chets g\u00e9n\u00e9r\u00e9s pendant la production sont biod\u00e9gradables. <\/p>\n\t\t\t\t\t<\/div>\n\t\t\t\t\t\t<\/div>\n\t\t\t\t<\/div>\n\t\t\t\t<div class=\"elementor-element elementor-element-368fa83 elementor-widget elementor-widget-spacer\" data-id=\"368fa83\" data-element_type=\"widget\" data-e-type=\"widget\" data-widget_type=\"spacer.default\">\n\t\t\t\t<div class=\"elementor-widget-container\">\n\t\t\t\t\t\t\t<div class=\"elementor-spacer\">\n\t\t\t<div class=\"elementor-spacer-inner\"><\/div>\n\t\t<\/div>\n\t\t\t\t\t\t<\/div>\n\t\t\t\t<\/div>\n\t\t\t\t\t<\/div>\n\t\t\t\t<\/div>\n\t\t<div class=\"wd-negative-gap elementor-element elementor-element-51aaca1 e-flex e-con-boxed e-con e-parent\" data-id=\"51aaca1\" data-element_type=\"container\" data-e-type=\"container\">\n\t\t\t\t\t<div class=\"e-con-inner\">\n\t\t\t\t<div class=\"elementor-element elementor-element-91a3cd5 elementor-widget elementor-widget-heading\" data-id=\"91a3cd5\" data-element_type=\"widget\" data-e-type=\"widget\" data-widget_type=\"heading.default\">\n\t\t\t\t<div class=\"elementor-widget-container\">\n\t\t\t\t\t<h2 class=\"elementor-heading-title elementor-size-default\">Fil<\/h2>\t\t\t\t<\/div>\n\t\t\t\t<\/div>\n\t\t\t\t<div class=\"elementor-element elementor-element-cefbac1 elementor-widget elementor-widget-image-gallery\" data-id=\"cefbac1\" data-element_type=\"widget\" data-e-type=\"widget\" data-widget_type=\"image-gallery.default\">\n\t\t\t\t<div class=\"elementor-widget-container\">\n\t\t\t\t\t\t\t<div class=\"elementor-image-gallery\">\n\t\t\t\n\t\t<style type=\"text\/css\">\n\t\t\t#gallery-10 {\n\t\t\t\tmargin: auto;\n\t\t\t}\n\t\t\t#gallery-10 .gallery-item {\n\t\t\t\tfloat: left;\n\t\t\t\tmargin-top: 10px;\n\t\t\t\ttext-align: center;\n\t\t\t\twidth: 25%;\n\t\t\t}\n\t\t\t#gallery-10 img {\n\t\t\t\tborder: 2px solid #cfcfcf;\n\t\t\t}\n\t\t\t#gallery-10 .gallery-caption {\n\t\t\t\tmargin-left: 0;\n\t\t\t}\n\t\t\t\/* see gallery_shortcode() in wp-includes\/media.php *\/\n\t\t<\/style>\n\t\t<div id='gallery-10' class='gallery galleryid-33394 gallery-columns-4 gallery-size-large'><dl class='gallery-item'>\n\t\t\t<dt class='gallery-icon landscape'>\n\t\t\t\t<a data-elementor-open-lightbox=\"yes\" data-elementor-lightbox-slideshow=\"cefbac1\" data-elementor-lightbox-title=\"thread\" data-e-action-hash=\"#elementor-action%3Aaction%3Dlightbox%26settings%3DeyJpZCI6MjgzMzYsInVybCI6Imh0dHBzOlwvXC9mcmFuanVsaWEuY29tXC93cC1jb250ZW50XC91cGxvYWRzXC8yMDI0XC8xMVwvZG93bmxvYWQtNDQuanBlZyIsInNsaWRlc2hvdyI6ImNlZmJhYzEifQ%3D%3D\" href='https:\/\/franjulia.com\/wp-content\/uploads\/2024\/11\/download-44.jpeg'><img loading=\"lazy\" decoding=\"async\" width=\"1200\" height=\"800\" src=\"https:\/\/franjulia.com\/wp-content\/uploads\/2024\/11\/download-44-1200x800.jpeg\" class=\"attachment-large size-large\" alt=\"thread\" srcset=\"https:\/\/franjulia.com\/wp-content\/uploads\/2024\/11\/download-44-1200x800.jpeg 1200w, https:\/\/franjulia.com\/wp-content\/uploads\/2024\/11\/download-44-430x287.jpeg 430w, https:\/\/franjulia.com\/wp-content\/uploads\/2024\/11\/download-44-150x100.jpeg 150w, https:\/\/franjulia.com\/wp-content\/uploads\/2024\/11\/download-44-700x467.jpeg 700w, https:\/\/franjulia.com\/wp-content\/uploads\/2024\/11\/download-44-400x267.jpeg 400w, https:\/\/franjulia.com\/wp-content\/uploads\/2024\/11\/download-44-768x512.jpeg 768w, https:\/\/franjulia.com\/wp-content\/uploads\/2024\/11\/download-44.jpeg 1500w\" sizes=\"auto, (max-width: 1200px) 100vw, 1200px\" \/><\/a>\n\t\t\t<\/dt><\/dl><dl class='gallery-item'>\n\t\t\t<dt class='gallery-icon landscape'>\n\t\t\t\t<a data-elementor-open-lightbox=\"yes\" data-elementor-lightbox-slideshow=\"cefbac1\" data-elementor-lightbox-title=\"thread\" data-e-action-hash=\"#elementor-action%3Aaction%3Dlightbox%26settings%3DeyJpZCI6MjgzMzcsInVybCI6Imh0dHBzOlwvXC9mcmFuanVsaWEuY29tXC93cC1jb250ZW50XC91cGxvYWRzXC8yMDI0XC8xMVwvZG93bmxvYWQtNDUuanBlZyIsInNsaWRlc2hvdyI6ImNlZmJhYzEifQ%3D%3D\" href='https:\/\/franjulia.com\/wp-content\/uploads\/2024\/11\/download-45.jpeg'><img loading=\"lazy\" decoding=\"async\" width=\"1200\" height=\"800\" src=\"https:\/\/franjulia.com\/wp-content\/uploads\/2024\/11\/download-45-1200x800.jpeg\" class=\"attachment-large size-large\" alt=\"thread\" srcset=\"https:\/\/franjulia.com\/wp-content\/uploads\/2024\/11\/download-45-1200x800.jpeg 1200w, https:\/\/franjulia.com\/wp-content\/uploads\/2024\/11\/download-45-430x287.jpeg 430w, https:\/\/franjulia.com\/wp-content\/uploads\/2024\/11\/download-45-150x100.jpeg 150w, https:\/\/franjulia.com\/wp-content\/uploads\/2024\/11\/download-45-700x467.jpeg 700w, https:\/\/franjulia.com\/wp-content\/uploads\/2024\/11\/download-45-400x267.jpeg 400w, https:\/\/franjulia.com\/wp-content\/uploads\/2024\/11\/download-45-768x512.jpeg 768w, https:\/\/franjulia.com\/wp-content\/uploads\/2024\/11\/download-45.jpeg 1500w\" sizes=\"auto, (max-width: 1200px) 100vw, 1200px\" \/><\/a>\n\t\t\t<\/dt><\/dl><dl class='gallery-item'>\n\t\t\t<dt class='gallery-icon landscape'>\n\t\t\t\t<a data-elementor-open-lightbox=\"yes\" data-elementor-lightbox-slideshow=\"cefbac1\" data-elementor-lightbox-title=\"thread\" data-e-action-hash=\"#elementor-action%3Aaction%3Dlightbox%26settings%3DeyJpZCI6MjgzMzksInVybCI6Imh0dHBzOlwvXC9mcmFuanVsaWEuY29tXC93cC1jb250ZW50XC91cGxvYWRzXC8yMDI0XC8xMVwvZG93bmxvYWQtNDcuanBlZyIsInNsaWRlc2hvdyI6ImNlZmJhYzEifQ%3D%3D\" href='https:\/\/franjulia.com\/wp-content\/uploads\/2024\/11\/download-47.jpeg'><img loading=\"lazy\" decoding=\"async\" width=\"1200\" height=\"800\" src=\"https:\/\/franjulia.com\/wp-content\/uploads\/2024\/11\/download-47-1200x800.jpeg\" class=\"attachment-large size-large\" alt=\"thread\" srcset=\"https:\/\/franjulia.com\/wp-content\/uploads\/2024\/11\/download-47-1200x800.jpeg 1200w, https:\/\/franjulia.com\/wp-content\/uploads\/2024\/11\/download-47-430x287.jpeg 430w, https:\/\/franjulia.com\/wp-content\/uploads\/2024\/11\/download-47-150x100.jpeg 150w, https:\/\/franjulia.com\/wp-content\/uploads\/2024\/11\/download-47-700x467.jpeg 700w, https:\/\/franjulia.com\/wp-content\/uploads\/2024\/11\/download-47-400x267.jpeg 400w, https:\/\/franjulia.com\/wp-content\/uploads\/2024\/11\/download-47-768x512.jpeg 768w, https:\/\/franjulia.com\/wp-content\/uploads\/2024\/11\/download-47.jpeg 1500w\" sizes=\"auto, (max-width: 1200px) 100vw, 1200px\" \/><\/a>\n\t\t\t<\/dt><\/dl><dl class='gallery-item'>\n\t\t\t<dt class='gallery-icon landscape'>\n\t\t\t\t<a data-elementor-open-lightbox=\"yes\" data-elementor-lightbox-slideshow=\"cefbac1\" data-elementor-lightbox-title=\"thread\" data-e-action-hash=\"#elementor-action%3Aaction%3Dlightbox%26settings%3DeyJpZCI6MjgzNDAsInVybCI6Imh0dHBzOlwvXC9mcmFuanVsaWEuY29tXC93cC1jb250ZW50XC91cGxvYWRzXC8yMDI0XC8xMVwvZG93bmxvYWQtNDguanBlZyIsInNsaWRlc2hvdyI6ImNlZmJhYzEifQ%3D%3D\" href='https:\/\/franjulia.com\/wp-content\/uploads\/2024\/11\/download-48.jpeg'><img loading=\"lazy\" decoding=\"async\" width=\"1200\" height=\"800\" src=\"https:\/\/franjulia.com\/wp-content\/uploads\/2024\/11\/download-48-1200x800.jpeg\" class=\"attachment-large size-large\" alt=\"thread\" srcset=\"https:\/\/franjulia.com\/wp-content\/uploads\/2024\/11\/download-48-1200x800.jpeg 1200w, https:\/\/franjulia.com\/wp-content\/uploads\/2024\/11\/download-48-430x287.jpeg 430w, https:\/\/franjulia.com\/wp-content\/uploads\/2024\/11\/download-48-150x100.jpeg 150w, https:\/\/franjulia.com\/wp-content\/uploads\/2024\/11\/download-48-700x467.jpeg 700w, https:\/\/franjulia.com\/wp-content\/uploads\/2024\/11\/download-48-400x267.jpeg 400w, https:\/\/franjulia.com\/wp-content\/uploads\/2024\/11\/download-48-768x512.jpeg 768w, https:\/\/franjulia.com\/wp-content\/uploads\/2024\/11\/download-48.jpeg 1500w\" sizes=\"auto, (max-width: 1200px) 100vw, 1200px\" \/><\/a>\n\t\t\t<\/dt><\/dl><br style=\"clear: both\" \/>\n\t\t<\/div>\n\t\t<\/div>\n\t\t\t\t\t\t<\/div>\n\t\t\t\t<\/div>\n\t\t\t\t<div class=\"elementor-element elementor-element-2c1b20e elementor-widget elementor-widget-wd_text_block\" data-id=\"2c1b20e\" data-element_type=\"widget\" data-e-type=\"widget\" data-widget_type=\"wd_text_block.default\">\n\t\t\t\t<div class=\"elementor-widget-container\">\n\t\t\t\t\t\t\t<div class=\"wd-text-block reset-last-child text-left\">\n\t\t\t\n\t\t\t<p class=\"p1\">Un ajout luxueux \u00e0 l'artisanat du cuir. Le fil Meisi, avec sa qualit\u00e9 exceptionnelle et sa texture d\u00e9licate, offre un \u00e9l\u00e9ment unique et luxueux \u00e0 la maroquinerie. Sa polyvalence et sa beaut\u00e9 en font un choix populaire pour ajouter des d\u00e9tails complexes et des embellissements aux articles en cuir.  <\/p>\n\t\t\t\t\t<\/div>\n\t\t\t\t\t\t<\/div>\n\t\t\t\t<\/div>\n\t\t\t\t\t<\/div>\n\t\t\t\t<\/div>\n\t\t\t\t<\/div>\n\t\t","protected":false},"excerpt":{"rendered":"<p>Cuir italien tann\u00e9 au v\u00e9g\u00e9tal Le cuir italien \u00e0 tannage v\u00e9g\u00e9tal est c\u00e9l\u00e9br\u00e9 dans le monde entier pour sa qualit\u00e9<\/p>\n","protected":false},"author":1,"featured_media":0,"parent":0,"menu_order":0,"comment_status":"closed","ping_status":"closed","template":"","meta":{"jetpack_post_was_ever_published":false,"footnotes":""},"class_list":["post-33394","page","type-page","status-publish","hentry"],"aioseo_notices":[],"jetpack_sharing_enabled":true,"_links":{"self":[{"href":"https:\/\/franjulia.com\/fr\/wp-json\/wp\/v2\/pages\/33394","targetHints":{"allow":["GET"]}}],"collection":[{"href":"https:\/\/franjulia.com\/fr\/wp-json\/wp\/v2\/pages"}],"about":[{"href":"https:\/\/franjulia.com\/fr\/wp-json\/wp\/v2\/types\/page"}],"author":[{"embeddable":true,"href":"https:\/\/franjulia.com\/fr\/wp-json\/wp\/v2\/users\/1"}],"replies":[{"embeddable":true,"href":"https:\/\/franjulia.com\/fr\/wp-json\/wp\/v2\/comments?post=33394"}],"version-history":[{"count":18,"href":"https:\/\/franjulia.com\/fr\/wp-json\/wp\/v2\/pages\/33394\/revisions"}],"predecessor-version":[{"id":33547,"href":"https:\/\/franjulia.com\/fr\/wp-json\/wp\/v2\/pages\/33394\/revisions\/33547"}],"wp:attachment":[{"href":"https:\/\/franjulia.com\/fr\/wp-json\/wp\/v2\/media?parent=33394"}],"curies":[{"name":"wp","href":"https:\/\/api.w.org\/{rel}","templated":true}]}}