{"id":33373,"date":"2021-10-12T15:51:09","date_gmt":"2021-10-12T15:51:09","guid":{"rendered":"https:\/\/franjulia.com\/a-propos-de\/"},"modified":"2025-04-07T07:48:33","modified_gmt":"2025-04-07T07:48:33","slug":"a-propos-de","status":"publish","type":"page","link":"https:\/\/franjulia.com\/fr\/a-propos-de\/","title":{"rendered":"A propos de"},"content":{"rendered":"\t\t<div data-elementor-type=\"wp-page\" data-elementor-id=\"33373\" class=\"elementor elementor-33373 elementor-4400\" data-elementor-post-type=\"page\">\n\t\t\t\t<div class=\"wd-negative-gap elementor-element elementor-element-7c7c544 e-flex e-con-boxed e-con e-parent\" data-id=\"7c7c544\" data-element_type=\"container\" data-e-type=\"container\">\n\t\t\t\t\t<div class=\"e-con-inner\">\n\t\t<div class=\"elementor-element elementor-element-e7cb5cd e-con-full e-flex e-con e-child\" data-id=\"e7cb5cd\" data-element_type=\"container\" data-e-type=\"container\">\n\t\t\t\t<div class=\"elementor-element elementor-element-56aec39 elementor-widget elementor-widget-wd_image_or_svg\" data-id=\"56aec39\" data-element_type=\"widget\" data-e-type=\"widget\" data-widget_type=\"wd_image_or_svg.default\">\n\t\t\t\t<div class=\"elementor-widget-container\">\n\t\t\t\t\t\n\t\t<div class=\"wd-image text-left\">\n\t\t\t\t\t\t\t\t<img loading=\"lazy\" decoding=\"async\" width=\"1500\" height=\"1000\" src=\"https:\/\/franjulia.com\/wp-content\/uploads\/2024\/11\/download-67-1.jpeg\" class=\"attachment-full size-full\" alt=\"Franjulia\" srcset=\"https:\/\/franjulia.com\/wp-content\/uploads\/2024\/11\/download-67-1.jpeg 1500w, https:\/\/franjulia.com\/wp-content\/uploads\/2024\/11\/download-67-1-430x287.jpeg 430w, https:\/\/franjulia.com\/wp-content\/uploads\/2024\/11\/download-67-1-150x100.jpeg 150w, https:\/\/franjulia.com\/wp-content\/uploads\/2024\/11\/download-67-1-700x467.jpeg 700w, https:\/\/franjulia.com\/wp-content\/uploads\/2024\/11\/download-67-1-400x267.jpeg 400w, https:\/\/franjulia.com\/wp-content\/uploads\/2024\/11\/download-67-1-1200x800.jpeg 1200w, https:\/\/franjulia.com\/wp-content\/uploads\/2024\/11\/download-67-1-768x512.jpeg 768w\" sizes=\"auto, (max-width: 1500px) 100vw, 1500px\" \/>\t\t\t\t\t<\/div>\n\n\t\t\t\t\t\t<\/div>\n\t\t\t\t<\/div>\n\t\t\t\t<\/div>\n\t\t<div class=\"elementor-element elementor-element-97d6084 e-con-full e-flex e-con e-child\" data-id=\"97d6084\" data-element_type=\"container\" data-e-type=\"container\">\n\t\t\t\t<div class=\"elementor-element elementor-element-98d830b elementor-widget__width-initial wd-width-100 elementor-widget elementor-widget-wd_title\" data-id=\"98d830b\" data-element_type=\"widget\" data-e-type=\"widget\" data-widget_type=\"wd_title.default\">\n\t\t\t\t<div class=\"elementor-widget-container\">\n\t\t\t\t\t\t\t<div class=\"title-wrapper wd-set-mb reset-last-child wd-title-color-primary wd-title-style-default wd-title-size-large text-left\">\n\n\t\t\t\n\t\t\t<div class=\"liner-continer\">\n\t\t\t\t<h4 class=\"woodmart-title-container title wd-fontsize-xxl\">L'histoire de Franjulia<\/h4> \n\t\t\t\t\t\t\t<\/div>\n\n\t\t\t\t\t\t\t<div class=\"title-after_title reset-last-child wd-fontsize-s\">\n\t\t\t\t\t<p>L'histoire de Franjulia a commenc\u00e9 il y a quatre ans, mais ses racines remontent \u00e0 mon enfance, o\u00f9 les graines de mon amour pour l'artisanat ont \u00e9t\u00e9 plant\u00e9es dans l'atelier de mes grands-parents.<span class=\"Apple-converted-space\"> <\/span><\/p>\t\t\t\t<\/div>\n\t\t\t\t\t<\/div>\n\t\t\t\t\t\t<\/div>\n\t\t\t\t<\/div>\n\t\t\t\t<div class=\"elementor-element elementor-element-66e47ad elementor-widget elementor-widget-wd_text_block\" data-id=\"66e47ad\" data-element_type=\"widget\" data-e-type=\"widget\" data-widget_type=\"wd_text_block.default\">\n\t\t\t\t<div class=\"elementor-widget-container\">\n\t\t\t\t\t\t\t<div class=\"wd-text-block reset-last-child text-left\">\n\t\t\t\n\t\t\t<p class=\"p1\">Mon grand-p\u00e8re \u00e9tait un ma\u00eetre du tour et, d\u00e8s mon plus jeune \u00e2ge, j'ai pass\u00e9 d'innombrables apr\u00e8s-midi dans son atelier, enchant\u00e9 par la magie qu'il pouvait cr\u00e9er de ses deux mains. Ses mains pouvaient transformer du bois brut et informe en objets \u00e9l\u00e9gants qui semblaient prendre vie. Je l'aidais chaque fois que je le pouvais, balayant la sciure, passant les outils et absorbant tranquillement chaque mouvement, chaque geste. Ma grand-m\u00e8re n'\u00e9tait pas moins artiste.   <\/p>\n\t\t\t\t\t<\/div>\n\t\t\t\t\t\t<\/div>\n\t\t\t\t<\/div>\n\t\t\t\t<\/div>\n\t\t\t\t\t<\/div>\n\t\t\t\t<\/div>\n\t\t<div class=\"wd-negative-gap elementor-element elementor-element-de86a87 e-flex e-con-boxed e-con e-parent\" data-id=\"de86a87\" data-element_type=\"container\" data-e-type=\"container\">\n\t\t\t\t\t<div class=\"e-con-inner\">\n\t\t<div class=\"elementor-element elementor-element-8d75fb3 e-con-full e-flex e-con e-child\" data-id=\"8d75fb3\" data-element_type=\"container\" data-e-type=\"container\">\n\t\t\t\t<div class=\"elementor-element elementor-element-d2ad54d elementor-widget elementor-widget-wd_text_block\" data-id=\"d2ad54d\" data-element_type=\"widget\" data-e-type=\"widget\" data-widget_type=\"wd_text_block.default\">\n\t\t\t\t<div class=\"elementor-widget-container\">\n\t\t\t\t\t\t\t<div class=\"wd-text-block reset-last-child text-left\">\n\t\t\t\n\t\t\t<p class=\"p1\">Elle avait un toucher d\u00e9licat avec l'aiguille et c'est elle qui m'a enseign\u00e9 l'art de la broderie. Ses doigts dansaient sur le tissu, cr\u00e9ant des motifs complexes qui parlaient de tradition et de beaut\u00e9.   <br>Comme mon grand-p\u00e8re, elle aimait cr\u00e9er - qu'il s'agisse de couture, de tissage ou de broderie, ses mains \u00e9taient toujours occup\u00e9es \u00e0 une forme d'art. Je m'asseyais \u00e0 c\u00f4t\u00e9 d'elle pour coudre, ressentant un immense sentiment de joie et d'utilit\u00e9 lorsque je cousais mes propres petites cr\u00e9ations. Ces moments de calme avec elle \u00e9taient remplis d'amour, de patience et de la simple joie de faire quelque chose de beau \u00e0 partir de rien.  <\/p><p class=\"p1\">Le nom \"Franjulia\" est n\u00e9 de la gratitude envers eux, mes grands-parents, les piliers de mon enfance, qui m'ont transmis leur passion pour l'artisanat. Je voulais que leur h\u00e9ritage, leur amour pour la cr\u00e9ation de leurs propres mains, se perp\u00e9tue dans tout ce que je fais. Ce n'est qu'il y a cinq ans que j'ai d\u00e9couvert le cuir tann\u00e9 v\u00e9g\u00e9tal pour la premi\u00e8re fois.   <\/p>\n\t\t\t\t\t<\/div>\n\t\t\t\t\t\t<\/div>\n\t\t\t\t<\/div>\n\t\t\t\t<\/div>\n\t\t<div class=\"elementor-element elementor-element-c708712 e-con-full e-flex e-con e-child\" data-id=\"c708712\" data-element_type=\"container\" data-e-type=\"container\">\n\t\t\t\t<div class=\"elementor-element elementor-element-ec03734 wd-width-100 elementor-widget elementor-widget-wd_images_gallery\" data-id=\"ec03734\" data-element_type=\"widget\" data-e-type=\"widget\" data-widget_type=\"wd_images_gallery.default\">\n\t\t\t\t<div class=\"elementor-widget-container\">\n\t\t\t\t\t\t\t<div class=\"wd-images-gallery photoswipe-images\" style=\"--wd-align-items:center; --wd-justify-content:center;\">\n\t\t\t\t\t\t<div class=\"wd-grid-g\" style=\"--wd-col-lg:1;--wd-col-md:1;--wd-col-sm:1;--wd-gap-lg:0px;\" >\n\t\t\t\t\t\t\t\t\t\t\t\t\t\t\t\t\t\t<div class=\"wd-gallery-item wd-col\">\n\t\t\t\t\t\t\t\t\t\t\t\t\t<a  href=\"https:\/\/franjulia.com\/wp-content\/uploads\/2024\/11\/download-54.jpeg\" data-width=\"1500\" data-height=\"1000\" data-index=\"1\" data-elementor-open-lightbox=\"no\">\n\t\t\t\t\t\t\n\t\t\t\t\t\t<img loading=\"lazy\" decoding=\"async\" width=\"1200\" height=\"800\" src=\"https:\/\/franjulia.com\/wp-content\/uploads\/2024\/11\/download-54-1200x800.jpeg\" class=\"attachment-large size-large\" alt=\"leather workshop\" srcset=\"https:\/\/franjulia.com\/wp-content\/uploads\/2024\/11\/download-54-1200x800.jpeg 1200w, https:\/\/franjulia.com\/wp-content\/uploads\/2024\/11\/download-54-430x287.jpeg 430w, https:\/\/franjulia.com\/wp-content\/uploads\/2024\/11\/download-54-150x100.jpeg 150w, https:\/\/franjulia.com\/wp-content\/uploads\/2024\/11\/download-54-700x467.jpeg 700w, https:\/\/franjulia.com\/wp-content\/uploads\/2024\/11\/download-54-400x267.jpeg 400w, https:\/\/franjulia.com\/wp-content\/uploads\/2024\/11\/download-54-768x512.jpeg 768w, https:\/\/franjulia.com\/wp-content\/uploads\/2024\/11\/download-54.jpeg 1500w\" sizes=\"auto, (max-width: 1200px) 100vw, 1200px\" \/>\n\t\t\t\t\t\t\t\t\t\t\t\t\t<\/a>\n\t\t\t\t\t\t\t\t\t\t\t<\/div>\n\t\t\t\t\t\t\t\t\t\t\t\t\t<\/div>\n\t\t\t\t\t<\/div>\n\t\t\t\t\t\t<\/div>\n\t\t\t\t<\/div>\n\t\t\t\t<\/div>\n\t\t\t\t\t<\/div>\n\t\t\t\t<\/div>\n\t\t<div class=\"wd-negative-gap elementor-element elementor-element-7b3557d e-flex e-con-boxed e-con e-parent\" data-id=\"7b3557d\" data-element_type=\"container\" data-e-type=\"container\">\n\t\t\t\t\t<div class=\"e-con-inner\">\n\t\t\t\t<div class=\"elementor-element elementor-element-9f5da06 elementor-widget elementor-widget-wd_text_block\" data-id=\"9f5da06\" data-element_type=\"widget\" data-e-type=\"widget\" data-widget_type=\"wd_text_block.default\">\n\t\t\t\t<div class=\"elementor-widget-container\">\n\t\t\t\t\t\t\t<div class=\"wd-text-block reset-last-child text-left\">\n\t\t\t\n\t\t\t<p class=\"p1\">L'odeur - riche et terreuse - a \u00e9veill\u00e9 quelque chose de profond en moi, \u00e9voquant le m\u00eame sentiment d'\u00e9merveillement que j'ai ressenti dans l'atelier de mon grand-p\u00e8re. J'ai eu le coup de foudre pour le parfum, mais plus encore, je suis tomb\u00e9e amoureuse de la mati\u00e8re elle-m\u00eame. Le cuir, comme le bois, est intemporel. Il porte en lui des histoires, vieillissant gracieusement avec chaque marque, chaque pli, t\u00e9moignage de la vie qu'il a v\u00e9cue. J'ai \u00e9t\u00e9 attir\u00e9e par la maroquinerie non seulement pour sa beaut\u00e9, mais aussi pour la pr\u00e9cision qu'elle exigeait. Beaucoup de gens ne se rendent pas compte du niveau de soin et de patience requis pour cr\u00e9er un objet en cuir. Chaque coupe, chaque point doit \u00eatre exact. Un glissement de lame, un moment d'inattention, et vous risquez d'ab\u00eemer toute la pi\u00e8ce, ce qui vous obligera \u00e0 tout recommencer depuis le d\u00e9but. C'est un art qui demande de la concentration et du d\u00e9vouement, des qualit\u00e9s que mes grands-parents m'ont inculqu\u00e9es d\u00e8s mon plus jeune \u00e2ge. Il n'y a aucune partie du travail du cuir que je n'aime pas.           <\/p><p>De la s\u00e9lection de la peau parfaite \u00e0 la couture \u00e0 la main des derniers d\u00e9tails, chaque \u00e9tape ressemble \u00e0 une conversation avec la mati\u00e8re. C'est un m\u00e9tier qui vous apprend la patience, le respect et une profonde appr\u00e9ciation de la beaut\u00e9 de l'imperfection. Le cuir, comme la vie, n'est pas cens\u00e9 \u00eatre parfait. Son charme r\u00e9side dans les marques uniques, les signes du temps et de l'utilisation, qui font de chaque pi\u00e8ce une pi\u00e8ce unique. Aujourd'hui, quatre ans apr\u00e8s la cr\u00e9ation de Franjulia, je porte l'h\u00e9ritage de mes grands-parents dans chaque produit que je cr\u00e9e. Mes mains, comme les leurs, fa\u00e7onnent et moulent, piquent et cousent, transformant des mat\u00e9riaux simples en tr\u00e9sors durables. Chaque portefeuille que je fabrique raconte une histoire - celle de la tradition, <br>de l'amour, de la beaut\u00e9 intemporelle qui peut \u00eatre faite \u00e0 deux mains. Franjulia est plus qu'une marque ; c'est un hommage \u00e0 l'art de l'artisanat, transmis de g\u00e9n\u00e9ration en g\u00e9n\u00e9ration. Elle nous rappelle que la v\u00e9ritable beaut\u00e9 ne r\u00e9side pas dans la perfection, mais dans le soin, l'attention et l'amour apport\u00e9s \u00e0 chaque cr\u00e9ation.          <br>Et avec chaque pi\u00e8ce, j'honore la m\u00e9moire des deux personnes qui m'ont appris \u00e0 cr\u00e9er, \u00e0 aimer et \u00e0 vivre avec mes mains et mon c\u0153ur pleinement engag\u00e9s dans le travail que je fais.<\/p>\n\t\t\t\t\t<\/div>\n\t\t\t\t\t\t<\/div>\n\t\t\t\t<\/div>\n\t\t\t\t<div class=\"elementor-element elementor-element-100b28e elementor-widget elementor-widget-spacer\" data-id=\"100b28e\" data-element_type=\"widget\" data-e-type=\"widget\" data-widget_type=\"spacer.default\">\n\t\t\t\t<div class=\"elementor-widget-container\">\n\t\t\t\t\t\t\t<div class=\"elementor-spacer\">\n\t\t\t<div class=\"elementor-spacer-inner\"><\/div>\n\t\t<\/div>\n\t\t\t\t\t\t<\/div>\n\t\t\t\t<\/div>\n\t\t\t\t\t<\/div>\n\t\t\t\t<\/div>\n\t\t<div class=\"wd-negative-gap elementor-element elementor-element-f168c0a e-flex e-con-boxed e-con e-parent\" data-id=\"f168c0a\" data-element_type=\"container\" data-e-type=\"container\">\n\t\t\t\t\t<div class=\"e-con-inner\">\n\t\t<div class=\"elementor-element elementor-element-5642404 e-con-full e-flex e-con e-child\" data-id=\"5642404\" data-element_type=\"container\" data-e-type=\"container\">\n\t\t\t\t<div class=\"elementor-element elementor-element-6cf5219 wd-width-100 elementor-widget elementor-widget-wd_video\" data-id=\"6cf5219\" data-element_type=\"widget\" data-e-type=\"widget\" data-widget_type=\"wd_video.default\">\n\t\t\t\t<div class=\"elementor-widget-container\">\n\t\t\t\t\t\n\t\t<div class=\"wd-el-video wd-action-overlay wd-video-youtube wd-with-aspect-ratio wd-lightbox\">\n\t\t\t\n\t\t\t\n\t\t\t\n\t\t\t\t\t\t\t<div class=\"wd-el-video-overlay wd-fill\">\n\t\t\t\t\t<img loading=\"lazy\" decoding=\"async\" width=\"1500\" height=\"1000\" src=\"https:\/\/franjulia.com\/wp-content\/uploads\/2024\/11\/leather-camel-wallet.jpeg\" class=\"attachment-full size-full\" alt=\"\" srcset=\"https:\/\/franjulia.com\/wp-content\/uploads\/2024\/11\/leather-camel-wallet.jpeg 1500w, https:\/\/franjulia.com\/wp-content\/uploads\/2024\/11\/leather-camel-wallet-430x287.jpeg 430w, https:\/\/franjulia.com\/wp-content\/uploads\/2024\/11\/leather-camel-wallet-150x100.jpeg 150w, https:\/\/franjulia.com\/wp-content\/uploads\/2024\/11\/leather-camel-wallet-700x467.jpeg 700w, https:\/\/franjulia.com\/wp-content\/uploads\/2024\/11\/leather-camel-wallet-400x267.jpeg 400w, https:\/\/franjulia.com\/wp-content\/uploads\/2024\/11\/leather-camel-wallet-1200x800.jpeg 1200w, https:\/\/franjulia.com\/wp-content\/uploads\/2024\/11\/leather-camel-wallet-768x512.jpeg 768w\" sizes=\"auto, (max-width: 1500px) 100vw, 1500px\" \/>\t\t\t\t<\/div>\n\t\t\t\t<div class=\"wd-el-video-control color-scheme-light wd-fill\">\n\t\t\t\t\t<span class=\"wd-el-video-play-btn\"><\/span>\n\t\t\t\t\t\t\t\t\t<\/div>\n\n\t\t\t\t<a class=\"wd-el-video-link wd-el-video-btn-overlay wd-fill wd-el-video-lightbox\" href=\"https:\/\/www.youtube.com\/watch?v=DutBb8ligWw\" aria-label=\"Play video\"><\/a>\n\t\t\t\t\t<\/div>\n\t\t\t\t\t\t<\/div>\n\t\t\t\t<\/div>\n\t\t\t\t<\/div>\n\t\t<div class=\"elementor-element elementor-element-b67633c e-con-full e-flex e-con e-child\" data-id=\"b67633c\" data-element_type=\"container\" data-e-type=\"container\">\n\t\t\t\t<div class=\"elementor-element elementor-element-fbc0b44 wd-width-100 elementor-widget elementor-widget-wd_video\" data-id=\"fbc0b44\" data-element_type=\"widget\" data-e-type=\"widget\" data-widget_type=\"wd_video.default\">\n\t\t\t\t<div class=\"elementor-widget-container\">\n\t\t\t\t\t\n\t\t<div class=\"wd-el-video wd-action-overlay wd-video-youtube wd-with-aspect-ratio wd-lightbox\">\n\t\t\t\n\t\t\t\n\t\t\t\n\t\t\t\t\t\t\t<div class=\"wd-el-video-overlay wd-fill\">\n\t\t\t\t\t<img loading=\"lazy\" decoding=\"async\" width=\"1500\" height=\"1000\" src=\"https:\/\/franjulia.com\/wp-content\/uploads\/2024\/11\/download-52.jpeg\" class=\"attachment-full size-full\" alt=\"leather workshop\" srcset=\"https:\/\/franjulia.com\/wp-content\/uploads\/2024\/11\/download-52.jpeg 1500w, https:\/\/franjulia.com\/wp-content\/uploads\/2024\/11\/download-52-430x287.jpeg 430w, https:\/\/franjulia.com\/wp-content\/uploads\/2024\/11\/download-52-150x100.jpeg 150w, https:\/\/franjulia.com\/wp-content\/uploads\/2024\/11\/download-52-700x467.jpeg 700w, https:\/\/franjulia.com\/wp-content\/uploads\/2024\/11\/download-52-400x267.jpeg 400w, https:\/\/franjulia.com\/wp-content\/uploads\/2024\/11\/download-52-1200x800.jpeg 1200w, https:\/\/franjulia.com\/wp-content\/uploads\/2024\/11\/download-52-768x512.jpeg 768w\" sizes=\"auto, (max-width: 1500px) 100vw, 1500px\" \/>\t\t\t\t<\/div>\n\t\t\t\t<div class=\"wd-el-video-control color-scheme-light wd-fill\">\n\t\t\t\t\t<span class=\"wd-el-video-play-btn\"><\/span>\n\t\t\t\t\t\t\t\t\t<\/div>\n\n\t\t\t\t<a class=\"wd-el-video-link wd-el-video-btn-overlay wd-fill wd-el-video-lightbox\" href=\"https:\/\/www.youtube.com\/watch?v=u0lt9CmvQW8\" aria-label=\"Play video\"><\/a>\n\t\t\t\t\t<\/div>\n\t\t\t\t\t\t<\/div>\n\t\t\t\t<\/div>\n\t\t\t\t<\/div>\n\t\t\t\t\t<\/div>\n\t\t\t\t<\/div>\n\t\t\t\t<\/div>\n\t\t","protected":false},"excerpt":{"rendered":"<p>L&rsquo;histoire de Franjulia L&rsquo;histoire de Franjulia a commenc\u00e9 il y a quatre ans, mais ses racines remontent \u00e0 mon enfance,<\/p>\n","protected":false},"author":1,"featured_media":0,"parent":0,"menu_order":0,"comment_status":"closed","ping_status":"closed","template":"","meta":{"jetpack_post_was_ever_published":false,"footnotes":""},"class_list":["post-33373","page","type-page","status-publish","hentry"],"aioseo_notices":[],"jetpack_sharing_enabled":true,"_links":{"self":[{"href":"https:\/\/franjulia.com\/fr\/wp-json\/wp\/v2\/pages\/33373","targetHints":{"allow":["GET"]}}],"collection":[{"href":"https:\/\/franjulia.com\/fr\/wp-json\/wp\/v2\/pages"}],"about":[{"href":"https:\/\/franjulia.com\/fr\/wp-json\/wp\/v2\/types\/page"}],"author":[{"embeddable":true,"href":"https:\/\/franjulia.com\/fr\/wp-json\/wp\/v2\/users\/1"}],"replies":[{"embeddable":true,"href":"https:\/\/franjulia.com\/fr\/wp-json\/wp\/v2\/comments?post=33373"}],"version-history":[{"count":1,"href":"https:\/\/franjulia.com\/fr\/wp-json\/wp\/v2\/pages\/33373\/revisions"}],"predecessor-version":[{"id":33376,"href":"https:\/\/franjulia.com\/fr\/wp-json\/wp\/v2\/pages\/33373\/revisions\/33376"}],"wp:attachment":[{"href":"https:\/\/franjulia.com\/fr\/wp-json\/wp\/v2\/media?parent=33373"}],"curies":[{"name":"wp","href":"https:\/\/api.w.org\/{rel}","templated":true}]}}